{"id":11980,"date":"2026-01-27T18:32:30","date_gmt":"2026-01-27T16:32:30","guid":{"rendered":"https:\/\/aa.org.lv\/?page_id=11980"},"modified":"2026-01-28T18:34:13","modified_gmt":"2026-01-28T16:34:13","slug":"%d0%b4%d0%bb%d1%8f-%d1%81%d0%bc%d0%b8","status":"publish","type":"page","link":"https:\/\/aa.org.lv\/lv\/ru\/%d0%b4%d0%bb%d1%8f-%d1%81%d0%bc%d0%b8\/","title":{"rendered":"\u0414\u043b\u044f \u0421\u041c\u0418"},"content":{"rendered":"<div data-elementor-type=\"wp-page\" data-elementor-id=\"11980\" class=\"elementor elementor-11980\" data-elementor-post-type=\"page\">\n\t\t\t\t\t\t<section class=\"elementor-section elementor-top-section elementor-element elementor-element-8e63ac7 elementor-section-boxed elementor-section-height-default elementor-section-height-default\" data-id=\"8e63ac7\" data-element_type=\"section\">\n\t\t\t\t\t\t<div class=\"elementor-container elementor-column-gap-default\">\n\t\t\t\t\t<div class=\"elementor-column elementor-col-100 elementor-top-column elementor-element elementor-element-7c58b7b\" data-id=\"7c58b7b\" data-element_type=\"column\">\n\t\t\t<div class=\"elementor-widget-wrap elementor-element-populated\">\n\t\t\t\t\t\t<div class=\"elementor-element elementor-element-abb93ee elementor-widget elementor-widget-heading\" data-id=\"abb93ee\" data-element_type=\"widget\" data-widget_type=\"heading.default\">\n\t\t\t\t<div class=\"elementor-widget-container\">\n\t\t\t\t\t<h2 class=\"elementor-heading-title elementor-size-default\">\u0414\u043b\u044f \u0421\u041c\u0418<\/h2>\t\t\t\t<\/div>\n\t\t\t\t<\/div>\n\t\t\t\t<div class=\"elementor-element elementor-element-e510295 elementor-widget elementor-widget-text-editor\" data-id=\"e510295\" data-element_type=\"widget\" data-widget_type=\"text-editor.default\">\n\t\t\t\t<div class=\"elementor-widget-container\">\n\t\t\t\t\t\t\t\t\t<p>\u041f\u043e\u0447\u0435\u043c\u0443 \u043c\u044b \u0430\u043d\u043e\u043d\u0438\u043c\u043d\u044b?<\/p><p>\u041f\u0440\u0438\u043d\u0446\u0438\u043f \u0430\u043d\u043e\u043d\u0438\u043c\u043d\u043e\u0441\u0442\u0438 \u0437\u0430\u0449\u0438\u0449\u0430\u043b \u043d\u0430\u0448\u0435 \u0441\u043e\u043e\u0431\u0449\u0435\u0441\u0442\u0432\u043e \u043d\u0430 \u043f\u0440\u043e\u0442\u044f\u0436\u0435\u043d\u0438\u0438 \u0432\u0441\u0435\u0439 \u0435\u0433\u043e \u0438\u0441\u0442\u043e\u0440\u0438\u0438.<br>\u041c\u044b \u0437\u043d\u0430\u0435\u043c, \u043a\u0430\u043a \u0442\u0440\u0443\u0434\u043d\u043e \u0431\u044b\u0432\u0430\u0435\u0442 \u043f\u0440\u0438\u0437\u043d\u0430\u0442\u044c \u0441\u0432\u043e\u044e \u043f\u0440\u043e\u0431\u043b\u0435\u043c\u0443. \u0421\u0442\u0440\u0430\u0445 \u043f\u0443\u0431\u043b\u0438\u0447\u043d\u043e\u0433\u043e \u043e\u0441\u0443\u0436\u0434\u0435\u043d\u0438\u044f \u043c\u043e\u0436\u0435\u0442 \u0443\u0434\u0435\u0440\u0436\u0438\u0432\u0430\u0442\u044c \u0447\u0435\u043b\u043e\u0432\u0435\u043a\u0430 \u043e\u0442 \u0442\u043e\u0433\u043e, \u0447\u0442\u043e\u0431\u044b \u043e\u0431\u0440\u0430\u0442\u0438\u0442\u044c\u0441\u044f \u0437\u0430 \u043f\u043e\u043c\u043e\u0449\u044c\u044e.<\/p><p>\u041d\u0435\u0437\u0430\u0432\u0438\u0441\u0438\u043c\u043e \u043e\u0442 \u0442\u043e\u0433\u043e, \u0441\u043e\u043f\u0440\u043e\u0432\u043e\u0436\u0434\u0430\u0435\u0442\u0441\u044f \u043b\u0438 \u043d\u0430\u0448\u0430 \u0436\u0438\u0437\u043d\u044c \u043e\u0431\u0449\u0435\u0441\u0442\u0432\u0435\u043d\u043d\u044b\u043c \u0443\u0441\u043f\u0435\u0445\u043e\u043c \u0438\u043b\u0438 \u0443\u043d\u0438\u0437\u0438\u0442\u0435\u043b\u044c\u043d\u044b\u043c\u0438 \u0441\u043a\u0430\u043d\u0434\u0430\u043b\u0430\u043c\u0438, \u043f\u0440\u0438\u043d\u0446\u0438\u043f \u0430\u043d\u043e\u043d\u0438\u043c\u043d\u043e\u0441\u0442\u0438 \u0433\u0430\u0440\u0430\u043d\u0442\u0438\u0440\u0443\u0435\u0442 \u0440\u0430\u0432\u0435\u043d\u0441\u0442\u0432\u043e \u043f\u0435\u0440\u0435\u0434 \u0430\u043b\u043a\u043e\u0433\u043e\u043b\u0438\u0437\u043c\u043e\u043c. \u041c\u044b \u0435\u0441\u0442\u044c \u0438 \u043e\u0441\u0442\u0430\u0435\u043c\u0441\u044f \u043b\u044e\u0434\u044c\u043c\u0438, \u0443 \u043a\u043e\u0442\u043e\u0440\u044b\u0445 \u0431\u044b\u043b\u0438 \u043f\u0440\u043e\u0431\u043b\u0435\u043c\u044b \u0441 \u0430\u043b\u043a\u043e\u0433\u043e\u043b\u0435\u043c \u2013 \u043d\u0435\u0437\u0430\u0432\u0438\u0441\u0438\u043c\u043e \u043e\u0442 \u043c\u0430\u0442\u0435\u0440\u0438\u0430\u043b\u044c\u043d\u043e\u0433\u043e \u043f\u043e\u043b\u043e\u0436\u0435\u043d\u0438\u044f, \u0441\u043e\u0446\u0438\u0430\u043b\u044c\u043d\u043e\u0433\u043e \u0441\u0442\u0430\u0442\u0443\u0441\u0430 \u0438\u043b\u0438 \u043a\u0443\u043b\u044c\u0442\u0443\u0440\u043d\u044b\u0445 \u0440\u0430\u0437\u043b\u0438\u0447\u0438\u0439.<\/p><p>\u0422\u0430\u043a\u0436\u0435 \u043c\u044b \u0441\u0447\u0438\u0442\u0430\u0435\u043c, \u0447\u0442\u043e \u043d\u0435 \u0434\u043e\u043b\u0436\u043d\u044b \u0437\u0430\u043d\u0438\u043c\u0430\u0442\u044c\u0441\u044f \u0441\u0430\u043c\u043e\u0440\u0435\u043a\u043b\u0430\u043c\u043e\u0439. \u041c\u044b \u043d\u0435 \u0434\u0443\u043c\u0430\u0435\u043c, \u0447\u0442\u043e \u043b\u0443\u0447\u0448\u0435 \u0434\u0440\u0443\u0433\u0438\u0445 \u0438\u043b\u0438 \u0447\u0442\u043e \u0432 \u043d\u0430\u0448\u0435\u043c \u0440\u0430\u0441\u043f\u043e\u0440\u044f\u0436\u0435\u043d\u0438\u0438 \u0435\u0434\u0438\u043d\u0441\u0442\u0432\u0435\u043d\u043d\u043e\u0435 \u0440\u0435\u0448\u0435\u043d\u0438\u0435 \u043f\u0440\u043e\u0431\u043b\u0435\u043c\u044b \u0430\u043b\u043a\u043e\u0433\u043e\u043b\u0438\u0437\u043c\u0430. \u041d\u0430\u043c \u0433\u043e\u0440\u0430\u0437\u0434\u043e \u043f\u0440\u0438\u044f\u0442\u043d\u0435\u0435, \u043a\u043e\u0433\u0434\u0430 \u043d\u0430\u0441 \u0440\u0435\u043a\u043e\u043c\u0435\u043d\u0434\u0443\u044e\u0442 \u043d\u0430\u0448\u0438 \u0434\u0440\u0443\u0437\u044c\u044f, \u043a\u043e\u0442\u043e\u0440\u044b\u0435 \u0441\u0430\u043c\u0438 \u043d\u0435 \u044f\u0432\u043b\u044f\u044e\u0442\u0441\u044f \u0430\u043b\u043a\u043e\u0433\u043e\u043b\u0438\u043a\u0430\u043c\u0438.<\/p><p>\u0418\u043c\u0435\u043d\u043d\u043e \u043f\u043e\u044d\u0442\u043e\u043c\u0443 \u043c\u044b \u043e\u0445\u043e\u0442\u043d\u043e \u0441\u043e\u0442\u0440\u0443\u0434\u043d\u0438\u0447\u0430\u0435\u043c \u0441 \u043f\u0440\u0435\u0434\u0441\u0442\u0430\u0432\u0438\u0442\u0435\u043b\u044f\u043c\u0438 \u0421\u041c\u0418: \u0434\u0435\u043b\u0438\u043c\u0441\u044f \u0441\u0432\u043e\u0438\u043c \u043e\u043f\u044b\u0442\u043e\u043c, \u043e\u0442\u0432\u0435\u0447\u0430\u0435\u043c \u043d\u0430 \u0432\u043e\u043f\u0440\u043e\u0441\u044b, \u0443\u0447\u0430\u0441\u0442\u0432\u0443\u0435\u043c \u0432 \u043f\u0435\u0440\u0435\u0434\u0430\u0447\u0430\u0445 \u0438 \u044d\u0444\u0438\u0440\u0430\u0445 \u2013 \u043f\u0440\u0438 \u0443\u0441\u043b\u043e\u0432\u0438\u0438, \u0447\u0442\u043e \u043d\u0430\u0448\u0438 \u043b\u0438\u0446\u0430 \u0438 \u0444\u0430\u043c\u0438\u043b\u0438\u0438 \u043d\u0435 \u0431\u0443\u0434\u0443\u0442 \u043e\u0431\u043d\u0430\u0440\u043e\u0434\u043e\u0432\u0430\u043d\u044b. \u0422\u0430\u043a\u0438\u043c \u043e\u0431\u0440\u0430\u0437\u043e\u043c \u043c\u044b \u043d\u0430\u0434\u0435\u0435\u043c\u0441\u044f, \u0447\u0442\u043e \u0438\u043c\u0435\u043d\u043d\u043e \u043d\u0430\u0448 \u043e\u043f\u044b\u0442, \u0430 \u043d\u0435 \u043f\u0443\u0431\u043b\u0438\u0447\u043d\u044b\u0435 \u043b\u0438\u0447\u043d\u043e\u0441\u0442\u0438, \u043f\u043e\u0431\u0443\u0434\u0438\u0442 \u0434\u0440\u0443\u0433\u0438\u0445 \u0438\u0441\u043a\u0430\u0442\u044c \u043f\u043e\u043c\u043e\u0449\u044c.<\/p><p>\u0427\u0442\u043e\u0431\u044b \u0443\u0437\u043d\u0430\u0442\u044c \u0431\u043e\u043b\u044c\u0448\u0435 \u043e\u0431 \u0410\u0410, \u043f\u043e\u0436\u0430\u043b\u0443\u0439\u0441\u0442\u0430, \u0441\u0432\u044f\u0436\u0438\u0442\u0435\u0441\u044c \u0441 \u043d\u0430\u0448\u0438\u043c \u043e\u0444\u0438\u0441\u043e\u043c:<\/p>\t\t\t\t\t\t\t\t<\/div>\n\t\t\t\t<\/div>\n\t\t\t\t<div class=\"elementor-element elementor-element-88a639f elementor-widget__width-initial elementor-widget elementor-widget-text-editor\" data-id=\"88a639f\" data-element_type=\"widget\" data-widget_type=\"text-editor.default\">\n\t\t\t\t<div class=\"elementor-widget-container\">\n\t\t\t\t\t\t\t\t\t<p style=\"text-align: center;\">ANON\u012aMO ALKOHOLI\u0136U BIROJS<br \/>Bru\u0146inieku iel\u0101 29\/31, R\u012bg\u0101 T\u0101lrunis: <strong>27092786<\/strong><br \/>Epasts: <a href=\"mailto:birojs@aa.org.lv\">birojs@aa.org.lv<\/a><\/p>\t\t\t\t\t\t\t\t<\/div>\n\t\t\t\t<\/div>\n\t\t\t\t\t<\/div>\n\t\t<\/div>\n\t\t\t\t\t<\/div>\n\t\t<\/section>\n\t\t\t\t<\/div>","protected":false},"excerpt":{"rendered":"<p>\u0414\u043b\u044f \u0421\u041c\u0418 \u041f\u043e\u0447\u0435\u043c\u0443 \u043c\u044b \u0430\u043d\u043e\u043d\u0438\u043c\u043d\u044b? \u041f\u0440\u0438\u043d\u0446\u0438\u043f \u0430\u043d\u043e\u043d\u0438\u043c\u043d\u043e\u0441\u0442\u0438 \u0437\u0430\u0449\u0438\u0449\u0430\u043b \u043d\u0430\u0448\u0435 \u0441\u043e\u043e\u0431\u0449\u0435\u0441\u0442\u0432\u043e \u043d\u0430 \u043f\u0440\u043e\u0442\u044f\u0436\u0435\u043d\u0438\u0438 \u0432\u0441\u0435\u0439 \u0435\u0433\u043e \u0438\u0441\u0442\u043e\u0440\u0438\u0438.\u041c\u044b \u0437\u043d\u0430\u0435\u043c, \u043a\u0430\u043a \u0442\u0440\u0443\u0434\u043d\u043e \u0431\u044b\u0432\u0430\u0435\u0442 \u043f\u0440\u0438\u0437\u043d\u0430\u0442\u044c \u0441\u0432\u043e\u044e \u043f\u0440\u043e\u0431\u043b\u0435\u043c\u0443. \u0421\u0442\u0440\u0430\u0445 \u043f\u0443\u0431\u043b\u0438\u0447\u043d\u043e\u0433\u043e \u043e\u0441\u0443\u0436\u0434\u0435\u043d\u0438\u044f \u043c\u043e\u0436\u0435\u0442 \u0443\u0434\u0435\u0440\u0436\u0438\u0432\u0430\u0442\u044c \u0447\u0435\u043b\u043e\u0432\u0435\u043a\u0430 \u043e\u0442 \u0442\u043e\u0433\u043e, \u0447\u0442\u043e\u0431\u044b \u043e\u0431\u0440\u0430\u0442\u0438\u0442\u044c\u0441\u044f \u0437\u0430 \u043f\u043e\u043c\u043e\u0449\u044c\u044e. \u041d\u0435\u0437\u0430\u0432\u0438\u0441\u0438\u043c\u043e \u043e\u0442 \u0442\u043e\u0433\u043e, \u0441\u043e\u043f\u0440\u043e\u0432\u043e\u0436\u0434\u0430\u0435\u0442\u0441\u044f \u043b\u0438 \u043d\u0430\u0448\u0430 \u0436\u0438\u0437\u043d\u044c \u043e\u0431\u0449\u0435\u0441\u0442\u0432\u0435\u043d\u043d\u044b\u043c \u0443\u0441\u043f\u0435\u0445\u043e\u043c \u0438\u043b\u0438 \u0443\u043d\u0438\u0437\u0438\u0442\u0435\u043b\u044c\u043d\u044b\u043c\u0438 \u0441\u043a\u0430\u043d\u0434\u0430\u043b\u0430\u043c\u0438, \u043f\u0440\u0438\u043d\u0446\u0438\u043f \u0430\u043d\u043e\u043d\u0438\u043c\u043d\u043e\u0441\u0442\u0438 \u0433\u0430\u0440\u0430\u043d\u0442\u0438\u0440\u0443\u0435\u0442 \u0440\u0430\u0432\u0435\u043d\u0441\u0442\u0432\u043e \u043f\u0435\u0440\u0435\u0434 \u0430\u043b\u043a\u043e\u0433\u043e\u043b\u0438\u0437\u043c\u043e\u043c. \u041c\u044b \u0435\u0441\u0442\u044c \u0438 [&hellip;]<\/p>","protected":false},"author":3,"featured_media":0,"parent":7323,"menu_order":0,"comment_status":"closed","ping_status":"closed","template":"","meta":{"footnotes":""},"class_list":["post-11980","page","type-page","status-publish","hentry"],"_links":{"self":[{"href":"https:\/\/aa.org.lv\/lv\/wp-json\/wp\/v2\/pages\/11980","targetHints":{"allow":["GET"]}}],"collection":[{"href":"https:\/\/aa.org.lv\/lv\/wp-json\/wp\/v2\/pages"}],"about":[{"href":"https:\/\/aa.org.lv\/lv\/wp-json\/wp\/v2\/types\/page"}],"author":[{"embeddable":true,"href":"https:\/\/aa.org.lv\/lv\/wp-json\/wp\/v2\/users\/3"}],"replies":[{"embeddable":true,"href":"https:\/\/aa.org.lv\/lv\/wp-json\/wp\/v2\/comments?post=11980"}],"version-history":[{"count":4,"href":"https:\/\/aa.org.lv\/lv\/wp-json\/wp\/v2\/pages\/11980\/revisions"}],"predecessor-version":[{"id":11984,"href":"https:\/\/aa.org.lv\/lv\/wp-json\/wp\/v2\/pages\/11980\/revisions\/11984"}],"up":[{"embeddable":true,"href":"https:\/\/aa.org.lv\/lv\/wp-json\/wp\/v2\/pages\/7323"}],"wp:attachment":[{"href":"https:\/\/aa.org.lv\/lv\/wp-json\/wp\/v2\/media?parent=11980"}],"curies":[{"name":"wp","href":"https:\/\/api.w.org\/{rel}","templated":true}]}}