{"id":12018,"date":"2026-01-27T18:52:26","date_gmt":"2026-01-27T16:52:26","guid":{"rendered":"https:\/\/aa.org.lv\/?page_id=12018"},"modified":"2026-03-14T16:29:29","modified_gmt":"2026-03-14T14:29:29","slug":"%d0%ba%d0%be%d0%bd%d1%82%d0%b0%d0%ba%d1%82%d1%8b","status":"publish","type":"page","link":"https:\/\/aa.org.lv\/lv\/ru\/%d0%ba%d0%be%d0%bd%d1%82%d0%b0%d0%ba%d1%82%d1%8b\/","title":{"rendered":"\u041a\u043e\u043d\u0442\u0430\u043a\u0442\u044b"},"content":{"rendered":"<div data-elementor-type=\"wp-page\" data-elementor-id=\"12018\" class=\"elementor elementor-12018\" data-elementor-post-type=\"page\">\n\t\t\t\t\t\t<section class=\"elementor-section elementor-top-section elementor-element elementor-element-140d291 elementor-section-boxed elementor-section-height-default elementor-section-height-default\" data-id=\"140d291\" data-element_type=\"section\">\n\t\t\t\t\t\t<div class=\"elementor-container elementor-column-gap-default\">\n\t\t\t\t\t<div class=\"elementor-column elementor-col-100 elementor-top-column elementor-element elementor-element-4bf8cad\" data-id=\"4bf8cad\" data-element_type=\"column\">\n\t\t\t<div class=\"elementor-widget-wrap elementor-element-populated\">\n\t\t\t\t\t\t<div class=\"elementor-element elementor-element-cff6b03 elementor-widget elementor-widget-text-editor\" data-id=\"cff6b03\" data-element_type=\"widget\" data-widget_type=\"text-editor.default\">\n\t\t\t\t<div class=\"elementor-widget-container\">\n\t\t\t\t\t\t\t\t\t<div class=\"flex_column av_one_full flex_column_div av-zero-column-padding first avia-builder-el-1 el_before_av_one_full avia-builder-el-first\"><section class=\"av_textblock_section\"><div class=\"avia_textblock\"><h5 style=\"text-align: center;\">\u0415\u0441\u043b\u0438 \u0432\u044b \u0445\u043e\u0442\u0438\u0442\u0435 \u043f\u043e\u0433\u043e\u0432\u043e\u0440\u0438\u0442\u044c \u0441 \u043a\u0435\u043c-\u0442\u043e \u0438\u0437 \u0447\u043b\u0435\u043d\u043e\u0432 \u0410\u0410, \u0443\u0437\u043d\u0430\u0442\u044c \u0431\u043e\u043b\u044c\u0448\u0435 \u043e \u043f\u0440\u043e\u0433\u0440\u0430\u043c\u043c\u0435 \u0432\u044b\u0437\u0434\u043e\u0440\u043e\u0432\u043b\u0435\u043d\u0438\u044f \u0410\u0410 \u0438\u043b\u0438 \u043e \u0441\u043e\u0431\u0440\u0430\u043d\u0438\u044f\u0445 \u0410\u0410, \u0437\u0432\u043e\u043d\u0438\u0442\u0435 \u043d\u0430 \u043d\u0430\u0448<\/h5><h5 style=\"text-align: center;\">\u0438\u043d\u0444\u043e\u0440\u043c\u0430\u0446\u0438\u043e\u043d\u043d\u044b\u0439 \u0442\u0435\u043b\u0435\u0444\u043e\u043d:<br \/><strong>27333523<\/strong><br \/>\u0438\u043b\u0438 \u043f\u0438\u0448\u0438\u0442\u0435:<br \/><strong>birojs@aa.org.lv<\/strong><\/h5><h3 style=\"text-align: center;\">\u00a0<\/h3><\/div><\/section><\/div>\t\t\t\t\t\t\t\t<\/div>\n\t\t\t\t<\/div>\n\t\t\t\t\t<\/div>\n\t\t<\/div>\n\t\t\t\t\t<\/div>\n\t\t<\/section>\n\t\t\t\t<section class=\"elementor-section elementor-top-section elementor-element elementor-element-02f4297 elementor-section-height-min-height elementor-section-boxed elementor-section-height-default elementor-section-items-middle\" data-id=\"02f4297\" data-element_type=\"section\">\n\t\t\t\t\t\t<div class=\"elementor-container elementor-column-gap-default\">\n\t\t\t\t\t<div class=\"elementor-column elementor-col-100 elementor-top-column elementor-element elementor-element-d0063ab\" data-id=\"d0063ab\" data-element_type=\"column\">\n\t\t\t<div class=\"elementor-widget-wrap elementor-element-populated\">\n\t\t\t\t\t\t<section class=\"elementor-section elementor-inner-section elementor-element elementor-element-909f4e6 elementor-section-boxed elementor-section-height-default elementor-section-height-default\" data-id=\"909f4e6\" data-element_type=\"section\">\n\t\t\t\t\t\t<div class=\"elementor-container elementor-column-gap-default\">\n\t\t\t\t\t<div class=\"elementor-column elementor-col-50 elementor-inner-column elementor-element elementor-element-65d0c49\" data-id=\"65d0c49\" data-element_type=\"column\">\n\t\t\t<div class=\"elementor-widget-wrap elementor-element-populated\">\n\t\t\t\t\t\t<div class=\"elementor-element elementor-element-24a790e elementor-widget elementor-widget-text-editor\" data-id=\"24a790e\" data-element_type=\"widget\" data-widget_type=\"text-editor.default\">\n\t\t\t\t<div class=\"elementor-widget-container\">\n\t\t\t\t\t\t\t\t\t<div class=\"flex_column_table av-equal-height-column-flextable -flextable\"><div class=\"flex_column av_one_half flex_column_table_cell av-equal-height-column av-align-middle av-zero-column-padding first avia-builder-el-1 avia-builder-el-no-sibling\"><section class=\"av_textblock_section\"><div class=\"avia_textblock\"><p>\u041e\u0444\u0438\u0441 \u043e\u0431\u0449\u0435\u0441\u0442\u0432\u0430 \u0430\u043d\u043e\u043d\u0438\u043c\u043d\u044b\u0445 \u0430\u043b\u043a\u043e\u0433\u043e\u043b\u0438\u043a\u043e\u0432<\/p><p>\u0410\u0434\u0440\u0435\u0441 \u043e\u0444\u0438\u0441\u0430: Bru\u0146inieku iela 29\/31 &#8211; 425, \u0420\u0438\u0433\u0430, LV-1001<\/p><p>\u0422\u0435\u043b\u0435\u0444\u043e\u043d: 27092786<br \/>\u0417\u0432\u043e\u043d\u0438\u0442\u0435 \u0441 8:00 \u0434\u043e 20:00<\/p><p>\u041f\u0438\u0448\u0438\u0442\u0435: birojs@aa.org.lv<\/p><p>\u041e\u0431\u0449\u0435\u0441\u0442\u0432\u043e \u00abLatvijas Anon\u012bmo alkoholi\u0137u sadraudz\u012bbas pilnvaroto padome\u00bb<br \/>\u0420\u0435\u0433. \u2116 40008004960<br \/>\u0411\u0430\u043d\u043a: Swedbank<br \/>\u0441\u0447\u0435\u0442 \u2116 LV97HABA0551000281899<\/p><\/div><\/section><\/div><\/div>\t\t\t\t\t\t\t\t<\/div>\n\t\t\t\t<\/div>\n\t\t\t\t\t<\/div>\n\t\t<\/div>\n\t\t\t\t<div class=\"elementor-column elementor-col-50 elementor-inner-column elementor-element elementor-element-7b59383\" data-id=\"7b59383\" data-element_type=\"column\">\n\t\t\t<div class=\"elementor-widget-wrap elementor-element-populated\">\n\t\t\t\t\t\t<div class=\"elementor-element elementor-element-e8a1645 elementor-widget elementor-widget-google_maps\" data-id=\"e8a1645\" data-element_type=\"widget\" data-widget_type=\"google_maps.default\">\n\t\t\t\t<div class=\"elementor-widget-container\">\n\t\t\t\t\t\t\t<div class=\"elementor-custom-embed\">\n\t\t\t<iframe loading=\"lazy\"\n\t\t\t\t\tsrc=\"https:\/\/maps.google.com\/maps?q=%20Bru%C5%86inieku%20iela%2029%2F31%2C%20R%C4%ABga%2C%20LV-1001&#038;t=m&#038;z=14&#038;output=embed&#038;iwloc=near\"\n\t\t\t\t\ttitle=\" Bru\u0146inieku iela 29\/31, R\u012bga, LV-1001\"\n\t\t\t\t\taria-label=\" Bru\u0146inieku iela 29\/31, R\u012bga, LV-1001\"\n\t\t\t><\/iframe>\n\t\t<\/div>\n\t\t\t\t\t\t<\/div>\n\t\t\t\t<\/div>\n\t\t\t\t\t<\/div>\n\t\t<\/div>\n\t\t\t\t\t<\/div>\n\t\t<\/section>\n\t\t\t\t\t<\/div>\n\t\t<\/div>\n\t\t\t\t\t<\/div>\n\t\t<\/section>\n\t\t\t\t<\/div>","protected":false},"excerpt":{"rendered":"<p>\u0415\u0441\u043b\u0438 \u0432\u044b \u0445\u043e\u0442\u0438\u0442\u0435 \u043f\u043e\u0433\u043e\u0432\u043e\u0440\u0438\u0442\u044c \u0441 \u043a\u0435\u043c-\u0442\u043e \u0438\u0437 \u0447\u043b\u0435\u043d\u043e\u0432 \u0410\u0410, \u0443\u0437\u043d\u0430\u0442\u044c \u0431\u043e\u043b\u044c\u0448\u0435 \u043e \u043f\u0440\u043e\u0433\u0440\u0430\u043c\u043c\u0435 \u0432\u044b\u0437\u0434\u043e\u0440\u043e\u0432\u043b\u0435\u043d\u0438\u044f \u0410\u0410 \u0438\u043b\u0438 \u043e \u0441\u043e\u0431\u0440\u0430\u043d\u0438\u044f\u0445 \u0410\u0410, \u0437\u0432\u043e\u043d\u0438\u0442\u0435 \u043d\u0430 \u043d\u0430\u0448 \u0438\u043d\u0444\u043e\u0440\u043c\u0430\u0446\u0438\u043e\u043d\u043d\u044b\u0439 \u0442\u0435\u043b\u0435\u0444\u043e\u043d:27333523\u0438\u043b\u0438 \u043f\u0438\u0448\u0438\u0442\u0435:birojs@aa.org.lv \u00a0 \u041e\u0444\u0438\u0441 \u043e\u0431\u0449\u0435\u0441\u0442\u0432\u0430 \u0430\u043d\u043e\u043d\u0438\u043c\u043d\u044b\u0445 \u0430\u043b\u043a\u043e\u0433\u043e\u043b\u0438\u043a\u043e\u0432 \u0410\u0434\u0440\u0435\u0441 \u043e\u0444\u0438\u0441\u0430: Bru\u0146inieku iela 29\/31 &#8211; 425, \u0420\u0438\u0433\u0430, LV-1001 \u0422\u0435\u043b\u0435\u0444\u043e\u043d: 27092786\u0417\u0432\u043e\u043d\u0438\u0442\u0435 \u0441 8:00 \u0434\u043e 20:00 \u041f\u0438\u0448\u0438\u0442\u0435: birojs@aa.org.lv \u041e\u0431\u0449\u0435\u0441\u0442\u0432\u043e \u00abLatvijas Anon\u012bmo alkoholi\u0137u sadraudz\u012bbas pilnvaroto padome\u00bb\u0420\u0435\u0433. \u2116 [&hellip;]<\/p>","protected":false},"author":3,"featured_media":0,"parent":7323,"menu_order":0,"comment_status":"closed","ping_status":"closed","template":"","meta":{"footnotes":""},"class_list":["post-12018","page","type-page","status-publish","hentry"],"_links":{"self":[{"href":"https:\/\/aa.org.lv\/lv\/wp-json\/wp\/v2\/pages\/12018","targetHints":{"allow":["GET"]}}],"collection":[{"href":"https:\/\/aa.org.lv\/lv\/wp-json\/wp\/v2\/pages"}],"about":[{"href":"https:\/\/aa.org.lv\/lv\/wp-json\/wp\/v2\/types\/page"}],"author":[{"embeddable":true,"href":"https:\/\/aa.org.lv\/lv\/wp-json\/wp\/v2\/users\/3"}],"replies":[{"embeddable":true,"href":"https:\/\/aa.org.lv\/lv\/wp-json\/wp\/v2\/comments?post=12018"}],"version-history":[{"count":10,"href":"https:\/\/aa.org.lv\/lv\/wp-json\/wp\/v2\/pages\/12018\/revisions"}],"predecessor-version":[{"id":12255,"href":"https:\/\/aa.org.lv\/lv\/wp-json\/wp\/v2\/pages\/12018\/revisions\/12255"}],"up":[{"embeddable":true,"href":"https:\/\/aa.org.lv\/lv\/wp-json\/wp\/v2\/pages\/7323"}],"wp:attachment":[{"href":"https:\/\/aa.org.lv\/lv\/wp-json\/wp\/v2\/media?parent=12018"}],"curies":[{"name":"wp","href":"https:\/\/api.w.org\/{rel}","templated":true}]}}