{"id":12054,"date":"2026-01-28T19:03:47","date_gmt":"2026-01-28T17:03:47","guid":{"rendered":"https:\/\/aa.org.lv\/?page_id=12054"},"modified":"2026-03-11T18:53:32","modified_gmt":"2026-03-11T16:53:32","slug":"%d1%81%d0%be%d0%b1%d1%8b%d1%82%d0%b8%d1%8f","status":"publish","type":"page","link":"https:\/\/aa.org.lv\/lv\/ru\/%d1%81%d0%be%d0%b1%d1%8b%d1%82%d0%b8%d1%8f\/","title":{"rendered":"\u0421\u043e\u0431\u044b\u0442\u0438\u044f"},"content":{"rendered":"<div data-elementor-type=\"wp-page\" data-elementor-id=\"12054\" class=\"elementor elementor-12054\" data-elementor-post-type=\"page\">\n\t\t\t\t\t\t<section class=\"elementor-section elementor-top-section elementor-element elementor-element-12584c7 elementor-section-boxed elementor-section-height-default elementor-section-height-default\" data-id=\"12584c7\" data-element_type=\"section\">\n\t\t\t\t\t\t<div class=\"elementor-container elementor-column-gap-default\">\n\t\t\t\t\t<div class=\"elementor-column elementor-col-100 elementor-top-column elementor-element elementor-element-9d5e697\" data-id=\"9d5e697\" data-element_type=\"column\">\n\t\t\t<div class=\"elementor-widget-wrap elementor-element-populated\">\n\t\t\t\t\t\t<div class=\"elementor-element elementor-element-4a355ad elementor-widget elementor-widget-heading\" data-id=\"4a355ad\" data-element_type=\"widget\" data-widget_type=\"heading.default\">\n\t\t\t\t<div class=\"elementor-widget-container\">\n\t\t\t\t\t<h2 class=\"elementor-heading-title elementor-size-default\">AA \u0421\u043e\u0431\u044b\u0442\u0438\u044f<\/h2>\t\t\t\t<\/div>\n\t\t\t\t<\/div>\n\t\t\t\t\t<\/div>\n\t\t<\/div>\n\t\t\t\t\t<\/div>\n\t\t<\/section>\n\t\t\t\t<section class=\"elementor-section elementor-top-section elementor-element elementor-element-818bc34 elementor-section-boxed elementor-section-height-default elementor-section-height-default\" data-id=\"818bc34\" data-element_type=\"section\">\n\t\t\t\t\t\t<div class=\"elementor-container elementor-column-gap-default\">\n\t\t\t\t\t<div class=\"elementor-column elementor-col-100 elementor-top-column elementor-element elementor-element-4873987\" data-id=\"4873987\" data-element_type=\"column\">\n\t\t\t<div class=\"elementor-widget-wrap elementor-element-populated\">\n\t\t\t\t\t\t<div class=\"elementor-element elementor-element-dc50742 elementor-grid-1 elementor-grid-tablet-2 elementor-grid-mobile-1 elementor-posts--thumbnail-top elementor-widget elementor-widget-posts\" data-id=\"dc50742\" data-element_type=\"widget\" data-settings=\"{&quot;classic_columns&quot;:&quot;1&quot;,&quot;classic_columns_tablet&quot;:&quot;2&quot;,&quot;classic_columns_mobile&quot;:&quot;1&quot;,&quot;classic_row_gap&quot;:{&quot;unit&quot;:&quot;px&quot;,&quot;size&quot;:35,&quot;sizes&quot;:[]},&quot;classic_row_gap_tablet&quot;:{&quot;unit&quot;:&quot;px&quot;,&quot;size&quot;:&quot;&quot;,&quot;sizes&quot;:[]},&quot;classic_row_gap_mobile&quot;:{&quot;unit&quot;:&quot;px&quot;,&quot;size&quot;:&quot;&quot;,&quot;sizes&quot;:[]}}\" data-widget_type=\"posts.classic\">\n\t\t\t\t<div class=\"elementor-widget-container\">\n\t\t\t\t\t\t\t<div class=\"elementor-posts-container elementor-posts elementor-posts--skin-classic elementor-grid\" role=\"list\">\n\t\t\t\t<article class=\"elementor-post elementor-grid-item post-12304 post type-post status-publish format-standard hentry category-550\" role=\"listitem\">\n\t\t\t\t<div class=\"elementor-post__text\">\n\t\t\t\t<h2 class=\"elementor-post__title\">\n\t\t\t<a href=\"https:\/\/aa.org.lv\/lv\/2026\/03\/30\/novaja-grupa-v-rige\/\" >\n\t\t\t\t\u041d\u043e\u0432\u0430\u044f \u0433\u0440\u0443\u043f\u043f\u0430 \u0410\u0410 \u0432 \u0420\u0438\u0433\u0435\t\t\t<\/a>\n\t\t<\/h2>\n\t\t\t\t<div class=\"elementor-post__meta-data\">\n\t\t\t\t\t<span class=\"elementor-post-date\">\n\t\t\t30\/03\/2026\t\t<\/span>\n\t\t\t\t<\/div>\n\t\t\t\t<div class=\"elementor-post__excerpt\">\n\t\t\t<p>\u0421 15 \u043c\u0430\u0440\u0442\u0430 2026 \u0433\u043e\u0434\u0430 \u0441\u043e\u0437\u0434\u0430\u043d\u0430 \u043d\u043e\u0432\u0430\u044f \u0433\u0440\u0443\u043f\u043f\u0430 \u0410\u0410 &#8220;\u0416\u0435\u043d\u0441\u043a\u0430\u044f \u0433\u0440\u0443\u043f\u043f\u0430&#8221; (Zhenskaja grupa).\u0421\u043e\u0431\u0440\u0430\u043d\u0438\u044f \u043f\u0440\u043e\u0445\u043e\u0434\u044f\u0442 \u043e\u0434\u0438\u043d \u0440\u0430\u0437 \u0432 \u043d\u0435\u0434\u0435\u043b\u044e: \u043f\u043e \u0432\u043e\u0441\u043a\u0440\u0435\u0441\u0435\u043d\u044c\u044f\u043c \u0441 16:00 \u0434\u043e 17:30.\u042f\u0437\u044b\u043a \u0441\u043e\u0431\u0440\u0430\u043d\u0438\u044f<\/p>\n\t\t<\/div>\n\t\t\n\t\t<a class=\"elementor-post__read-more\" href=\"https:\/\/aa.org.lv\/lv\/2026\/03\/30\/novaja-grupa-v-rige\/\" aria-label=\"Read more about \u041d\u043e\u0432\u0430\u044f \u0433\u0440\u0443\u043f\u043f\u0430 \u0410\u0410 \u0432 \u0420\u0438\u0433\u0435\" tabindex=\"-1\" >\n\t\t\tLas\u012bt t\u0101l\u0101k \u00bb\t\t<\/a>\n\n\t\t\t\t<\/div>\n\t\t\t\t<\/article>\n\t\t\t\t<article class=\"elementor-post elementor-grid-item post-12201 post type-post status-publish format-standard hentry category-550\" role=\"listitem\">\n\t\t\t\t<div class=\"elementor-post__text\">\n\t\t\t\t<h2 class=\"elementor-post__title\">\n\t\t\t<a href=\"https:\/\/aa.org.lv\/lv\/2026\/03\/11\/galvena-merka-grupa-pirma-sola-sestd-ru\/\" >\n\t\t\t\t28.03.2026. &#8220;\u0421\u0443\u0431\u0431\u043e\u0442\u0430 \u041f\u0435\u0440\u0432\u043e\u0433\u043e \u0448\u0430\u0433\u0430&#8221;\t\t\t<\/a>\n\t\t<\/h2>\n\t\t\t\t<div class=\"elementor-post__meta-data\">\n\t\t\t\t\t<span class=\"elementor-post-date\">\n\t\t\t11\/03\/2026\t\t<\/span>\n\t\t\t\t<\/div>\n\t\t\t\t<div class=\"elementor-post__excerpt\">\n\t\t\t<p>Galven\u0101 m\u0113r\u0137a grupa \u043f\u0440\u0438\u0433\u043b\u0430\u0448\u0430\u0435\u0442 \u043d\u0430 &#8220;\u0421\u0443\u0431\u0431\u043e\u0442\u0443 \u041f\u0435\u0440\u0432\u043e\u0433\u043e \u0448\u0430\u0433\u0430&#8221; 28 \u043c\u0430\u0440\u0442\u0430 18:00 &#8211; 20:00\u0420\u0438\u0433\u0430, \u0443\u043b. Skolas 3, \u043a\u043e\u043c\u043d\u0430\u0442\u0430 304\u0421\u043e\u0431\u0440\u0430\u043d\u0438\u0435 \u0431\u0443\u0434\u0435\u0442 \u043f\u0440\u043e\u0445\u043e\u0434\u0438\u0442\u044c \u043d\u0430 \u043b\u0430\u0442\u044b\u0448\u0441\u043a\u043e\u043c \u044f\u0437\u044b\u043a\u0435. \u041f\u0440\u043e\u0433\u0440\u0430\u043c\u043c\u0430 \u0441\u043e\u0431\u0440\u0430\u043d\u0438\u044f:1)<\/p>\n\t\t<\/div>\n\t\t\n\t\t<a class=\"elementor-post__read-more\" href=\"https:\/\/aa.org.lv\/lv\/2026\/03\/11\/galvena-merka-grupa-pirma-sola-sestd-ru\/\" aria-label=\"Read more about 28.03.2026. &#8220;\u0421\u0443\u0431\u0431\u043e\u0442\u0430 \u041f\u0435\u0440\u0432\u043e\u0433\u043e \u0448\u0430\u0433\u0430&#8221;\" tabindex=\"-1\" >\n\t\t\tLas\u012bt t\u0101l\u0101k \u00bb\t\t<\/a>\n\n\t\t\t\t<\/div>\n\t\t\t\t<\/article>\n\t\t\t\t<article class=\"elementor-post elementor-grid-item post-12189 post type-post status-publish format-standard hentry category-550\" role=\"listitem\">\n\t\t\t\t<div class=\"elementor-post__text\">\n\t\t\t\t<h2 class=\"elementor-post__title\">\n\t\t\t<a href=\"https:\/\/aa.org.lv\/lv\/2026\/03\/09\/restarts-2026-ru\/\" >\n\t\t\t\t11.-14.06.2026. &#8220;\u0420\u0435\u0441\u0442\u0430\u0440\u0442 2026 &#8211; \u041f\u043e\u0432\u043e\u0440\u043e\u0442\u043d\u044b\u0439 \u043c\u043e\u043c\u0435\u043d\u0442&#8221;\t\t\t<\/a>\n\t\t<\/h2>\n\t\t\t\t<div class=\"elementor-post__meta-data\">\n\t\t\t\t\t<span class=\"elementor-post-date\">\n\t\t\t09\/03\/2026\t\t<\/span>\n\t\t\t\t<\/div>\n\t\t\t\t<div class=\"elementor-post__excerpt\">\n\t\t\t<p>\u041f\u0440\u0438\u0433\u043b\u0430\u0448\u0430\u0435\u043c \u043d\u0430 \u043b\u0430\u0433\u0435\u0440\u044c &#8220;\u0420\u0435\u0441\u0442\u0430\u0440\u0442 2026 &#8211; \u041f\u043e\u0432\u043e\u0440\u043e\u0442\u043d\u044b\u0439 \u043c\u043e\u043c\u0435\u043d\u0442&#8221; 11 &#8211; 14 \u0438\u044e\u043d\u044f, \u0443\u0441\u0430\u0434\u044c\u0431\u0430 \u042d\u043b\u0435\u0440\u043d\u0435 \u0427\u0435\u0442\u044b\u0440\u0435 \u0434\u043d\u044f \u0432\u043c\u0435\u0441\u0442\u0435 \u0441 \u043f\u0440\u043e\u0433\u0440\u0430\u043c\u043c\u043e\u0439 \u0410\u0410, \u043e\u0431\u0449\u0435\u043d\u0438\u0435\u043c \u0438 \u0432\u043e\u0437\u043c\u043e\u0436\u043d\u043e\u0441\u0442\u044c\u044e \u043e\u0441\u0442\u0430\u043d\u043e\u0432\u0438\u0442\u044c\u0441\u044f \u0432<\/p>\n\t\t<\/div>\n\t\t\n\t\t<a class=\"elementor-post__read-more\" href=\"https:\/\/aa.org.lv\/lv\/2026\/03\/09\/restarts-2026-ru\/\" aria-label=\"Read more about 11.-14.06.2026. &#8220;\u0420\u0435\u0441\u0442\u0430\u0440\u0442 2026 &#8211; \u041f\u043e\u0432\u043e\u0440\u043e\u0442\u043d\u044b\u0439 \u043c\u043e\u043c\u0435\u043d\u0442&#8221;\" tabindex=\"-1\" >\n\t\t\tLas\u012bt t\u0101l\u0101k \u00bb\t\t<\/a>\n\n\t\t\t\t<\/div>\n\t\t\t\t<\/article>\n\t\t\t\t<article class=\"elementor-post elementor-grid-item post-12150 post type-post status-publish format-standard hentry category-550\" role=\"listitem\">\n\t\t\t\t<div class=\"elementor-post__text\">\n\t\t\t\t<h2 class=\"elementor-post__title\">\n\t\t\t<a href=\"https:\/\/aa.org.lv\/lv\/2026\/02\/10\/%d0%b3%d1%80%d1%83%d0%bf%d0%bf%d0%b0-krustceles-kekava-%d0%bf%d1%80%d0%b8%d0%b3%d0%bb%d0%b0%d1%88%d0%b0%d0%b5%d1%82-%d0%be%d1%82%d0%bf%d1%80%d0%b0%d0%b7%d0%b4%d0%bd%d0%be%d0%b2%d0%b0%d1%82%d1%8c\/\" >\n\t\t\t\t21.02.2026. \u042e\u0431\u0438\u043b\u0435\u0439 \u0433\u0440\u0443\u043f\u043f\u044b &#8220;Krustceles&#8221; (\u0136ekava).\t\t\t<\/a>\n\t\t<\/h2>\n\t\t\t\t<div class=\"elementor-post__meta-data\">\n\t\t\t\t\t<span class=\"elementor-post-date\">\n\t\t\t10\/02\/2026\t\t<\/span>\n\t\t\t\t<\/div>\n\t\t\t\t<div class=\"elementor-post__excerpt\">\n\t\t\t<p>\u0413\u0440\u0443\u043f\u043f\u0430 &#8220;Krustceles&#8221; (\u0136ekava) \u043f\u0440\u0438\u0433\u043b\u0430\u0448\u0430\u0435\u0442 \u043e\u0442\u043f\u0440\u0430\u0437\u0434\u043d\u043e\u0432\u0430\u0442\u044c \u0441\u0432\u043e\u0451 12-\u043b\u0435\u0442\u0438\u0435 21 \u0444\u0435\u0432\u0440\u0430\u043b\u044f. \u041f\u0440\u043e\u0433\u0440\u0430\u043c\u043c\u0430 \u043c\u0435\u0440\u043e\u043f\u0440\u0438\u044f\u0442\u0438\u044f<\/p>\n\t\t<\/div>\n\t\t\n\t\t<a class=\"elementor-post__read-more\" href=\"https:\/\/aa.org.lv\/lv\/2026\/02\/10\/%d0%b3%d1%80%d1%83%d0%bf%d0%bf%d0%b0-krustceles-kekava-%d0%bf%d1%80%d0%b8%d0%b3%d0%bb%d0%b0%d1%88%d0%b0%d0%b5%d1%82-%d0%be%d1%82%d0%bf%d1%80%d0%b0%d0%b7%d0%b4%d0%bd%d0%be%d0%b2%d0%b0%d1%82%d1%8c\/\" aria-label=\"Read more about 21.02.2026. \u042e\u0431\u0438\u043b\u0435\u0439 \u0433\u0440\u0443\u043f\u043f\u044b &#8220;Krustceles&#8221; (\u0136ekava).\" tabindex=\"-1\" >\n\t\t\tLas\u012bt t\u0101l\u0101k \u00bb\t\t<\/a>\n\n\t\t\t\t<\/div>\n\t\t\t\t<\/article>\n\t\t\t\t<article class=\"elementor-post elementor-grid-item post-12085 post type-post status-publish format-standard hentry category-550\" role=\"listitem\">\n\t\t\t\t<div class=\"elementor-post__text\">\n\t\t\t\t<h2 class=\"elementor-post__title\">\n\t\t\t<a href=\"https:\/\/aa.org.lv\/lv\/2026\/01\/29\/%d0%b3%d1%80%d1%83%d0%bf%d0%bf%d0%b5-%d1%83%d0%bb%d1%8b%d0%b1%d0%ba%d0%b0-8-%d0%bb%d0%b5%d1%82\/\" >\n\t\t\t\t07.02.2026 \u042e\u0431\u0438\u043b\u0435\u0439 \u0433\u0440\u0443\u043f\u043f\u044b &#8220;\u0423\u043b\u044b\u0431\u043a\u0430&#8221;.\t\t\t<\/a>\n\t\t<\/h2>\n\t\t\t\t<div class=\"elementor-post__meta-data\">\n\t\t\t\t\t<span class=\"elementor-post-date\">\n\t\t\t29\/01\/2026\t\t<\/span>\n\t\t\t\t<\/div>\n\t\t\t\t<div class=\"elementor-post__excerpt\">\n\t\t\t<p>\u0413\u0440\u0443\u043f\u043f\u0435 &#8220;\u0423\u043b\u044b\u0431\u043a\u0430&#8221; &#8211; 8 \u043b\u0435\u0442! &#8220;\u041e\u0442 \u0443\u043b\u044b\u0431\u043a\u0438 \u0441\u0442\u0430\u043d\u0435\u0442 \u0432\u0441\u0435\u043c \u0442\u0440\u0435\u0437\u0432\u0435\u0439&#8221; \u0441 \u044d\u0442\u0438\u043c \u0434\u0435\u0432\u0438\u0437\u043e\u043c \u0433\u0440\u0443\u043f\u043f\u0430 \u0410\u0410&#8221;\u0423\u041b\u042b\u0411\u041a\u0410&#8221; 7 \u0424\u0415\u0412\u0420\u0410\u041b\u042f 2026 \u0433\u043e\u0434\u0430 \u043f\u0440\u0438\u0433\u043b\u0430\u0448\u0430\u0435\u0442 \u0432\u0441\u0435\u0445 \u0436\u0435\u043b\u0430\u044e\u0449\u0438\u0445 \u043e\u0442\u043f\u0440\u0430\u0437\u0434\u043d\u043e\u0432\u0430\u0442\u044c \u0441\u0432\u043e\u0439 8-\u0438\u0439<\/p>\n\t\t<\/div>\n\t\t\n\t\t<a class=\"elementor-post__read-more\" href=\"https:\/\/aa.org.lv\/lv\/2026\/01\/29\/%d0%b3%d1%80%d1%83%d0%bf%d0%bf%d0%b5-%d1%83%d0%bb%d1%8b%d0%b1%d0%ba%d0%b0-8-%d0%bb%d0%b5%d1%82\/\" aria-label=\"Read more about 07.02.2026 \u042e\u0431\u0438\u043b\u0435\u0439 \u0433\u0440\u0443\u043f\u043f\u044b &#8220;\u0423\u043b\u044b\u0431\u043a\u0430&#8221;.\" tabindex=\"-1\" >\n\t\t\tLas\u012bt t\u0101l\u0101k \u00bb\t\t<\/a>\n\n\t\t\t\t<\/div>\n\t\t\t\t<\/article>\n\t\t\t\t<article class=\"elementor-post elementor-grid-item post-12083 post type-post status-publish format-standard hentry category-550\" role=\"listitem\">\n\t\t\t\t<div class=\"elementor-post__text\">\n\t\t\t\t<h2 class=\"elementor-post__title\">\n\t\t\t<a href=\"https:\/\/aa.org.lv\/lv\/2026\/01\/29\/%d0%bc%d0%b5%d1%80%d0%be%d0%bf%d1%80%d0%b8%d1%8f%d1%82%d0%b8%d0%b5-%d0%bf%d0%be%d1%81%d0%b2%d1%8f%d1%89%d0%b5%d0%bd%d0%bd%d0%be%d0%b5-35-%d0%bb%d0%b5%d1%82%d0%b8%d1%8e-%d0%b3%d1%80%d1%83%d0%bf%d0%bf\/\" >\n\t\t\t\t14.03.2026. \u042e\u0431\u0438\u043b\u0435\u0439 \u0433\u0440\u0443\u043f\u043f\u044b &#8220;Ausma&#8221; (Tukums).\t\t\t<\/a>\n\t\t<\/h2>\n\t\t\t\t<div class=\"elementor-post__meta-data\">\n\t\t\t\t\t<span class=\"elementor-post-date\">\n\t\t\t29\/01\/2026\t\t<\/span>\n\t\t\t\t<\/div>\n\t\t\t\t<div class=\"elementor-post__excerpt\">\n\t\t\t<p>\u041c\u0435\u0440\u043e\u043f\u0440\u0438\u044f\u0442\u0438\u0435, \u043f\u043e\u0441\u0432\u044f\u0449\u0435\u043d\u043d\u043e\u0435 35-\u043b\u0435\u0442\u0438\u044e \u0433\u0440\u0443\u043f\u043f\u044b &#8220;Ausma&#8221; (Tukums) &#8220;\u041f\u043e\u043b\u0443\u043c\u0435\u0440\u044b \u043d\u0438\u0447\u0435\u043c \u043d\u0435 \u043f\u043e\u043c\u043e\u0433\u043b\u0438 \u043d\u0430\u043c &#8230;&#8221; \u0421\u0443\u0431\u0431\u043e\u0442\u0430, 14.03.2026. 14:00 &#8211; 24:00 \u041a\u0443\u043b\u044c\u0442\u0443\u0440\u043d\u044b\u0439 \u0446\u0435\u043d\u0442\u0440 \u0443\u0441\u0430\u0434\u044c\u0431\u044b \u0160lokenbeka \u0412\u043e\u0437\u043c\u043e\u0436\u043d\u043e\u0441\u0442\u044c \u0432\u0441\u0442\u0440\u0435\u0442\u0438\u0442\u044c \u043c\u043d\u043e\u0433\u043e \u043f\u0440\u0438\u044f\u0442\u043d\u044b\u0445<\/p>\n\t\t<\/div>\n\t\t\n\t\t<a class=\"elementor-post__read-more\" href=\"https:\/\/aa.org.lv\/lv\/2026\/01\/29\/%d0%bc%d0%b5%d1%80%d0%be%d0%bf%d1%80%d0%b8%d1%8f%d1%82%d0%b8%d0%b5-%d0%bf%d0%be%d1%81%d0%b2%d1%8f%d1%89%d0%b5%d0%bd%d0%bd%d0%be%d0%b5-35-%d0%bb%d0%b5%d1%82%d0%b8%d1%8e-%d0%b3%d1%80%d1%83%d0%bf%d0%bf\/\" aria-label=\"Read more about 14.03.2026. \u042e\u0431\u0438\u043b\u0435\u0439 \u0433\u0440\u0443\u043f\u043f\u044b &#8220;Ausma&#8221; (Tukums).\" tabindex=\"-1\" >\n\t\t\tLas\u012bt t\u0101l\u0101k \u00bb\t\t<\/a>\n\n\t\t\t\t<\/div>\n\t\t\t\t<\/article>\n\t\t\t\t<article class=\"elementor-post elementor-grid-item post-12081 post type-post status-publish format-standard hentry category-550\" role=\"listitem\">\n\t\t\t\t<div class=\"elementor-post__text\">\n\t\t\t\t<h2 class=\"elementor-post__title\">\n\t\t\t<a href=\"https:\/\/aa.org.lv\/lv\/2026\/01\/29\/10-%d0%bb%d0%b5%d1%82%d0%bd%d0%b8%d0%b9-%d1%8e%d0%b1%d0%b8%d0%bb%d0%b5%d0%b9-%d0%b3%d1%80%d1%83%d0%bf%d0%bf%d1%8b-pagrieziena-punkts\/\" >\n\t\t\t\t21.03.2026. \u042e\u0431\u0438\u043b\u0435\u0439 \u0433\u0440\u0443\u043f\u043f\u044b &#8220;Pagrieziena punkts&#8221;.\t\t\t<\/a>\n\t\t<\/h2>\n\t\t\t\t<div class=\"elementor-post__meta-data\">\n\t\t\t\t\t<span class=\"elementor-post-date\">\n\t\t\t29\/01\/2026\t\t<\/span>\n\t\t\t\t<\/div>\n\t\t\t\t<div class=\"elementor-post__excerpt\">\n\t\t\t<p>\u0413\u0440\u0443\u043f\u043f\u0430 AA \u00abPagrieziena punkts\u00bb \u043f\u0440\u0438\u0433\u043b\u0430\u0448\u0430\u0435\u0442 \u043d\u0430 10-\u043b\u0435\u0442\u043d\u0438\u0439 \u044e\u0431\u0438\u043b\u0435\u0439 21 \u043c\u0430\u0440\u0442\u0430 \u0441 19:00 \u0434\u043e 23:00 \u041f\u0440\u043e\u0433\u0440\u0430\u043c\u043c\u0430: 19:00 &#8211; 20:30 \u044e\u0431\u0438\u043b\u0435\u0439\u043d\u043e\u0435 \u0441\u043e\u0431\u0440\u0430\u043d\u0438\u0435. \u0422\u0435\u043c\u0430 \u00ab\u0414\u043e\u0432\u0435\u0440\u0438\u0435\u00bb. \u041f\u043e\u0441\u043b\u0435 \u0441\u043e\u0431\u0440\u0430\u043d\u0438\u044f \u0442\u0430\u043d\u0446\u044b,<\/p>\n\t\t<\/div>\n\t\t\n\t\t<a class=\"elementor-post__read-more\" href=\"https:\/\/aa.org.lv\/lv\/2026\/01\/29\/10-%d0%bb%d0%b5%d1%82%d0%bd%d0%b8%d0%b9-%d1%8e%d0%b1%d0%b8%d0%bb%d0%b5%d0%b9-%d0%b3%d1%80%d1%83%d0%bf%d0%bf%d1%8b-pagrieziena-punkts\/\" aria-label=\"Read more about 21.03.2026. \u042e\u0431\u0438\u043b\u0435\u0439 \u0433\u0440\u0443\u043f\u043f\u044b &#8220;Pagrieziena punkts&#8221;.\" tabindex=\"-1\" >\n\t\t\tLas\u012bt t\u0101l\u0101k \u00bb\t\t<\/a>\n\n\t\t\t\t<\/div>\n\t\t\t\t<\/article>\n\t\t\t\t<\/div>\n\t\t\n\t\t\t\t\t\t<\/div>\n\t\t\t\t<\/div>\n\t\t\t\t\t<\/div>\n\t\t<\/div>\n\t\t\t\t\t<\/div>\n\t\t<\/section>\n\t\t\t\t<\/div>","protected":false},"excerpt":{"rendered":"<p>AA \u0421\u043e\u0431\u044b\u0442\u0438\u044f<\/p>","protected":false},"author":3,"featured_media":0,"parent":7323,"menu_order":0,"comment_status":"closed","ping_status":"closed","template":"","meta":{"footnotes":""},"class_list":["post-12054","page","type-page","status-publish","hentry"],"_links":{"self":[{"href":"https:\/\/aa.org.lv\/lv\/wp-json\/wp\/v2\/pages\/12054","targetHints":{"allow":["GET"]}}],"collection":[{"href":"https:\/\/aa.org.lv\/lv\/wp-json\/wp\/v2\/pages"}],"about":[{"href":"https:\/\/aa.org.lv\/lv\/wp-json\/wp\/v2\/types\/page"}],"author":[{"embeddable":true,"href":"https:\/\/aa.org.lv\/lv\/wp-json\/wp\/v2\/users\/3"}],"replies":[{"embeddable":true,"href":"https:\/\/aa.org.lv\/lv\/wp-json\/wp\/v2\/comments?post=12054"}],"version-history":[{"count":10,"href":"https:\/\/aa.org.lv\/lv\/wp-json\/wp\/v2\/pages\/12054\/revisions"}],"predecessor-version":[{"id":12221,"href":"https:\/\/aa.org.lv\/lv\/wp-json\/wp\/v2\/pages\/12054\/revisions\/12221"}],"up":[{"embeddable":true,"href":"https:\/\/aa.org.lv\/lv\/wp-json\/wp\/v2\/pages\/7323"}],"wp:attachment":[{"href":"https:\/\/aa.org.lv\/lv\/wp-json\/wp\/v2\/media?parent=12054"}],"curies":[{"name":"wp","href":"https:\/\/api.w.org\/{rel}","templated":true}]}}