{"id":60,"date":"2022-01-24T03:09:09","date_gmt":"2022-01-24T01:09:09","guid":{"rendered":"http:\/\/2022.aa.org.lv\/?page_id=60"},"modified":"2026-03-11T18:35:36","modified_gmt":"2026-03-11T16:35:36","slug":"kontakti","status":"publish","type":"page","link":"https:\/\/aa.org.lv\/lv\/kontakti\/","title":{"rendered":"Kontakti"},"content":{"rendered":"<div data-elementor-type=\"wp-page\" data-elementor-id=\"60\" class=\"elementor elementor-60\" data-elementor-post-type=\"page\">\n\t\t\t\t\t\t<section class=\"elementor-section elementor-top-section elementor-element elementor-element-efcbffd elementor-section-boxed elementor-section-height-default elementor-section-height-default\" data-id=\"efcbffd\" data-element_type=\"section\">\n\t\t\t\t\t\t<div class=\"elementor-container elementor-column-gap-default\">\n\t\t\t\t\t<div class=\"elementor-column elementor-col-100 elementor-top-column elementor-element elementor-element-656d751\" data-id=\"656d751\" data-element_type=\"column\">\n\t\t\t<div class=\"elementor-widget-wrap elementor-element-populated\">\n\t\t\t\t\t\t<div class=\"elementor-element elementor-element-7168b4b elementor-widget elementor-widget-text-editor\" data-id=\"7168b4b\" data-element_type=\"widget\" data-widget_type=\"text-editor.default\">\n\t\t\t\t<div class=\"elementor-widget-container\">\n\t\t\t\t\t\t\t\t\t<div class=\"flex_column av_one_full flex_column_div av-zero-column-padding first avia-builder-el-1 el_before_av_one_full avia-builder-el-first\"><section class=\"av_textblock_section\"><div class=\"avia_textblock\"><h5 style=\"text-align: center;\"><span style=\"color: #000000;\">Ja v\u0113lies aprun\u0101ties ar k\u0101du no AA biedriem, uzzin\u0101t vair\u0101k par AA atvese\u013co\u0161an\u0101s programmu vai AA sapulc\u0113m, zvani uz m\u016bsu<\/span><\/h5><h5 style=\"text-align: center;\"><span style=\"color: #000000;\">informat\u012bvo t\u0101lruni:<\/span><br \/><strong>27333523<\/strong><br \/><span style=\"color: #000000;\">vai raksti:<\/span><br \/><strong>birojs@aa.org.lv<\/strong><\/h5><h3 style=\"text-align: center;\">\u00a0<\/h3><\/div><\/section><\/div>\t\t\t\t\t\t\t\t<\/div>\n\t\t\t\t<\/div>\n\t\t\t\t\t<\/div>\n\t\t<\/div>\n\t\t\t\t\t<\/div>\n\t\t<\/section>\n\t\t\t\t<section class=\"elementor-section elementor-top-section elementor-element elementor-element-26aa64f elementor-section-height-min-height elementor-section-boxed elementor-section-height-default elementor-section-items-middle\" data-id=\"26aa64f\" data-element_type=\"section\">\n\t\t\t\t\t\t<div class=\"elementor-container elementor-column-gap-default\">\n\t\t\t\t\t<div class=\"elementor-column elementor-col-100 elementor-top-column elementor-element elementor-element-ba56d8b\" data-id=\"ba56d8b\" data-element_type=\"column\">\n\t\t\t<div class=\"elementor-widget-wrap elementor-element-populated\">\n\t\t\t\t\t\t<section class=\"elementor-section elementor-inner-section elementor-element elementor-element-c1ee50d elementor-section-boxed elementor-section-height-default elementor-section-height-default\" data-id=\"c1ee50d\" data-element_type=\"section\">\n\t\t\t\t\t\t<div class=\"elementor-container elementor-column-gap-default\">\n\t\t\t\t\t<div class=\"elementor-column elementor-col-50 elementor-inner-column elementor-element elementor-element-4b85281\" data-id=\"4b85281\" data-element_type=\"column\">\n\t\t\t<div class=\"elementor-widget-wrap elementor-element-populated\">\n\t\t\t\t\t\t<div class=\"elementor-element elementor-element-2e42622 elementor-widget elementor-widget-text-editor\" data-id=\"2e42622\" data-element_type=\"widget\" data-widget_type=\"text-editor.default\">\n\t\t\t\t<div class=\"elementor-widget-container\">\n\t\t\t\t\t\t\t\t\t<div class=\"flex_column_table av-equal-height-column-flextable -flextable\"><div class=\"flex_column av_one_half flex_column_table_cell av-equal-height-column av-align-middle av-zero-column-padding first avia-builder-el-1 avia-builder-el-no-sibling\"><section class=\"av_textblock_section\"><div class=\"avia_textblock\"><p><strong>Anon\u012bmo Alkoholi\u0137u sadraudz\u012bbas birojs<br \/><\/strong><\/p><p>Biroja adrese: Bru\u0146inieku iela 29\/31 &#8211; 425, R\u012bga, LV-1001<\/p><p>T\u0101lrunis: <strong>27092786<\/strong><br \/><strong><u>Zvaniet<\/u><\/strong> no plkst.8.00 l\u012bdz 20.00<\/p><p><strong><u>Rakstiet<\/u><\/strong>: <a href=\"mailto:birojs@aa.org.lv\">birojs@aa.org.lv <\/a><\/p><p>Biedr\u012bba &#8220;Latvijas<em> Anon\u012bmo alkoholi\u0137u sadraudz\u012bbas pilnvaroto padome&#8221;<\/em><br \/>Re\u0123. Nr\u00a0 40008004960<br \/>Banka: Swedbank<br \/>konta nr. LV97HABA0551000281899<\/p><\/div><\/section><\/div><\/div>\t\t\t\t\t\t\t\t<\/div>\n\t\t\t\t<\/div>\n\t\t\t\t\t<\/div>\n\t\t<\/div>\n\t\t\t\t<div class=\"elementor-column elementor-col-50 elementor-inner-column elementor-element elementor-element-f381170\" data-id=\"f381170\" data-element_type=\"column\">\n\t\t\t<div class=\"elementor-widget-wrap elementor-element-populated\">\n\t\t\t\t\t\t<div class=\"elementor-element elementor-element-1625af0 elementor-widget elementor-widget-google_maps\" data-id=\"1625af0\" data-element_type=\"widget\" data-widget_type=\"google_maps.default\">\n\t\t\t\t<div class=\"elementor-widget-container\">\n\t\t\t\t\t\t\t<div class=\"elementor-custom-embed\">\n\t\t\t<iframe loading=\"lazy\"\n\t\t\t\t\tsrc=\"https:\/\/maps.google.com\/maps?q=%20Bru%C5%86inieku%20iela%2029%2F31%2C%20R%C4%ABga%2C%20LV-1001&#038;t=m&#038;z=14&#038;output=embed&#038;iwloc=near\"\n\t\t\t\t\ttitle=\" Bru\u0146inieku iela 29\/31, R\u012bga, LV-1001\"\n\t\t\t\t\taria-label=\" Bru\u0146inieku iela 29\/31, R\u012bga, LV-1001\"\n\t\t\t><\/iframe>\n\t\t<\/div>\n\t\t\t\t\t\t<\/div>\n\t\t\t\t<\/div>\n\t\t\t\t\t<\/div>\n\t\t<\/div>\n\t\t\t\t\t<\/div>\n\t\t<\/section>\n\t\t\t\t\t<\/div>\n\t\t<\/div>\n\t\t\t\t\t<\/div>\n\t\t<\/section>\n\t\t\t\t<\/div>","protected":false},"excerpt":{"rendered":"<p>Ja v\u0113lies aprun\u0101ties ar k\u0101du no AA biedriem, uzzin\u0101t vair\u0101k par AA atvese\u013co\u0161an\u0101s programmu vai AA sapulc\u0113m, zvani uz m\u016bsu informat\u012bvo t\u0101lruni:27333523vai raksti:birojs@aa.org.lv \u00a0 Anon\u012bmo Alkoholi\u0137u sadraudz\u012bbas birojs Biroja adrese: Bru\u0146inieku iela 29\/31 &#8211; 425, R\u012bga, LV-1001 T\u0101lrunis: 27092786Zvaniet no plkst.8.00 l\u012bdz 20.00 Rakstiet: birojs@aa.org.lv Biedr\u012bba &#8220;Latvijas Anon\u012bmo alkoholi\u0137u sadraudz\u012bbas pilnvaroto padome&#8221;Re\u0123. Nr\u00a0 40008004960Banka: Swedbankkonta [&hellip;]<\/p>","protected":false},"author":1,"featured_media":0,"parent":0,"menu_order":0,"comment_status":"closed","ping_status":"closed","template":"","meta":{"footnotes":""},"class_list":["post-60","page","type-page","status-publish","hentry"],"_links":{"self":[{"href":"https:\/\/aa.org.lv\/lv\/wp-json\/wp\/v2\/pages\/60","targetHints":{"allow":["GET"]}}],"collection":[{"href":"https:\/\/aa.org.lv\/lv\/wp-json\/wp\/v2\/pages"}],"about":[{"href":"https:\/\/aa.org.lv\/lv\/wp-json\/wp\/v2\/types\/page"}],"author":[{"embeddable":true,"href":"https:\/\/aa.org.lv\/lv\/wp-json\/wp\/v2\/users\/1"}],"replies":[{"embeddable":true,"href":"https:\/\/aa.org.lv\/lv\/wp-json\/wp\/v2\/comments?post=60"}],"version-history":[{"count":37,"href":"https:\/\/aa.org.lv\/lv\/wp-json\/wp\/v2\/pages\/60\/revisions"}],"predecessor-version":[{"id":12209,"href":"https:\/\/aa.org.lv\/lv\/wp-json\/wp\/v2\/pages\/60\/revisions\/12209"}],"wp:attachment":[{"href":"https:\/\/aa.org.lv\/lv\/wp-json\/wp\/v2\/media?parent=60"}],"curies":[{"name":"wp","href":"https:\/\/api.w.org\/{rel}","templated":true}]}}