{"id":7029,"date":"2022-03-30T01:57:57","date_gmt":"2022-03-29T22:57:57","guid":{"rendered":"http:\/\/2022.aa.org.lv\/?page_id=7029"},"modified":"2026-02-11T11:07:12","modified_gmt":"2026-02-11T09:07:12","slug":"kas-mes-esam","status":"publish","type":"page","link":"https:\/\/aa.org.lv\/lv\/kas-mes-esam\/","title":{"rendered":"Kas m\u0113s esam"},"content":{"rendered":"<div data-elementor-type=\"wp-page\" data-elementor-id=\"7029\" class=\"elementor elementor-7029\" data-elementor-post-type=\"page\">\n\t\t\t\t\t\t<section class=\"elementor-section elementor-top-section elementor-element elementor-element-a808dd2 elementor-section-boxed elementor-section-height-default elementor-section-height-default\" data-id=\"a808dd2\" data-element_type=\"section\">\n\t\t\t\t\t\t<div class=\"elementor-container elementor-column-gap-default\">\n\t\t\t\t\t<div class=\"elementor-column elementor-col-100 elementor-top-column elementor-element elementor-element-96d4536\" data-id=\"96d4536\" data-element_type=\"column\">\n\t\t\t<div class=\"elementor-widget-wrap elementor-element-populated\">\n\t\t\t\t\t\t<div class=\"elementor-element elementor-element-b66bf00 elementor-widget elementor-widget-heading\" data-id=\"b66bf00\" data-element_type=\"widget\" data-widget_type=\"heading.default\">\n\t\t\t\t<div class=\"elementor-widget-container\">\n\t\t\t\t\t<h2 class=\"elementor-heading-title elementor-size-default\">Kas m\u0113s esam<\/h2>\t\t\t\t<\/div>\n\t\t\t\t<\/div>\n\t\t\t\t\t<\/div>\n\t\t<\/div>\n\t\t\t\t\t<\/div>\n\t\t<\/section>\n\t\t\t\t<section class=\"elementor-section elementor-top-section elementor-element elementor-element-61bdcad elementor-section-boxed elementor-section-height-default elementor-section-height-default\" data-id=\"61bdcad\" data-element_type=\"section\">\n\t\t\t\t\t\t<div class=\"elementor-container elementor-column-gap-default\">\n\t\t\t\t\t<div class=\"elementor-column elementor-col-100 elementor-top-column elementor-element elementor-element-df3570a\" data-id=\"df3570a\" data-element_type=\"column\">\n\t\t\t<div class=\"elementor-widget-wrap elementor-element-populated\">\n\t\t\t\t\t\t<div class=\"elementor-element elementor-element-461502b elementor-widget__width-initial elementor-widget elementor-widget-text-editor\" data-id=\"461502b\" data-element_type=\"widget\" data-widget_type=\"text-editor.default\">\n\t\t\t\t<div class=\"elementor-widget-container\">\n\t\t\t\t\t\t\t\t\t<p>M\u0113s, anon\u012bmie alkoholi\u0137i, esam v\u012brie\u0161i un sievietes, kas atkl\u0101ju\u0161i un atzinu\u0161i, ka nevaram kontrol\u0113t alkohola lieto\u0161anu. M\u0113s esam aptv\u0113ru\u0161i, ka mums j\u0101iem\u0101c\u0101s dz\u012bvot bez t\u0101, ja nev\u0113lamies sag\u0101d\u0101t nepatik\u0161anas pa\u0161i sev un saviem tuviniekiem.<\/p><p>Mums ir tikai viens galvenais m\u0113r\u0137is: palikt skaidr\u0101 un pal\u012bdz\u0113t citiem, kas l\u016bdz p\u0113c pal\u012bdz\u012bbas, ieg\u016bt skaidr\u012bbu.<\/p><p>M\u0113s neesam alkohola apkaro\u0161anas biedr\u012bba, neesam saist\u012bti ar k\u0101du grupu, sektu vai reli\u0123isku konfesiju. M\u0113s nev\u0113lamies padar\u012bt pasauli par nedz\u0113r\u0101jiem. M\u0113s neverv\u0113jam jaunus biedrus, bet laipni gaid\u0101m tos. M\u0113s neuzb\u0101\u017eamies ar savu pieredzi citiem, bet dal\u0101mies ar to tad, kad mums to l\u016bdz.<\/p><p>M\u016bsu vid\u016b var atrast visu vecumu, da\u017e\u0101du soci\u0101lo, ekonomisko un kult\u016bras sl\u0101\u0146u cilv\u0113kus. Da\u017ei no mums dz\u0113ra daudzus gadus, pirms saprata, ka nesp\u0113j c\u012bn\u012bties ar alkoholu. Citi bija pietiekami veiksm\u012bgi, lai agr\u0101 dz\u012bves vai dzer\u0161anas karjeras posm\u0101 atz\u012btu un pie\u0146emtu, ka alkohols padara vi\u0146u dz\u012bves nevad\u0101mas.<\/p><p>M\u016bsu dzer\u0161anai bija visda\u017e\u0101d\u0101k\u0101s sekas. Da\u017ei no mums, pirms griez\u0101s p\u0113c pal\u012bdz\u012bbas AA, piedz\u012bvoja, ka apk\u0101rt\u0113jie no vi\u0146iem nov\u0113r\u0161as. Citi bija zaud\u0113ju\u0161i \u0123imeni, \u012bpa\u0161umus vai pa\u0161cie\u0146u. Daudzi no mums neskait\u0101mas reizes bija nok\u013cuvu\u0161i slimn\u012bc\u0101s, detoksik\u0101cijas kl\u012bnik\u0101s vai sl\u0113gt\u0101s iest\u0101d\u0113s. M\u0113s daudz dar\u012bj\u0101m p\u0101ri m\u016bsu \u0123imen\u0113m, draugiem, darba dev\u0113jiem un pa\u0161i sev.<\/p><p>Citi no mums dzer\u0161anas rezult\u0101t\u0101 nekad nenon\u0101ca ne ieslodz\u012bjum\u0101, ne slimn\u012bc\u0101s, ne ar\u012b zaud\u0113ja darbu vai \u0123imeni. Bet m\u0113s visi galu gal\u0101 non\u0101c\u0101m punkt\u0101, kur saprat\u0101m, ka alkohols izn\u012bcina m\u016bsu dz\u012bvi. Kad atkl\u0101j\u0101m, ka nevaram dz\u012bvot bez alkohola, m\u0113s mekl\u0113j\u0101m pal\u012bdz\u012bbu AA.<\/p><p>\u0160odien, atskatoties uz savu pieredzi, m\u0113s esam gatavi piekrist idejai, ka alkoholisms ir progres\u0113jo\u0161a slim\u012bba, kuru nav iesp\u0113jams iz\u0101rst\u0113t, bet kuru var aptur\u0113t. M\u0113s piekr\u012btam, ka nav kauna lieta b\u016bt slimam, ja sp\u0113jam god\u012bgi saskat\u012bt probl\u0113mu un m\u0113\u0123in\u0101t ar to kaut ko dar\u012bt.<\/p><p>Tagad m\u0113s zin\u0101m \u2013 ja cilv\u0113ks reiz \u0161\u0137\u0113rsojis neredzamo robe\u017eu starp p\u0101rm\u0113r\u012bgu alkohola lieto\u0161anu un kompuls\u012bvu dzer\u0161anu (gribu \u2013 dzeru, negribu \u2013 ar\u012b dzeru), \u0161is cilv\u0113ks vienm\u0113r paliks alkoholi\u0137is. Visas zin\u0101\u0161anas, kas ir m\u016bsu r\u012bc\u012bb\u0101, liecina, ka \u0161\u0101dam cilv\u0113kam nav iesp\u0113jams atgriezties pie \u201cnorm\u0101las\u201d soci\u0101las iedzer\u0161anas.<\/p><p>M\u016bsu dzer\u0161anas karjer\u0101 bija laiks, kad bij\u0101m p\u0101rliecin\u0101ti, ka mums ir tikai j\u0101kontrol\u0113 sava dzer\u0161ana, j\u0101beidz dzert p\u0113c otr\u0101s, piekt\u0101s vai desmit\u0101s gl\u0101zes. Tikai pamaz\u0101m m\u0113s non\u0101c\u0101m pie atzinuma, ka tie\u0161i <i>pirmais dz\u0113riens<\/i> mums nodara visliel\u0101ko postu. Tie\u0161i pirmais dz\u0113riens izraisa alkoholisk\u0101s dom\u0101\u0161anas \u0137\u0113des reakciju, kas noved m\u016bs pie nekontrol\u0113jamas dzer\u0161anas.<\/p><p><b>K\u0101ds ir risin\u0101jums? <\/b>M\u0113s atzin\u0101m, ka vienatn\u0113 netiksim gal\u0101 ar alkoholu. M\u0113s s\u0101k\u0101m apmekl\u0113t AA sapulces un praktiz\u0113t atvese\u013co\u0161an\u0101s programmu, kas aprakst\u012bta gr\u0101mat\u0101 ANON\u012aMIE ALKOHOLI\u0136I.<\/p>\t\t\t\t\t\t\t\t<\/div>\n\t\t\t\t<\/div>\n\t\t\t\t\t<\/div>\n\t\t<\/div>\n\t\t\t\t\t<\/div>\n\t\t<\/section>\n\t\t\t\t<section class=\"elementor-section elementor-top-section elementor-element elementor-element-9a81d51 elementor-section-boxed elementor-section-height-default elementor-section-height-default\" data-id=\"9a81d51\" data-element_type=\"section\">\n\t\t\t\t\t\t<div class=\"elementor-container elementor-column-gap-default\">\n\t\t\t\t\t<div class=\"elementor-column elementor-col-100 elementor-top-column elementor-element elementor-element-d95dc12\" data-id=\"d95dc12\" data-element_type=\"column\">\n\t\t\t<div class=\"elementor-widget-wrap elementor-element-populated\">\n\t\t\t\t\t\t<section class=\"elementor-section elementor-inner-section elementor-element elementor-element-910609c elementor-section-boxed elementor-section-height-default elementor-section-height-default\" data-id=\"910609c\" data-element_type=\"section\">\n\t\t\t\t\t\t<div class=\"elementor-container elementor-column-gap-default\">\n\t\t\t\t\t<div class=\"elementor-column elementor-col-50 elementor-inner-column elementor-element elementor-element-0647f40\" data-id=\"0647f40\" data-element_type=\"column\">\n\t\t\t<div class=\"elementor-widget-wrap elementor-element-populated\">\n\t\t\t\t\t\t<div class=\"elementor-element elementor-element-3b3c514 elementor-button-info elementor-align-center elementor-widget__width-initial elementor-widget elementor-widget-button\" data-id=\"3b3c514\" data-element_type=\"widget\" data-widget_type=\"button.default\">\n\t\t\t\t<div class=\"elementor-widget-container\">\n\t\t\t\t\t\t\t\t\t<div class=\"elementor-button-wrapper\">\n\t\t\t\t\t<a class=\"elementor-button elementor-button-link elementor-size-md elementor-animation-grow\" href=\"https:\/\/aa.org.lv\/lv\/sapulces\/\">\n\t\t\t\t\t\t<span class=\"elementor-button-content-wrapper\">\n\t\t\t\t\t\t\t\t\t<span class=\"elementor-button-text\">Atrast tuv\u0101ko sapulci<\/span>\n\t\t\t\t\t<\/span>\n\t\t\t\t\t<\/a>\n\t\t\t\t<\/div>\n\t\t\t\t\t\t\t\t<\/div>\n\t\t\t\t<\/div>\n\t\t\t\t\t<\/div>\n\t\t<\/div>\n\t\t\t\t<div class=\"elementor-column elementor-col-50 elementor-inner-column elementor-element elementor-element-72469d2\" data-id=\"72469d2\" data-element_type=\"column\">\n\t\t\t<div class=\"elementor-widget-wrap elementor-element-populated\">\n\t\t\t\t\t\t<div class=\"elementor-element elementor-element-c8505c4 elementor-align-center elementor-widget__width-initial elementor-widget elementor-widget-button\" data-id=\"c8505c4\" data-element_type=\"widget\" data-widget_type=\"button.default\">\n\t\t\t\t<div class=\"elementor-widget-container\">\n\t\t\t\t\t\t\t\t\t<div class=\"elementor-button-wrapper\">\n\t\t\t\t\t<a class=\"elementor-button elementor-button-link elementor-size-md elementor-animation-grow\" href=\"https:\/\/aa.org.lv\/lv\/?p=8554\">\n\t\t\t\t\t\t<span class=\"elementor-button-content-wrapper\">\n\t\t\t\t\t\t\t\t\t<span class=\"elementor-button-text\">Las\u012bt vair\u0101k par alkoholismu <\/span>\n\t\t\t\t\t<\/span>\n\t\t\t\t\t<\/a>\n\t\t\t\t<\/div>\n\t\t\t\t\t\t\t\t<\/div>\n\t\t\t\t<\/div>\n\t\t\t\t\t<\/div>\n\t\t<\/div>\n\t\t\t\t\t<\/div>\n\t\t<\/section>\n\t\t\t\t<div class=\"elementor-element elementor-element-87c3fdb elementor-widget-divider--view-line elementor-widget elementor-widget-divider\" data-id=\"87c3fdb\" data-element_type=\"widget\" data-widget_type=\"divider.default\">\n\t\t\t\t<div class=\"elementor-widget-container\">\n\t\t\t\t\t\t\t<div class=\"elementor-divider\">\n\t\t\t<span class=\"elementor-divider-separator\">\n\t\t\t\t\t\t<\/span>\n\t\t<\/div>\n\t\t\t\t\t\t<\/div>\n\t\t\t\t<\/div>\n\t\t\t\t<section class=\"elementor-section elementor-inner-section elementor-element elementor-element-3745487 elementor-section-boxed elementor-section-height-default elementor-section-height-default\" data-id=\"3745487\" data-element_type=\"section\">\n\t\t\t\t\t\t<div class=\"elementor-container elementor-column-gap-default\">\n\t\t\t\t\t<div class=\"elementor-column elementor-col-50 elementor-inner-column elementor-element elementor-element-8d4e34e\" data-id=\"8d4e34e\" data-element_type=\"column\">\n\t\t\t<div class=\"elementor-widget-wrap elementor-element-populated\">\n\t\t\t\t\t\t<div class=\"elementor-element elementor-element-81fe665 elementor-widget__width-initial elementor-widget elementor-widget-text-editor\" data-id=\"81fe665\" data-element_type=\"widget\" data-widget_type=\"text-editor.default\">\n\t\t\t\t<div class=\"elementor-widget-container\">\n\t\t\t\t\t\t\t\t\t<h4 style=\"text-align: center;\"><strong>Informat\u012bvais t\u0101lrunis 27333523<\/strong><\/h4>\t\t\t\t\t\t\t\t<\/div>\n\t\t\t\t<\/div>\n\t\t\t\t\t<\/div>\n\t\t<\/div>\n\t\t\t\t<div class=\"elementor-column elementor-col-50 elementor-inner-column elementor-element elementor-element-0f90193\" data-id=\"0f90193\" data-element_type=\"column\">\n\t\t\t<div class=\"elementor-widget-wrap elementor-element-populated\">\n\t\t\t\t\t\t<div class=\"elementor-element elementor-element-d41682a elementor-widget__width-initial elementor-widget elementor-widget-text-editor\" data-id=\"d41682a\" data-element_type=\"widget\" data-widget_type=\"text-editor.default\">\n\t\t\t\t<div class=\"elementor-widget-container\">\n\t\t\t\t\t\t\t\t\t<h4>\u00a0<strong>Uzraksti mums: birojs@aa.org.lv<br \/><\/strong><\/h4>\t\t\t\t\t\t\t\t<\/div>\n\t\t\t\t<\/div>\n\t\t\t\t\t<\/div>\n\t\t<\/div>\n\t\t\t\t\t<\/div>\n\t\t<\/section>\n\t\t\t\t\t<\/div>\n\t\t<\/div>\n\t\t\t\t\t<\/div>\n\t\t<\/section>\n\t\t\t\t<\/div>","protected":false},"excerpt":{"rendered":"<p>Kas m\u0113s esam M\u0113s, anon\u012bmie alkoholi\u0137i, esam v\u012brie\u0161i un sievietes, kas atkl\u0101ju\u0161i un atzinu\u0161i, ka nevaram kontrol\u0113t alkohola lieto\u0161anu. M\u0113s esam aptv\u0113ru\u0161i, ka mums j\u0101iem\u0101c\u0101s dz\u012bvot bez t\u0101, ja nev\u0113lamies sag\u0101d\u0101t nepatik\u0161anas pa\u0161i sev un saviem tuviniekiem. Mums ir tikai viens galvenais m\u0113r\u0137is: palikt skaidr\u0101 un pal\u012bdz\u0113t citiem, kas l\u016bdz p\u0113c pal\u012bdz\u012bbas, ieg\u016bt skaidr\u012bbu. M\u0113s [&hellip;]<\/p>","protected":false},"author":1,"featured_media":0,"parent":0,"menu_order":0,"comment_status":"closed","ping_status":"closed","template":"","meta":{"footnotes":""},"class_list":["post-7029","page","type-page","status-publish","hentry"],"_links":{"self":[{"href":"https:\/\/aa.org.lv\/lv\/wp-json\/wp\/v2\/pages\/7029","targetHints":{"allow":["GET"]}}],"collection":[{"href":"https:\/\/aa.org.lv\/lv\/wp-json\/wp\/v2\/pages"}],"about":[{"href":"https:\/\/aa.org.lv\/lv\/wp-json\/wp\/v2\/types\/page"}],"author":[{"embeddable":true,"href":"https:\/\/aa.org.lv\/lv\/wp-json\/wp\/v2\/users\/1"}],"replies":[{"embeddable":true,"href":"https:\/\/aa.org.lv\/lv\/wp-json\/wp\/v2\/comments?post=7029"}],"version-history":[{"count":106,"href":"https:\/\/aa.org.lv\/lv\/wp-json\/wp\/v2\/pages\/7029\/revisions"}],"predecessor-version":[{"id":12157,"href":"https:\/\/aa.org.lv\/lv\/wp-json\/wp\/v2\/pages\/7029\/revisions\/12157"}],"wp:attachment":[{"href":"https:\/\/aa.org.lv\/lv\/wp-json\/wp\/v2\/media?parent=7029"}],"curies":[{"name":"wp","href":"https:\/\/api.w.org\/{rel}","templated":true}]}}