{"id":7038,"date":"2022-03-30T02:00:54","date_gmt":"2022-03-29T23:00:54","guid":{"rendered":"http:\/\/2022.aa.org.lv\/?page_id=7038"},"modified":"2024-11-13T21:03:13","modified_gmt":"2024-11-13T19:03:13","slug":"biezak-uzdotie-jautajumi","status":"publish","type":"page","link":"https:\/\/aa.org.lv\/lv\/sakums-2\/biezak-uzdotie-jautajumi\/","title":{"rendered":"Bie\u017e\u0101k uzdotie jaut\u0101jumi"},"content":{"rendered":"<div data-elementor-type=\"wp-page\" data-elementor-id=\"7038\" class=\"elementor elementor-7038\" data-elementor-post-type=\"page\">\n\t\t\t\t\t\t<section class=\"elementor-section elementor-top-section elementor-element elementor-element-e11f1db elementor-section-boxed elementor-section-height-default elementor-section-height-default\" data-id=\"e11f1db\" data-element_type=\"section\">\n\t\t\t\t\t\t<div class=\"elementor-container elementor-column-gap-default\">\n\t\t\t\t\t<div class=\"elementor-column elementor-col-100 elementor-top-column elementor-element elementor-element-d2eb835\" data-id=\"d2eb835\" data-element_type=\"column\">\n\t\t\t<div class=\"elementor-widget-wrap elementor-element-populated\">\n\t\t\t\t\t\t<div class=\"elementor-element elementor-element-8fa3fbc elementor-widget elementor-widget-heading\" data-id=\"8fa3fbc\" data-element_type=\"widget\" data-widget_type=\"heading.default\">\n\t\t\t\t<div class=\"elementor-widget-container\">\n\t\t\t\t\t<h2 class=\"elementor-heading-title elementor-size-default\">Bie\u017e\u0101k uzdotie jaut\u0101jumi<\/h2>\t\t\t\t<\/div>\n\t\t\t\t<\/div>\n\t\t\t\t\t<\/div>\n\t\t<\/div>\n\t\t\t\t\t<\/div>\n\t\t<\/section>\n\t\t\t\t<section class=\"elementor-section elementor-top-section elementor-element elementor-element-1d5d325 elementor-section-boxed elementor-section-height-default elementor-section-height-default\" data-id=\"1d5d325\" data-element_type=\"section\">\n\t\t\t\t\t\t<div class=\"elementor-container elementor-column-gap-default\">\n\t\t\t\t\t<div class=\"elementor-column elementor-col-100 elementor-top-column elementor-element elementor-element-fec340d\" data-id=\"fec340d\" data-element_type=\"column\">\n\t\t\t<div class=\"elementor-widget-wrap elementor-element-populated\">\n\t\t\t\t\t\t<div class=\"elementor-element elementor-element-be084ab elementor-widget elementor-widget-text-editor\" data-id=\"be084ab\" data-element_type=\"widget\" data-widget_type=\"text-editor.default\">\n\t\t\t\t<div class=\"elementor-widget-container\">\n\t\t\t\t\t\t\t\t\t<p>PDF versija <a href=\"https:\/\/aa.org.lv\/wp-content\/uploads\/2023\/09\/BUJ_AA.pdf\" target=\"_blank\" rel=\"noopener\">\u0161eit<\/a><\/p><p><strong>1. Kas ir Anon\u012bmie alkoholi\u0137i?<\/strong><\/p><p>M\u0113s esam v\u012brie\u0161i un sievietes, kas atkl\u0101ju\u0161i un atzinu\u0161i, ka nesp\u0113jam kontrol\u0113t savu dzer\u0161anu un t\u0101s d\u0113\u013c non\u0101ku\u0161i da\u017e\u0101d\u0101s nepat\u012bkam\u0101s situ\u0101cij\u0101s. M\u0113s cen\u0161amies dz\u012bvot pilnv\u0113rt\u012bgu dz\u012bvi bez alkohola, un liel\u0101kajai da\u013cai no mums tas izdodas.<\/p><p>Mums ir tikai viens galvenais m\u0113r\u0137is \u2013 palikt skaidr\u0101 un pal\u012bdz\u0113t ieg\u016bt skaidr\u012bbu ar\u012b citiem, kuri mums l\u016bdz pal\u012bdz\u012bbu.<\/p><p>M\u0113s neesam saist\u012bti ar iest\u0101d\u0113m, sekt\u0101m vai reli\u0123isk\u0101m konfesij\u0101m. M\u0113s nevienu ne\u0101rst\u0113jam, bet dal\u0101mies ar savu dzer\u0161anas un atvese\u013co\u0161an\u0101s pieredzi ar tiem, kas v\u0113las to sa\u0146emt.<\/p><p><strong>2. Vai esmu alkoholi\u0137is?<\/strong><\/p><p>Ja tev \u0161\u0137iet, ka zaud\u0113 kontroli p\u0101r savu alkohola pat\u0113ri\u0146u, iesp\u0113jams, tu esi alkoholi\u0137is. Ta\u010du tikai tu pats vari izdar\u012bt \u0161\u0101du secin\u0101jumu. Tikai tu pats vari noteikt, vai dzer\u0161ana ir k\u013cuvusi par nevad\u0101mu probl\u0113mu.<\/p><p><strong>3. K\u0101 AA var pal\u012bdz\u0113t atrisin\u0101t manu dzer\u0161anas probl\u0113mu?<\/strong><\/p><p>M\u0113s zin\u0101m, ko noz\u012bm\u0113 b\u016bt atkar\u012bgam no alkohola, ko noz\u012bm\u0113 sol\u012bt sev un citiem atmest dzer\u0161anu, bet nesp\u0113t \u0161os sol\u012bjumus pild\u012bt. M\u0113s neesam profesion\u0101li terapeiti. M\u016bsu vien\u012bg\u0101 kvalifik\u0101cija ir pa\u0161u atvese\u013co\u0161an\u0101s pieredze.<\/p><p><strong>4. K\u0101 iest\u0101ties AA?<\/strong><\/p><p>AA nav form\u0101lu \u201ciest\u0101\u0161an\u0101s\u201d noteikumu. Dro\u0161i dodies uz k\u0101du no daudzaj\u0101m AA sapulc\u0113m, kur var\u0113si sastapt cilv\u0113kus ar l\u012bdz\u012bgu pieredzi. Tev nav iepriek\u0161 j\u0101piesakas. Vien\u012bgais noteikums dal\u012bbai \u2013 v\u0113l\u0113\u0161an\u0101s p\u0101rtraukt dzer\u0161anu. Savu tuv\u0101ko sapulci vari atrast <a href=\"https:\/\/aa.org.lv\/lv\/sapulces\/meklet-sapulci\/\" target=\"_blank\" rel=\"noopener\"><strong>\u0161eit.\u00a0<\/strong> <\/a><\/p><p><strong>5. K\u0101 at\u0161\u0137iras sl\u0113gt\u0101s un atkl\u0101t\u0101s sapulces?<\/strong><\/p><p>Sl\u0113gt\u0101s sapulces paredz\u0113tas tikai AA biedriem vai tiem, kuri uzskata, ka vi\u0146iem ir probl\u0113mas ar dzer\u0161anu. Sl\u0113gt\u0101s sapulces sniedz iesp\u0113ju p\u0101rrun\u0101t ar alkoholismu saist\u012btas probl\u0113mas, kuras vislab\u0101k saprat\u012bs tikai citi alkoholi\u0137i.<\/p><p>Savuk\u0101rt atkl\u0101tas sapulces var apmekl\u0113t jebkur\u0161 neatkar\u012bgi no t\u0101, vai vi\u0146\u0161 ir alkoholi\u0137is. Vien\u012bg\u0101 pras\u012bba ir neizpaust AA biedru v\u0101rdus \u0101rpus sapulces.<\/p><p>Tas, vai sapulce ir sl\u0113gta vai atkl\u0101ta, ir nor\u0101d\u012bts <a href=\"https:\/\/aa.org.lv\/lv\/sapulces\/meklet-sapulci\/\" target=\"_blank\" rel=\"noopener\">sapul\u010du sarakst\u0101.<\/a><\/p><p><strong>6. Cik tas maks\u0101?<\/strong><\/p><p>AA pal\u012bdz\u012bba ir bez maksas. Mums nav ne iest\u0101\u0161an\u0101s, ne dal\u012bbas maksas. M\u0113s pa\u0161i sevi uzturam, pateicoties m\u016bsu ziedojumiem, kurus izmantojam telpu \u012brei, kafijai, cepumiem utml. Ziedojumi ir piln\u012bgi br\u012bvpr\u0101t\u012bgi.<\/p><p><strong>7. Cik ilgi j\u0101b\u016bt skaidr\u0101, lai n\u0101ktu uz sapulc\u0113m?\u00a0<\/strong><\/p><p>Mums nav \u0161\u0101du noteikumu. Grupas pa\u0161as izlemj, vai at\u013caut piedal\u012bties sapulc\u0113s tiem, kas ir reibum\u0101. Da\u017eas grupas l\u016bdz iereibu\u0161us viesus atgriezties n\u0101kamreiz, kad vi\u0146i b\u016bs skaidr\u0101. Citas grupas at\u013cauj iereibu\u0161iem viesiem piedal\u012bties sapulc\u0113, ta\u010du l\u016bdz attur\u0113ties no izteik\u0161an\u0101s un tikai klaus\u012bties.<\/p><p><strong>8. Kas notiek AA sapulc\u0113?<\/strong><\/p><p>AA sapul\u010du form\u0101ts var at\u0161\u0137irties, bet katr\u0101 tu vari sastapt cilv\u0113kus, kuri st\u0101sta par to, ko dzer\u0161ana ir nodar\u012bjusi vi\u0146u dz\u012bv\u0113m un ko vi\u0146i dar\u012bju\u0161i, lai sev pal\u012bdz\u0113tu.<\/p><p><strong>9. Vai sapul\u010du apmekl\u0113\u0161ana man uzliek k\u0101das saist\u012bbas?<\/strong><\/p><p>N\u0113. AA nav biedru sarakstu, sapul\u010du apmekl\u0113jumi netiek uzskait\u012bti. Tev nav nekas par sevi j\u0101atkl\u0101j. Ja s\u0101kum\u0101 nej\u016bties dro\u0161i, vari tikai klaus\u012bties. Ja izlemsi vairs nen\u0101kt, neviens neuzb\u0101z\u012bsies.<\/p><p><strong>10. Cik bie\u017ei j\u0101apmekl\u0113 sapulces?<\/strong><\/p><p>Nevienam AA biedram nav j\u0101apmekl\u0113 noteikts sapul\u010du skaits noteikt\u0101 laika posm\u0101. To katrs pats izlemj p\u0113c nepiecie\u0161am\u012bbas un v\u0113l\u0113\u0161an\u0101s. Liel\u0101k\u0101 da\u013ca biedru cen\u0161as apmekl\u0113t sapulces ne ret\u0101k k\u0101 reizi ned\u0113\u013c\u0101. Citi apmekl\u0113 sapulces gandr\u012bz katru vakaru, ja vi\u0146u apk\u0101rtn\u0113 ir \u0161\u0101da iesp\u0113ja. Ir ar\u012b t\u0101di, kuri bez sapulc\u0113m iztiek ilg\u0101ku laiku.<\/p><p><strong>11. Kas notiks, ja satik\u0161u k\u0101du paz\u012bstamu cilv\u0113ku?<\/strong><\/p><p>Tas noz\u012bm\u0113s, ka \u0161im cilv\u0113kiem ir t\u0101da pati probl\u0113ma, kuru vi\u0146\u0161 v\u0113las risin\u0101t. \u0100rpus AA m\u0113s nest\u0101st\u0101m par sapulc\u0113s satiktajiem cilv\u0113kiem. AA tu vari saglab\u0101t anonimit\u0101ti tik liel\u0101 m\u0113r\u0101, cik v\u0113lies.<\/p><p><strong>12. Vai varu n\u0101kt uz sapulci ar \u0123imenes locekli vai draugu?<\/strong><\/p><p>\u0122imenes locek\u013ci vai draugi ir laipni gaid\u012bti atkl\u0101taj\u0101s AA sapulc\u0113s. Sl\u0113gt\u0101s sapulces tradicion\u0101li paredz\u0113tas tikai alkoholi\u0137iem.<\/p><p>Alkoholi\u0137u \u0123imenes locek\u013ci un tuvinieki var mekl\u0113t pal\u012bdz\u012bbu Al\u2013Anon \u0123imenes grup\u0101s: <a href=\"https:\/\/alanon.org.lv\/\" target=\"_blank\" rel=\"noopener\">https:\/\/alanon.org.lv\/<\/a><\/p><div>\u00a0<\/div>\t\t\t\t\t\t\t\t<\/div>\n\t\t\t\t<\/div>\n\t\t\t\t\t<\/div>\n\t\t<\/div>\n\t\t\t\t\t<\/div>\n\t\t<\/section>\n\t\t\t\t<section class=\"elementor-section elementor-top-section elementor-element elementor-element-79d498b elementor-section-boxed elementor-section-height-default elementor-section-height-default\" data-id=\"79d498b\" data-element_type=\"section\">\n\t\t\t\t\t\t<div class=\"elementor-container elementor-column-gap-default\">\n\t\t\t\t\t<div class=\"elementor-column elementor-col-100 elementor-top-column elementor-element elementor-element-94560e8\" data-id=\"94560e8\" data-element_type=\"column\">\n\t\t\t<div class=\"elementor-widget-wrap elementor-element-populated\">\n\t\t\t\t\t\t<div class=\"elementor-element elementor-element-90093db elementor-widget elementor-widget-heading\" data-id=\"90093db\" data-element_type=\"widget\" data-widget_type=\"heading.default\">\n\t\t\t\t<div class=\"elementor-widget-container\">\n\t\t\t\t\t<h2 class=\"elementor-heading-title elementor-size-default\">Ko AA nedara?<\/h2>\t\t\t\t<\/div>\n\t\t\t\t<\/div>\n\t\t\t\t\t<\/div>\n\t\t<\/div>\n\t\t\t\t\t<\/div>\n\t\t<\/section>\n\t\t\t\t<section class=\"elementor-section elementor-top-section elementor-element elementor-element-d790770 elementor-section-boxed elementor-section-height-default elementor-section-height-default\" data-id=\"d790770\" data-element_type=\"section\">\n\t\t\t\t\t\t<div class=\"elementor-container elementor-column-gap-default\">\n\t\t\t\t\t<div class=\"elementor-column elementor-col-100 elementor-top-column elementor-element elementor-element-b54141e\" data-id=\"b54141e\" data-element_type=\"column\">\n\t\t\t<div class=\"elementor-widget-wrap elementor-element-populated\">\n\t\t\t\t\t\t<div class=\"elementor-element elementor-element-1f50207 elementor-widget__width-initial elementor-widget elementor-widget-text-editor\" data-id=\"1f50207\" data-element_type=\"widget\" data-widget_type=\"text-editor.default\">\n\t\t\t\t<div class=\"elementor-widget-container\">\n\t\t\t\t\t\t\t\t\t<p><strong><em>Anon\u012bmie alkoholi\u0137i<\/em><\/strong>:<\/p><ul><li>neverv\u0113 biedrus un nenodarbojas ar alkoholi\u0137u motiv\u0113\u0161anu atvese\u013coties,<\/li><li>nere\u0123istr\u0113 biedrus un neveido slim\u012bbas v\u0113stures,<\/li><li>neuzskaita sapul\u010du apmekl\u0113jumus un nekontrol\u0113 biedrus,<\/li><li>nenosaka medic\u012bniskas vai psihiatriskas diagnozes, neizsaka prognozes,<\/li><li>nenodro\u0161ina hospitaliz\u0101ciju, z\u0101les, medic\u012bnisku vai psihiatrisku \u0101rst\u0113\u0161anu,<\/li><li>nenodro\u0161ina ar dz\u012bvesvietu, p\u0101rtiku, ap\u0123\u0113rbu, darbu, naudu un l\u012bdz\u012bgiem pakalpojumiem,<\/li><li>nenodarbojas ar \u0123imenes terapiju,<\/li><li>nepas\u016bta un neiesaist\u0101s p\u0113t\u012bjumos,<\/li><li>nav soci\u0101lo iest\u0101\u017eu sast\u0101v\u0101 (lai gan daudzi AA biedri sadarbojos ar t\u0101m),<\/li><li>nepied\u0101v\u0101 reli\u0123iskus pakalpojumus,<\/li><li>neiesaist\u0101s debat\u0113s par alkoholu vai citiem jaut\u0101jumiem,<\/li><li>nepie\u0146em naudu par saviem pakalpojumiem un ziedojumus no avotiem \u0101rpus AA,<\/li><li>neizsniedz rekomend\u0101cijas v\u0113stules prob\u0101cijas dienestiem, juristiem, ties\u0101m, skol\u0101m, darbadev\u0113jiem, soci\u0101l\u0101m iest\u0101d\u0113m vai jebkurai citai organiz\u0101cijai vai instit\u016bcijai.<\/li><\/ul><p>\u00a0<\/p>\t\t\t\t\t\t\t\t<\/div>\n\t\t\t\t<\/div>\n\t\t\t\t\t<\/div>\n\t\t<\/div>\n\t\t\t\t\t<\/div>\n\t\t<\/section>\n\t\t\t\t<\/div>","protected":false},"excerpt":{"rendered":"<p>Bie\u017e\u0101k uzdotie jaut\u0101jumi PDF versija \u0161eit 1. Kas ir Anon\u012bmie alkoholi\u0137i? M\u0113s esam v\u012brie\u0161i un sievietes, kas atkl\u0101ju\u0161i un atzinu\u0161i, ka nesp\u0113jam kontrol\u0113t savu dzer\u0161anu un t\u0101s d\u0113\u013c non\u0101ku\u0161i da\u017e\u0101d\u0101s nepat\u012bkam\u0101s situ\u0101cij\u0101s. M\u0113s cen\u0161amies dz\u012bvot pilnv\u0113rt\u012bgu dz\u012bvi bez alkohola, un liel\u0101kajai da\u013cai no mums tas izdodas. Mums ir tikai viens galvenais m\u0113r\u0137is \u2013 palikt skaidr\u0101 [&hellip;]<\/p>","protected":false},"author":1,"featured_media":0,"parent":54,"menu_order":0,"comment_status":"closed","ping_status":"closed","template":"","meta":{"footnotes":""},"class_list":["post-7038","page","type-page","status-publish","hentry"],"_links":{"self":[{"href":"https:\/\/aa.org.lv\/lv\/wp-json\/wp\/v2\/pages\/7038","targetHints":{"allow":["GET"]}}],"collection":[{"href":"https:\/\/aa.org.lv\/lv\/wp-json\/wp\/v2\/pages"}],"about":[{"href":"https:\/\/aa.org.lv\/lv\/wp-json\/wp\/v2\/types\/page"}],"author":[{"embeddable":true,"href":"https:\/\/aa.org.lv\/lv\/wp-json\/wp\/v2\/users\/1"}],"replies":[{"embeddable":true,"href":"https:\/\/aa.org.lv\/lv\/wp-json\/wp\/v2\/comments?post=7038"}],"version-history":[{"count":61,"href":"https:\/\/aa.org.lv\/lv\/wp-json\/wp\/v2\/pages\/7038\/revisions"}],"predecessor-version":[{"id":11971,"href":"https:\/\/aa.org.lv\/lv\/wp-json\/wp\/v2\/pages\/7038\/revisions\/11971"}],"up":[{"embeddable":true,"href":"https:\/\/aa.org.lv\/lv\/wp-json\/wp\/v2\/pages\/54"}],"wp:attachment":[{"href":"https:\/\/aa.org.lv\/lv\/wp-json\/wp\/v2\/media?parent=7038"}],"curies":[{"name":"wp","href":"https:\/\/api.w.org\/{rel}","templated":true}]}}