{"id":7060,"date":"2022-03-30T02:10:14","date_gmt":"2022-03-29T23:10:14","guid":{"rendered":"http:\/\/2022.aa.org.lv\/?page_id=7060"},"modified":"2023-11-30T22:48:07","modified_gmt":"2023-11-30T20:48:07","slug":"meklet-sapulci","status":"publish","type":"page","link":"https:\/\/aa.org.lv\/lv\/sapulces\/meklet-sapulci\/","title":{"rendered":"Mekl\u0113t sapulci"},"content":{"rendered":"<div data-elementor-type=\"wp-page\" data-elementor-id=\"7060\" class=\"elementor elementor-7060\" data-elementor-post-type=\"page\">\n\t\t\t\t\t\t<section class=\"elementor-section elementor-top-section elementor-element elementor-element-6e85e14 elementor-section-boxed elementor-section-height-default elementor-section-height-default\" data-id=\"6e85e14\" data-element_type=\"section\">\n\t\t\t\t\t\t<div class=\"elementor-container elementor-column-gap-default\">\n\t\t\t\t\t<div class=\"elementor-column elementor-col-100 elementor-top-column elementor-element elementor-element-49c3c8f\" data-id=\"49c3c8f\" data-element_type=\"column\">\n\t\t\t<div class=\"elementor-widget-wrap elementor-element-populated\">\n\t\t\t\t\t\t<div class=\"elementor-element elementor-element-7a75abd elementor-widget elementor-widget-text-editor\" data-id=\"7a75abd\" data-element_type=\"widget\" data-widget_type=\"text-editor.default\">\n\t\t\t\t<div class=\"elementor-widget-container\">\n\t\t\t\t\t\t\t\t\t<h4>AA sapulces notiek vis\u0101 Latvij\u0101 \u2014 gan kl\u0101tien\u0113, gan internet\u0101.\u00a0 <br \/>Izv\u0113lieties sev piem\u0113rot\u0101ko sapulci, filtr\u0113jot p\u0113c form\u0101ta, pils\u0113tas\u00a0 vai norises dienas.<\/h4>\t\t\t\t\t\t\t\t<\/div>\n\t\t\t\t<\/div>\n\t\t\t\t<div class=\"elementor-element elementor-element-a838ec6 elementor-widget elementor-widget-shortcode\" data-id=\"a838ec6\" data-element_type=\"widget\" data-widget_type=\"shortcode.default\">\n\t\t\t\t<div class=\"elementor-widget-container\">\n\t\t\t\t\t\t\t<div class=\"elementor-shortcode\"> \t\t<div class=\"wcs-timetable__wrapper\">\n\t\t\t<div class=\"wcs-vue\" id=\"wcs-app-1\"><\/div>\n\t\t<\/div>\n\t\t <\/div>\n\t\t\t\t\t\t<\/div>\n\t\t\t\t<\/div>\n\t\t\t\t\t<\/div>\n\t\t<\/div>\n\t\t\t\t\t<\/div>\n\t\t<\/section>\n\t\t\t\t<\/div>","protected":false},"excerpt":{"rendered":"<p>AA sapulces notiek vis\u0101 Latvij\u0101 \u2014 gan kl\u0101tien\u0113, gan internet\u0101.\u00a0 Izv\u0113lieties sev piem\u0113rot\u0101ko sapulci, filtr\u0113jot p\u0113c form\u0101ta, pils\u0113tas\u00a0 vai norises dienas.<\/p>","protected":false},"author":1,"featured_media":0,"parent":11,"menu_order":0,"comment_status":"closed","ping_status":"closed","template":"","meta":{"footnotes":""},"class_list":["post-7060","page","type-page","status-publish","hentry"],"_links":{"self":[{"href":"https:\/\/aa.org.lv\/lv\/wp-json\/wp\/v2\/pages\/7060","targetHints":{"allow":["GET"]}}],"collection":[{"href":"https:\/\/aa.org.lv\/lv\/wp-json\/wp\/v2\/pages"}],"about":[{"href":"https:\/\/aa.org.lv\/lv\/wp-json\/wp\/v2\/types\/page"}],"author":[{"embeddable":true,"href":"https:\/\/aa.org.lv\/lv\/wp-json\/wp\/v2\/users\/1"}],"replies":[{"embeddable":true,"href":"https:\/\/aa.org.lv\/lv\/wp-json\/wp\/v2\/comments?post=7060"}],"version-history":[{"count":32,"href":"https:\/\/aa.org.lv\/lv\/wp-json\/wp\/v2\/pages\/7060\/revisions"}],"predecessor-version":[{"id":10120,"href":"https:\/\/aa.org.lv\/lv\/wp-json\/wp\/v2\/pages\/7060\/revisions\/10120"}],"up":[{"embeddable":true,"href":"https:\/\/aa.org.lv\/lv\/wp-json\/wp\/v2\/pages\/11"}],"wp:attachment":[{"href":"https:\/\/aa.org.lv\/lv\/wp-json\/wp\/v2\/media?parent=7060"}],"curies":[{"name":"wp","href":"https:\/\/api.w.org\/{rel}","templated":true}]}}