{"id":7066,"date":"2022-03-30T02:11:41","date_gmt":"2022-03-29T23:11:41","guid":{"rendered":"http:\/\/2022.aa.org.lv\/?page_id=7066"},"modified":"2023-02-05T15:09:03","modified_gmt":"2023-02-05T13:09:03","slug":"grupu-registrs","status":"publish","type":"page","link":"https:\/\/aa.org.lv\/lv\/aa-biedriem\/grupu-registrs\/","title":{"rendered":"Grupu re\u0123istrs"},"content":{"rendered":"<div data-elementor-type=\"wp-page\" data-elementor-id=\"7066\" class=\"elementor elementor-7066\" data-elementor-post-type=\"page\">\n\t\t\t\t\t\t<section class=\"elementor-section elementor-top-section elementor-element elementor-element-d7662c9 elementor-section-boxed elementor-section-height-default elementor-section-height-default\" data-id=\"d7662c9\" data-element_type=\"section\">\n\t\t\t\t\t\t<div class=\"elementor-container elementor-column-gap-default\">\n\t\t\t\t\t<div class=\"elementor-column elementor-col-100 elementor-top-column elementor-element elementor-element-4a1d87a\" data-id=\"4a1d87a\" data-element_type=\"column\">\n\t\t\t<div class=\"elementor-widget-wrap elementor-element-populated\">\n\t\t\t\t\t\t<div class=\"elementor-element elementor-element-4fdb9a8 elementor-widget elementor-widget-heading\" data-id=\"4fdb9a8\" data-element_type=\"widget\" data-widget_type=\"heading.default\">\n\t\t\t\t<div class=\"elementor-widget-container\">\n\t\t\t\t\t<h2 class=\"elementor-heading-title elementor-size-medium\">\nJ\u016bsu pieteikums tiks nos\u016bt\u012bts biroja vad\u012bt\u0101jam. \nNepiecie\u0161am\u012bbas gad\u012bjum\u0101 ar jums sazin\u0101sies.<\/h2>\t\t\t\t<\/div>\n\t\t\t\t<\/div>\n\t\t\t\t\t<\/div>\n\t\t<\/div>\n\t\t\t\t\t<\/div>\n\t\t<\/section>\n\t\t\t\t<section class=\"elementor-section elementor-top-section elementor-element elementor-element-7d9d608b elementor-section-height-min-height elementor-section-boxed elementor-section-height-default elementor-section-items-middle\" data-id=\"7d9d608b\" data-element_type=\"section\">\n\t\t\t\t\t\t<div class=\"elementor-container elementor-column-gap-default\">\n\t\t\t\t\t<div class=\"elementor-column elementor-col-100 elementor-top-column elementor-element elementor-element-28195f51\" data-id=\"28195f51\" data-element_type=\"column\">\n\t\t\t<div class=\"elementor-widget-wrap elementor-element-populated\">\n\t\t\t\t\t\t<div class=\"elementor-element elementor-element-16da881 elementor-button-align-stretch elementor-widget elementor-widget-form\" data-id=\"16da881\" data-element_type=\"widget\" data-settings=\"{&quot;step_next_label&quot;:&quot;Next&quot;,&quot;step_previous_label&quot;:&quot;Previous&quot;,&quot;button_width&quot;:&quot;100&quot;,&quot;step_type&quot;:&quot;number_text&quot;,&quot;step_icon_shape&quot;:&quot;circle&quot;}\" data-widget_type=\"form.default\">\n\t\t\t\t<div class=\"elementor-widget-container\">\n\t\t\t\t\t\t\t<form class=\"elementor-form\" method=\"post\" name=\"Sapulces\" aria-label=\"Sapulces\" action=\"\">\n\t\t\t<input type=\"hidden\" name=\"post_id\" value=\"7066\"\/>\n\t\t\t<input type=\"hidden\" name=\"form_id\" value=\"16da881\"\/>\n\t\t\t<input type=\"hidden\" name=\"referer_title\" value=\"Grupu re\u0123istrs\" \/>\n\n\t\t\t\t\t\t\t<input type=\"hidden\" name=\"queried_id\" value=\"7066\"\/>\n\t\t\t\n\t\t\t<div class=\"elementor-form-fields-wrapper elementor-labels-above\">\n\t\t\t\t\t\t\t\t<div class=\"elementor-field-type-select elementor-field-group elementor-column elementor-field-group-field_ef65e17 elementor-col-100 elementor-field-required elementor-mark-required\">\n\t\t\t\t\t\t\t\t\t\t\t\t<label for=\"form-field-field_ef65e17\" class=\"elementor-field-label\">\n\t\t\t\t\t\t\t\tTips\t\t\t\t\t\t\t<\/label>\n\t\t\t\t\t\t\t\t<div class=\"elementor-field elementor-select-wrapper remove-before\">\n\t\t\t<div class=\"select-caret-down-wrapper\">\n\t\t\t\t<i aria-hidden=\"true\" class=\"eicon-caret-down\"><\/i>\t\t\t<\/div>\n\t\t\t<select name=\"form_fields[field_ef65e17]\" id=\"form-field-field_ef65e17\" class=\"elementor-field-textual elementor-size-md\" required=\"required\">\n\t\t\t\t\t\t\t\t\t<option value=\"Tie\u0161saistes\">Tie\u0161saistes<\/option>\n\t\t\t\t\t\t\t\t\t<option value=\"Kl\u0101tienes\">Kl\u0101tienes<\/option>\n\t\t\t\t\t\t\t<\/select>\n\t\t<\/div>\n\t\t\t\t\t\t<\/div>\n\t\t\t\t\t\t\t\t<div class=\"elementor-field-type-text elementor-field-group elementor-column elementor-field-group-field_0d9a7c3 elementor-col-100 elementor-field-required elementor-mark-required\">\n\t\t\t\t\t\t\t\t\t\t\t\t<label for=\"form-field-field_0d9a7c3\" class=\"elementor-field-label\">\n\t\t\t\t\t\t\t\tGrupas nosaukums\t\t\t\t\t\t\t<\/label>\n\t\t\t\t\t\t\t\t\t\t\t\t\t\t<input size=\"1\" type=\"text\" name=\"form_fields[field_0d9a7c3]\" id=\"form-field-field_0d9a7c3\" class=\"elementor-field elementor-size-md  elementor-field-textual\" required=\"required\">\n\t\t\t\t\t\t\t\t\t\t\t<\/div>\n\t\t\t\t\t\t\t\t<div class=\"elementor-field-type-text elementor-field-group elementor-column elementor-field-group-field_6017c33 elementor-col-100 elementor-field-required elementor-mark-required\">\n\t\t\t\t\t\t\t\t\t\t\t\t<label for=\"form-field-field_6017c33\" class=\"elementor-field-label\">\n\t\t\t\t\t\t\t\tSapulces valoda\t\t\t\t\t\t\t<\/label>\n\t\t\t\t\t\t\t\t\t\t\t\t\t\t<input size=\"1\" type=\"text\" name=\"form_fields[field_6017c33]\" id=\"form-field-field_6017c33\" class=\"elementor-field elementor-size-md  elementor-field-textual\" required=\"required\">\n\t\t\t\t\t\t\t\t\t\t\t<\/div>\n\t\t\t\t\t\t\t\t<div class=\"elementor-field-type-text elementor-field-group elementor-column elementor-field-group-field_a6fbd37 elementor-col-100 elementor-field-required elementor-mark-required\">\n\t\t\t\t\t\t\t\t\t\t\t\t<label for=\"form-field-field_a6fbd37\" class=\"elementor-field-label\">\n\t\t\t\t\t\t\t\tLinks \/ Adrese\t\t\t\t\t\t\t<\/label>\n\t\t\t\t\t\t\t\t\t\t\t\t\t\t<input size=\"1\" type=\"text\" name=\"form_fields[field_a6fbd37]\" id=\"form-field-field_a6fbd37\" class=\"elementor-field elementor-size-md  elementor-field-textual\" required=\"required\">\n\t\t\t\t\t\t\t\t\t\t\t<\/div>\n\t\t\t\t\t\t\t\t<div class=\"elementor-field-type-text elementor-field-group elementor-column elementor-field-group-field_0f4678e elementor-col-100 elementor-field-required elementor-mark-required\">\n\t\t\t\t\t\t\t\t\t\t\t\t<label for=\"form-field-field_0f4678e\" class=\"elementor-field-label\">\n\t\t\t\t\t\t\t\tGrupas vec\u0101kais\t\t\t\t\t\t\t<\/label>\n\t\t\t\t\t\t\t\t\t\t\t\t\t\t<input size=\"1\" type=\"text\" name=\"form_fields[field_0f4678e]\" id=\"form-field-field_0f4678e\" class=\"elementor-field elementor-size-md  elementor-field-textual\" required=\"required\">\n\t\t\t\t\t\t\t\t\t\t\t<\/div>\n\t\t\t\t\t\t\t\t<div class=\"elementor-field-type-text elementor-field-group elementor-column elementor-field-group-field_56fd19b elementor-col-100 elementor-field-required elementor-mark-required\">\n\t\t\t\t\t\t\t\t\t\t\t\t<label for=\"form-field-field_56fd19b\" class=\"elementor-field-label\">\n\t\t\t\t\t\t\t\tLaiks un vieta\t\t\t\t\t\t\t<\/label>\n\t\t\t\t\t\t\t\t\t\t\t\t\t\t<input size=\"1\" type=\"text\" name=\"form_fields[field_56fd19b]\" id=\"form-field-field_56fd19b\" class=\"elementor-field elementor-size-md  elementor-field-textual\" required=\"required\">\n\t\t\t\t\t\t\t\t\t\t\t<\/div>\n\t\t\t\t\t\t\t\t<div class=\"elementor-field-type-textarea elementor-field-group elementor-column elementor-field-group-field_d97e0e8 elementor-col-100 elementor-field-required elementor-mark-required\">\n\t\t\t\t\t\t\t\t\t\t\t\t<label for=\"form-field-field_d97e0e8\" class=\"elementor-field-label\">\n\t\t\t\t\t\t\t\t\u012apa\u0161as nor\u0101des\t\t\t\t\t\t\t<\/label>\n\t\t\t\t\t\t<textarea class=\"elementor-field-textual elementor-field  elementor-size-md\" name=\"form_fields[field_d97e0e8]\" id=\"form-field-field_d97e0e8\" rows=\"4\" placeholder=\"Atkl\u0101ta vai sl\u0113gta sapulce, vai sapulce pieejama cilv\u0113kiem ar kust\u012bbu trauc\u0113jumiem, utml.\" required=\"required\"><\/textarea>\t\t\t\t<\/div>\n\t\t\t\t\t\t\t\t<div class=\"elementor-field-type-text elementor-field-group elementor-column elementor-field-group-field_afddbf5 elementor-col-100 elementor-field-required elementor-mark-required\">\n\t\t\t\t\t\t\t\t\t\t\t\t<label for=\"form-field-field_afddbf5\" class=\"elementor-field-label\">\n\t\t\t\t\t\t\t\tGrupas e-pasts\t\t\t\t\t\t\t<\/label>\n\t\t\t\t\t\t\t\t\t\t\t\t\t\t<input size=\"1\" type=\"text\" name=\"form_fields[field_afddbf5]\" id=\"form-field-field_afddbf5\" class=\"elementor-field elementor-size-md  elementor-field-textual\" required=\"required\">\n\t\t\t\t\t\t\t\t\t\t\t<\/div>\n\t\t\t\t\t\t\t\t<div class=\"elementor-field-group elementor-column elementor-field-type-submit elementor-col-100 e-form__buttons\">\n\t\t\t\t\t<button class=\"elementor-button elementor-size-md\" type=\"submit\">\n\t\t\t\t\t\t<span class=\"elementor-button-content-wrapper\">\n\t\t\t\t\t\t\t\t\t\t\t\t\t\t\t\t\t\t\t\t\t\t<span class=\"elementor-button-text\">Nos\u016bt\u012bt<\/span>\n\t\t\t\t\t\t\t\t\t\t\t\t\t<\/span>\n\t\t\t\t\t<\/button>\n\t\t\t\t<\/div>\n\t\t\t<\/div>\n\t\t<input type=\"hidden\" name=\"trp-form-language\" value=\"lv\"\/><\/form>\n\t\t\t\t\t\t<\/div>\n\t\t\t\t<\/div>\n\t\t\t\t\t<\/div>\n\t\t<\/div>\n\t\t\t\t\t<\/div>\n\t\t<\/section>\n\t\t\t\t<\/div>","protected":false},"excerpt":{"rendered":"<p>J\u016bsu pieteikums tiks nos\u016bt\u012bts biroja vad\u012bt\u0101jam. Nepiecie\u0161am\u012bbas gad\u012bjum\u0101 ar jums sazin\u0101sies.<\/p>","protected":false},"author":1,"featured_media":0,"parent":58,"menu_order":0,"comment_status":"closed","ping_status":"closed","template":"","meta":{"footnotes":""},"class_list":["post-7066","page","type-page","status-publish","hentry"],"_links":{"self":[{"href":"https:\/\/aa.org.lv\/lv\/wp-json\/wp\/v2\/pages\/7066","targetHints":{"allow":["GET"]}}],"collection":[{"href":"https:\/\/aa.org.lv\/lv\/wp-json\/wp\/v2\/pages"}],"about":[{"href":"https:\/\/aa.org.lv\/lv\/wp-json\/wp\/v2\/types\/page"}],"author":[{"embeddable":true,"href":"https:\/\/aa.org.lv\/lv\/wp-json\/wp\/v2\/users\/1"}],"replies":[{"embeddable":true,"href":"https:\/\/aa.org.lv\/lv\/wp-json\/wp\/v2\/comments?post=7066"}],"version-history":[{"count":32,"href":"https:\/\/aa.org.lv\/lv\/wp-json\/wp\/v2\/pages\/7066\/revisions"}],"predecessor-version":[{"id":8638,"href":"https:\/\/aa.org.lv\/lv\/wp-json\/wp\/v2\/pages\/7066\/revisions\/8638"}],"up":[{"embeddable":true,"href":"https:\/\/aa.org.lv\/lv\/wp-json\/wp\/v2\/pages\/58"}],"wp:attachment":[{"href":"https:\/\/aa.org.lv\/lv\/wp-json\/wp\/v2\/media?parent=7066"}],"curies":[{"name":"wp","href":"https:\/\/api.w.org\/{rel}","templated":true}]}}