{"id":7106,"date":"2022-03-30T02:47:14","date_gmt":"2022-03-29T23:47:14","guid":{"rendered":"http:\/\/2022.aa.org.lv\/?page_id=7106"},"modified":"2025-08-05T21:16:48","modified_gmt":"2025-08-05T18:16:48","slug":"konference","status":"publish","type":"page","link":"https:\/\/aa.org.lv\/lv\/aa-biedriem\/konference\/","title":{"rendered":"Konference"},"content":{"rendered":"<div data-elementor-type=\"wp-page\" data-elementor-id=\"7106\" class=\"elementor elementor-7106\" data-elementor-post-type=\"page\">\n\t\t\t\t\t\t<section class=\"elementor-section elementor-top-section elementor-element elementor-element-371bbbf elementor-section-boxed elementor-section-height-default elementor-section-height-default\" data-id=\"371bbbf\" data-element_type=\"section\">\n\t\t\t\t\t\t<div class=\"elementor-container elementor-column-gap-default\">\n\t\t\t\t\t<div class=\"elementor-column elementor-col-100 elementor-top-column elementor-element elementor-element-4a9653b\" data-id=\"4a9653b\" data-element_type=\"column\">\n\t\t\t<div class=\"elementor-widget-wrap elementor-element-populated\">\n\t\t\t\t\t\t<div class=\"elementor-element elementor-element-d884ecd elementor-widget elementor-widget-text-editor\" data-id=\"d884ecd\" data-element_type=\"widget\" data-widget_type=\"text-editor.default\">\n\t\t\t\t<div class=\"elementor-widget-container\">\n\t\t\t\t\t\t\t\t\t<p dir=\"ltr\">KONFERENCE<\/p>\n<p dir=\"ltr\">Latvijas AA Visp\u0101r\u0113j\u0101s Kalpo\u0161anas konference (turpm\u0101k &#8211; Konference) ir AA grupu kop\u0113j\u0101 sirdsapzi\u0146as balss. T\u0101s m\u0113r\u0137is ir kalpot AA sadraudz\u012bbai.<\/p>\n<p dir=\"ltr\">Konferenc\u0113 AA grupas p\u0101rst\u0101v Re\u0123ionu dele\u0123\u0113ti kalpot\u0101ji, kuri pau\u017e grupu nost\u0101ju un izsaka rekomend\u0101cijas par visiem noz\u012bm\u012bg\u0101kajiem AA sadraudz\u012bbas jaut\u0101jumiem un, kad ir nepiecie\u0161ams, izpilda t\u0101s funkcijas, ko tai dele\u0123\u0113 AA grupas.<\/p>\n<p dir=\"ltr\">Konferences attiec\u012bbas ar AA sadraudz\u012bbu ir aprakst\u012btas Konferences Hart\u0101. Lai ar\u012b Konferencei nav juridiska statusa un t\u0101s Harta nav juridisks dokuments, \u0161\u012b neform\u0101l\u0101 vieno\u0161an\u0101s starp sadraudz\u012bbu un t\u0101s pilnvarotajiem nodro\u0161ina resursus, kas nepiecie\u0161ami AA kalpo\u0161anai.<\/p>\t\t\t\t\t\t\t\t<\/div>\n\t\t\t\t<\/div>\n\t\t\t\t<div class=\"elementor-element elementor-element-75e983d elementor-widget elementor-widget-button\" data-id=\"75e983d\" data-element_type=\"widget\" data-widget_type=\"button.default\">\n\t\t\t\t<div class=\"elementor-widget-container\">\n\t\t\t\t\t\t\t\t\t<div class=\"elementor-button-wrapper\">\n\t\t\t\t\t<a class=\"elementor-button elementor-button-link elementor-size-sm elementor-animation-grow\" href=\"https:\/\/aa.org.lv\/wp-content\/uploads\/2024\/09\/Konferences-Harta_2024.pdf\">\n\t\t\t\t\t\t<span class=\"elementor-button-content-wrapper\">\n\t\t\t\t\t\t<span class=\"elementor-button-icon\">\n\t\t\t\t<i aria-hidden=\"true\" class=\"far fa-file-pdf\"><\/i>\t\t\t<\/span>\n\t\t\t\t\t\t\t\t\t<span class=\"elementor-button-text\">Harta<\/span>\n\t\t\t\t\t<\/span>\n\t\t\t\t\t<\/a>\n\t\t\t\t<\/div>\n\t\t\t\t\t\t\t\t<\/div>\n\t\t\t\t<\/div>\n\t\t\t\t\t<\/div>\n\t\t<\/div>\n\t\t\t\t\t<\/div>\n\t\t<\/section>\n\t\t\t\t<section class=\"elementor-section elementor-top-section elementor-element elementor-element-8c7063d elementor-section-boxed elementor-section-height-default elementor-section-height-default\" data-id=\"8c7063d\" data-element_type=\"section\">\n\t\t\t\t\t\t<div class=\"elementor-container elementor-column-gap-default\">\n\t\t\t\t\t<div class=\"elementor-column elementor-col-100 elementor-top-column elementor-element elementor-element-5d6af6f\" data-id=\"5d6af6f\" data-element_type=\"column\">\n\t\t\t<div class=\"elementor-widget-wrap elementor-element-populated\">\n\t\t\t\t\t\t<div class=\"elementor-element elementor-element-0d0f8b5 elementor-widget elementor-widget-text-editor\" data-id=\"0d0f8b5\" data-element_type=\"widget\" data-widget_type=\"text-editor.default\">\n\t\t\t\t<div class=\"elementor-widget-container\">\n\t\t\t\t\t\t\t\t\t<div><p>KONFERENCES SAN\u0100KSME<\/p><p>Konference darbojas visu gadu, bet vismaz vienu reizi gad\u0101, parasti pavasar\u012b, konferences biedri \u2013 re\u0123ionu deleg\u0101ti un citi atbild\u012bgie kalpot\u0101ji \u2013 tiekas konferences san\u0101ksm\u0113, kur\u0101 uzklausa kalpot\u0101ju zi\u0146ojumus, diskut\u0113 par visp\u0101r\u0113j\u0101s kalpo\u0161anas jaut\u0101jumiem un pie\u0146em ar tiem saist\u012btus l\u0113mumus.<\/p><p>Jebkur\u0161 AA biedrs, grupa vai kalpot\u0101js var iesniegt jaut\u0101jumus izskat\u012b\u0161anai konferences san\u0101ksm\u0113.<\/p><\/div><div>\u00a0<\/div><div><a href=\"https:\/\/aa.org.lv\/wp-content\/uploads\/2025\/08\/Ka-iesniegt-jautajumu-konferencei.pdf\" target=\"_blank\" rel=\"noopener\">K\u0101 iesniegt jaut\u0101jumu konferencei? &#8211; skaties \u0161eit PDF<\/a><\/div><div><a href=\"https:\/\/aa.org.lv\/wp-content\/uploads\/2025\/08\/\u041a\u0430\u043a-\u0432\u043d\u0435\u0441\u0442\u0438-\u0432\u043e\u043f\u0440\u043e\u0441-\u043d\u0430-\u043a\u043e\u043d\u0444\u0435\u0440\u0435\u043d\u0446\u0438\u044e.pdf\" target=\"_blank\" rel=\"noopener\">\u041a\u0430\u043a \u0432\u043d\u0435\u0441\u0442\u0438 \u0432\u043e\u043f\u0440\u043e\u0441 \u043d\u0430 \u043a\u043e\u043d\u0444\u0435\u0440\u0435\u043d\u0446\u0438\u044e? &#8211;\u00a0 \u0441\u043c\u043e\u0442\u0440\u0438 \u0437\u0434\u0435\u0441\u044c PDF<\/a><\/div><div>\u00a0<\/div>\t\t\t\t\t\t\t\t<\/div>\n\t\t\t\t<\/div>\n\t\t\t\t\t<\/div>\n\t\t<\/div>\n\t\t\t\t\t<\/div>\n\t\t<\/section>\n\t\t\t\t<section class=\"elementor-section elementor-top-section elementor-element elementor-element-a8e112c elementor-section-boxed elementor-section-height-default elementor-section-height-default\" data-id=\"a8e112c\" data-element_type=\"section\">\n\t\t\t\t\t\t<div class=\"elementor-container elementor-column-gap-default\">\n\t\t\t\t\t<div class=\"elementor-column elementor-col-50 elementor-top-column elementor-element elementor-element-d155314\" data-id=\"d155314\" data-element_type=\"column\">\n\t\t\t<div class=\"elementor-widget-wrap elementor-element-populated\">\n\t\t\t\t\t\t<div class=\"elementor-element elementor-element-22af95e elementor-widget elementor-widget-button\" data-id=\"22af95e\" data-element_type=\"widget\" data-widget_type=\"button.default\">\n\t\t\t\t<div class=\"elementor-widget-container\">\n\t\t\t\t\t\t\t\t\t<div class=\"elementor-button-wrapper\">\n\t\t\t\t\t<a class=\"elementor-button elementor-button-link elementor-size-sm elementor-animation-grow\" href=\"https:\/\/forms.gle\/32a5Tosbf3bZ5Cv57\" target=\"_blank\">\n\t\t\t\t\t\t<span class=\"elementor-button-content-wrapper\">\n\t\t\t\t\t\t\t\t\t<span class=\"elementor-button-text\"> IESNIEGT JAUT\u0100JUMU   <\/span>\n\t\t\t\t\t<\/span>\n\t\t\t\t\t<\/a>\n\t\t\t\t<\/div>\n\t\t\t\t\t\t\t\t<\/div>\n\t\t\t\t<\/div>\n\t\t\t\t\t<\/div>\n\t\t<\/div>\n\t\t\t\t<div class=\"elementor-column elementor-col-50 elementor-top-column elementor-element elementor-element-12b7f5d\" data-id=\"12b7f5d\" data-element_type=\"column\">\n\t\t\t<div class=\"elementor-widget-wrap elementor-element-populated\">\n\t\t\t\t\t\t<div class=\"elementor-element elementor-element-18f44ac elementor-widget elementor-widget-button\" data-id=\"18f44ac\" data-element_type=\"widget\" data-widget_type=\"button.default\">\n\t\t\t\t<div class=\"elementor-widget-container\">\n\t\t\t\t\t\t\t\t\t<div class=\"elementor-button-wrapper\">\n\t\t\t\t\t<a class=\"elementor-button elementor-button-link elementor-size-sm elementor-animation-grow\" href=\"https:\/\/forms.gle\/V4oPYZzRi6xynfTi8\" target=\"_blank\">\n\t\t\t\t\t\t<span class=\"elementor-button-content-wrapper\">\n\t\t\t\t\t\t\t\t\t<span class=\"elementor-button-text\"> \u0412\u041d\u0415\u0421\u0422\u0418 \u0412\u041e\u041f\u0420\u041e\u0421<\/span>\n\t\t\t\t\t<\/span>\n\t\t\t\t\t<\/a>\n\t\t\t\t<\/div>\n\t\t\t\t\t\t\t\t<\/div>\n\t\t\t\t<\/div>\n\t\t\t\t\t<\/div>\n\t\t<\/div>\n\t\t\t\t\t<\/div>\n\t\t<\/section>\n\t\t\t\t<section class=\"elementor-section elementor-top-section elementor-element elementor-element-29846f6 elementor-section-boxed elementor-section-height-default elementor-section-height-default\" data-id=\"29846f6\" data-element_type=\"section\">\n\t\t\t\t\t\t<div class=\"elementor-container elementor-column-gap-default\">\n\t\t\t\t\t<div class=\"elementor-column elementor-col-50 elementor-top-column elementor-element elementor-element-ca0da03\" data-id=\"ca0da03\" data-element_type=\"column\">\n\t\t\t<div class=\"elementor-widget-wrap\">\n\t\t\t\t\t\t\t<\/div>\n\t\t<\/div>\n\t\t\t\t<div class=\"elementor-column elementor-col-50 elementor-top-column elementor-element elementor-element-c81d453\" data-id=\"c81d453\" data-element_type=\"column\">\n\t\t\t<div class=\"elementor-widget-wrap\">\n\t\t\t\t\t\t\t<\/div>\n\t\t<\/div>\n\t\t\t\t\t<\/div>\n\t\t<\/section>\n\t\t\t\t<section class=\"elementor-section elementor-top-section elementor-element elementor-element-2cac0a1 elementor-section-boxed elementor-section-height-default elementor-section-height-default\" data-id=\"2cac0a1\" data-element_type=\"section\">\n\t\t\t\t\t\t<div class=\"elementor-container elementor-column-gap-default\">\n\t\t\t\t\t<div class=\"elementor-column elementor-col-100 elementor-top-column elementor-element elementor-element-97fc8a7\" data-id=\"97fc8a7\" data-element_type=\"column\">\n\t\t\t<div class=\"elementor-widget-wrap elementor-element-populated\">\n\t\t\t\t\t\t<div class=\"elementor-element elementor-element-edc3ab2 elementor-widget elementor-widget-text-editor\" data-id=\"edc3ab2\" data-element_type=\"widget\" data-widget_type=\"text-editor.default\">\n\t\t\t\t<div class=\"elementor-widget-container\">\n\t\t\t\t\t\t\t\t\t<p><span style=\"color: #000000;\">Neskaidr\u012bbu gad\u012bjum\u0101 raksti:\u00a0<a href=\"mailto:konference@aa.org.lv\" target=\"_blank\" rel=\"noopener noreferrer\">konference@aa.org.lv<\/a><\/span><\/p>\t\t\t\t\t\t\t\t<\/div>\n\t\t\t\t<\/div>\n\t\t\t\t\t<\/div>\n\t\t<\/div>\n\t\t\t\t\t<\/div>\n\t\t<\/section>\n\t\t\t\t<section class=\"elementor-section elementor-top-section elementor-element elementor-element-2c62e9d elementor-section-boxed elementor-section-height-default elementor-section-height-default\" data-id=\"2c62e9d\" data-element_type=\"section\">\n\t\t\t\t\t\t<div class=\"elementor-container elementor-column-gap-default\">\n\t\t\t\t\t<div class=\"elementor-column elementor-col-100 elementor-top-column elementor-element elementor-element-8e0a3bb\" data-id=\"8e0a3bb\" data-element_type=\"column\">\n\t\t\t<div class=\"elementor-widget-wrap elementor-element-populated\">\n\t\t\t\t\t\t<section class=\"elementor-section elementor-inner-section elementor-element elementor-element-9b19da5 elementor-section-boxed elementor-section-height-default elementor-section-height-default\" data-id=\"9b19da5\" data-element_type=\"section\">\n\t\t\t\t\t\t<div class=\"elementor-container elementor-column-gap-default\">\n\t\t\t\t\t<div class=\"elementor-column elementor-col-50 elementor-inner-column elementor-element elementor-element-820d144\" data-id=\"820d144\" data-element_type=\"column\">\n\t\t\t<div class=\"elementor-widget-wrap\">\n\t\t\t\t\t\t\t<\/div>\n\t\t<\/div>\n\t\t\t\t<div class=\"elementor-column elementor-col-50 elementor-inner-column elementor-element elementor-element-b035dba\" data-id=\"b035dba\" data-element_type=\"column\">\n\t\t\t<div class=\"elementor-widget-wrap\">\n\t\t\t\t\t\t\t<\/div>\n\t\t<\/div>\n\t\t\t\t\t<\/div>\n\t\t<\/section>\n\t\t\t\t\t<\/div>\n\t\t<\/div>\n\t\t\t\t\t<\/div>\n\t\t<\/section>\n\t\t\t\t<\/div>","protected":false},"excerpt":{"rendered":"<p>KONFERENCE Latvijas AA Visp\u0101r\u0113j\u0101s Kalpo\u0161anas konference (turpm\u0101k &#8211; Konference) ir AA grupu kop\u0113j\u0101 sirdsapzi\u0146as balss. T\u0101s m\u0113r\u0137is ir kalpot AA sadraudz\u012bbai. Konferenc\u0113 AA grupas p\u0101rst\u0101v Re\u0123ionu dele\u0123\u0113ti kalpot\u0101ji, kuri pau\u017e grupu nost\u0101ju un izsaka rekomend\u0101cijas par visiem noz\u012bm\u012bg\u0101kajiem AA sadraudz\u012bbas jaut\u0101jumiem un, kad ir nepiecie\u0161ams, izpilda t\u0101s funkcijas, ko tai dele\u0123\u0113 AA grupas. Konferences attiec\u012bbas [&hellip;]<\/p>","protected":false},"author":1,"featured_media":0,"parent":58,"menu_order":0,"comment_status":"closed","ping_status":"closed","template":"","meta":{"footnotes":""},"class_list":["post-7106","page","type-page","status-publish","hentry"],"_links":{"self":[{"href":"https:\/\/aa.org.lv\/lv\/wp-json\/wp\/v2\/pages\/7106","targetHints":{"allow":["GET"]}}],"collection":[{"href":"https:\/\/aa.org.lv\/lv\/wp-json\/wp\/v2\/pages"}],"about":[{"href":"https:\/\/aa.org.lv\/lv\/wp-json\/wp\/v2\/types\/page"}],"author":[{"embeddable":true,"href":"https:\/\/aa.org.lv\/lv\/wp-json\/wp\/v2\/users\/1"}],"replies":[{"embeddable":true,"href":"https:\/\/aa.org.lv\/lv\/wp-json\/wp\/v2\/comments?post=7106"}],"version-history":[{"count":67,"href":"https:\/\/aa.org.lv\/lv\/wp-json\/wp\/v2\/pages\/7106\/revisions"}],"predecessor-version":[{"id":11538,"href":"https:\/\/aa.org.lv\/lv\/wp-json\/wp\/v2\/pages\/7106\/revisions\/11538"}],"up":[{"embeddable":true,"href":"https:\/\/aa.org.lv\/lv\/wp-json\/wp\/v2\/pages\/58"}],"wp:attachment":[{"href":"https:\/\/aa.org.lv\/lv\/wp-json\/wp\/v2\/media?parent=7106"}],"curies":[{"name":"wp","href":"https:\/\/api.w.org\/{rel}","templated":true}]}}