{"id":7125,"date":"2022-03-30T02:50:04","date_gmt":"2022-03-29T23:50:04","guid":{"rendered":"http:\/\/2022.aa.org.lv\/?page_id=7125"},"modified":"2023-03-07T19:37:55","modified_gmt":"2023-03-07T17:37:55","slug":"ka-iegadaties","status":"publish","type":"page","link":"https:\/\/aa.org.lv\/lv\/ka-iegadaties\/","title":{"rendered":"K\u0101 ieg\u0101d\u0101ties?"},"content":{"rendered":"<div data-elementor-type=\"wp-page\" data-elementor-id=\"7125\" class=\"elementor elementor-7125\" data-elementor-post-type=\"page\">\n\t\t\t\t\t\t<section class=\"elementor-section elementor-top-section elementor-element elementor-element-017a84a elementor-section-boxed elementor-section-height-default elementor-section-height-default\" data-id=\"017a84a\" data-element_type=\"section\">\n\t\t\t\t\t\t<div class=\"elementor-container elementor-column-gap-default\">\n\t\t\t\t\t<div class=\"elementor-column elementor-col-100 elementor-top-column elementor-element elementor-element-20e5151\" data-id=\"20e5151\" data-element_type=\"column\">\n\t\t\t<div class=\"elementor-widget-wrap elementor-element-populated\">\n\t\t\t\t\t\t<div class=\"elementor-element elementor-element-8cc5dc2 elementor-widget elementor-widget-heading\" data-id=\"8cc5dc2\" data-element_type=\"widget\" data-widget_type=\"heading.default\">\n\t\t\t\t<div class=\"elementor-widget-container\">\n\t\t\t\t\t<h2 class=\"elementor-heading-title elementor-size-medium\"><br>Literat\u016bru iesp\u0113jams ieg\u0101d\u0101ties vair\u0101kos veidos.<br><br>1) Varat aizbraukt uz biroju t\u0101 pie\u0146em\u0161anas laikos un ieg\u0101d\u0101ties literat\u016bru kl\u0101tien\u0113.<br>2) Var aizpild\u012bt pas\u016bt\u012bjuma formu zem\u0101k.<br><br>J\u016bsu aizpild\u012bt\u0101 forma tiks nos\u016bt\u012bts administratoram. Administrators ar jums sazin\u0101sies, lai preciz\u0113tu inform\u0101ciju un sa\u0146em\u0161anas iesp\u0113jas.<\/h2>\t\t\t\t<\/div>\n\t\t\t\t<\/div>\n\t\t\t\t\t<\/div>\n\t\t<\/div>\n\t\t\t\t\t<\/div>\n\t\t<\/section>\n\t\t\t\t<section class=\"elementor-section elementor-top-section elementor-element elementor-element-5381dfd5 elementor-section-height-min-height elementor-section-boxed elementor-section-height-default elementor-section-items-middle\" data-id=\"5381dfd5\" data-element_type=\"section\">\n\t\t\t\t\t\t<div class=\"elementor-container elementor-column-gap-default\">\n\t\t\t\t\t<div class=\"elementor-column elementor-col-100 elementor-top-column elementor-element elementor-element-4d988e63\" data-id=\"4d988e63\" data-element_type=\"column\">\n\t\t\t<div class=\"elementor-widget-wrap elementor-element-populated\">\n\t\t\t\t\t\t<div class=\"elementor-element elementor-element-38801e3 elementor-button-align-stretch elementor-widget elementor-widget-form\" data-id=\"38801e3\" data-element_type=\"widget\" data-settings=\"{&quot;step_next_label&quot;:&quot;N\\u0101kamais&quot;,&quot;step_previous_label&quot;:&quot;Atpaka\\u013c&quot;,&quot;button_width&quot;:&quot;100&quot;,&quot;step_type&quot;:&quot;number_text&quot;,&quot;step_icon_shape&quot;:&quot;circle&quot;}\" data-widget_type=\"form.default\">\n\t\t\t\t<div class=\"elementor-widget-container\">\n\t\t\t\t\t\t\t<form class=\"elementor-form\" method=\"post\" name=\"Pal\u012bdz\u012bba\" aria-label=\"Pal\u012bdz\u012bba\" action=\"\">\n\t\t\t<input type=\"hidden\" name=\"post_id\" value=\"7125\"\/>\n\t\t\t<input type=\"hidden\" name=\"form_id\" value=\"38801e3\"\/>\n\t\t\t<input type=\"hidden\" name=\"referer_title\" value=\"K\u0101 ieg\u0101d\u0101ties?\" \/>\n\n\t\t\t\t\t\t\t<input type=\"hidden\" name=\"queried_id\" value=\"7125\"\/>\n\t\t\t\n\t\t\t<div class=\"elementor-form-fields-wrapper elementor-labels-\">\n\t\t\t\t\t\t\t\t<div class=\"elementor-field-type-step elementor-field-group elementor-column elementor-field-group-field_67b7832 elementor-col-100\">\n\t\t\t\t\t\t\t<div class=\"e-field-step elementor-hidden\" data-label=\"Gr\u0101matu izv\u0113le\" data-previousbutton=\"\" data-nextbutton=\"\" data-iconurl=\"\" data-iconlibrary=\"fas fa-star\" data-icon=\"\" ><\/div>\n\n\t\t\t\t\t\t<\/div>\n\t\t\t\t\t\t\t\t<div class=\"elementor-field-type-text elementor-field-group elementor-column elementor-field-group-name elementor-col-70\">\n\t\t\t\t\t\t\t\t\t\t\t\t<label for=\"form-field-name\" class=\"elementor-field-label elementor-screen-only\">\n\t\t\t\t\t\t\t\tG1\t\t\t\t\t\t\t<\/label>\n\t\t\t\t\t\t\t\t\t\t\t\t\t\t<input size=\"1\" type=\"text\" name=\"form_fields[name]\" id=\"form-field-name\" class=\"elementor-field elementor-size-md  elementor-field-textual\" placeholder=\"\u0161eit ieraksti gr\u0101matas vai bukleta nosaukumu\">\n\t\t\t\t\t\t\t\t\t\t\t<\/div>\n\t\t\t\t\t\t\t\t<div class=\"elementor-field-type-number elementor-field-group elementor-column elementor-field-group-field_900d9f8 elementor-col-30\">\n\t\t\t\t\t\t\t\t\t\t\t\t<label for=\"form-field-field_900d9f8\" class=\"elementor-field-label elementor-screen-only\">\n\t\t\t\t\t\t\t\tDaudzums G1\t\t\t\t\t\t\t<\/label>\n\t\t\t\t\t\t\t\t\t<input type=\"number\" name=\"form_fields[field_900d9f8]\" id=\"form-field-field_900d9f8\" class=\"elementor-field elementor-size-md  elementor-field-textual\" placeholder=\"\u0161eit ieraksti skaitu\" min=\"0\" max=\"\" >\n\t\t\t\t\t\t<\/div>\n\t\t\t\t\t\t\t\t<div class=\"elementor-field-type-text elementor-field-group elementor-column elementor-field-group-field_1cfb26b elementor-col-70\">\n\t\t\t\t\t\t\t\t\t\t\t\t<label for=\"form-field-field_1cfb26b\" class=\"elementor-field-label elementor-screen-only\">\n\t\t\t\t\t\t\t\tG2\t\t\t\t\t\t\t<\/label>\n\t\t\t\t\t\t\t\t\t\t\t\t\t\t<input size=\"1\" type=\"text\" name=\"form_fields[field_1cfb26b]\" id=\"form-field-field_1cfb26b\" class=\"elementor-field elementor-size-md  elementor-field-textual\" placeholder=\"Gr\u0101mata 1\">\n\t\t\t\t\t\t\t\t\t\t\t<\/div>\n\t\t\t\t\t\t\t\t<div class=\"elementor-field-type-number elementor-field-group elementor-column elementor-field-group-field_a10efe9 elementor-col-30\">\n\t\t\t\t\t\t\t\t\t\t\t\t<label for=\"form-field-field_a10efe9\" class=\"elementor-field-label elementor-screen-only\">\n\t\t\t\t\t\t\t\tDaudzums G2\t\t\t\t\t\t\t<\/label>\n\t\t\t\t\t\t\t\t\t<input type=\"number\" name=\"form_fields[field_a10efe9]\" id=\"form-field-field_a10efe9\" class=\"elementor-field elementor-size-md  elementor-field-textual\" placeholder=\"0\" min=\"0\" max=\"\" >\n\t\t\t\t\t\t<\/div>\n\t\t\t\t\t\t\t\t<div class=\"elementor-field-type-text elementor-field-group elementor-column elementor-field-group-field_4a8d8d9 elementor-col-70\">\n\t\t\t\t\t\t\t\t\t\t\t\t<label for=\"form-field-field_4a8d8d9\" class=\"elementor-field-label elementor-screen-only\">\n\t\t\t\t\t\t\t\tG3\t\t\t\t\t\t\t<\/label>\n\t\t\t\t\t\t\t\t\t\t\t\t\t\t<input size=\"1\" type=\"text\" name=\"form_fields[field_4a8d8d9]\" id=\"form-field-field_4a8d8d9\" class=\"elementor-field elementor-size-md  elementor-field-textual\" placeholder=\"Gr\u0101mata 1\">\n\t\t\t\t\t\t\t\t\t\t\t<\/div>\n\t\t\t\t\t\t\t\t<div class=\"elementor-field-type-number elementor-field-group elementor-column elementor-field-group-field_4509af3 elementor-col-30\">\n\t\t\t\t\t\t\t\t\t\t\t\t<label for=\"form-field-field_4509af3\" class=\"elementor-field-label elementor-screen-only\">\n\t\t\t\t\t\t\t\tDaudzums G3\t\t\t\t\t\t\t<\/label>\n\t\t\t\t\t\t\t\t\t<input type=\"number\" name=\"form_fields[field_4509af3]\" id=\"form-field-field_4509af3\" class=\"elementor-field elementor-size-md  elementor-field-textual\" placeholder=\"0\" min=\"0\" max=\"\" >\n\t\t\t\t\t\t<\/div>\n\t\t\t\t\t\t\t\t<div class=\"elementor-field-type-text elementor-field-group elementor-column elementor-field-group-field_8ef9e6d elementor-col-70\">\n\t\t\t\t\t\t\t\t\t\t\t\t<label for=\"form-field-field_8ef9e6d\" class=\"elementor-field-label elementor-screen-only\">\n\t\t\t\t\t\t\t\tG4\t\t\t\t\t\t\t<\/label>\n\t\t\t\t\t\t\t\t\t\t\t\t\t\t<input size=\"1\" type=\"text\" name=\"form_fields[field_8ef9e6d]\" id=\"form-field-field_8ef9e6d\" class=\"elementor-field elementor-size-md  elementor-field-textual\" placeholder=\"Gr\u0101mata 1\">\n\t\t\t\t\t\t\t\t\t\t\t<\/div>\n\t\t\t\t\t\t\t\t<div class=\"elementor-field-type-number elementor-field-group elementor-column elementor-field-group-field_d0c626c elementor-col-30\">\n\t\t\t\t\t\t\t\t\t\t\t\t<label for=\"form-field-field_d0c626c\" class=\"elementor-field-label elementor-screen-only\">\n\t\t\t\t\t\t\t\tDaudzums G4\t\t\t\t\t\t\t<\/label>\n\t\t\t\t\t\t\t\t\t<input type=\"number\" name=\"form_fields[field_d0c626c]\" id=\"form-field-field_d0c626c\" class=\"elementor-field elementor-size-md  elementor-field-textual\" placeholder=\"0\" min=\"0\" max=\"\" >\n\t\t\t\t\t\t<\/div>\n\t\t\t\t\t\t\t\t<div class=\"elementor-field-type-text elementor-field-group elementor-column elementor-field-group-field_12a6607 elementor-col-70\">\n\t\t\t\t\t\t\t\t\t\t\t\t<label for=\"form-field-field_12a6607\" class=\"elementor-field-label elementor-screen-only\">\n\t\t\t\t\t\t\t\tG5\t\t\t\t\t\t\t<\/label>\n\t\t\t\t\t\t\t\t\t\t\t\t\t\t<input size=\"1\" type=\"text\" name=\"form_fields[field_12a6607]\" id=\"form-field-field_12a6607\" class=\"elementor-field elementor-size-md  elementor-field-textual\" placeholder=\"Gr\u0101mata 1\">\n\t\t\t\t\t\t\t\t\t\t\t<\/div>\n\t\t\t\t\t\t\t\t<div class=\"elementor-field-type-number elementor-field-group elementor-column elementor-field-group-field_2f27edf elementor-col-30\">\n\t\t\t\t\t\t\t\t\t\t\t\t<label for=\"form-field-field_2f27edf\" class=\"elementor-field-label elementor-screen-only\">\n\t\t\t\t\t\t\t\tDaudzums G5\t\t\t\t\t\t\t<\/label>\n\t\t\t\t\t\t\t\t\t<input type=\"number\" name=\"form_fields[field_2f27edf]\" id=\"form-field-field_2f27edf\" class=\"elementor-field elementor-size-md  elementor-field-textual\" placeholder=\"0\" min=\"0\" max=\"\" >\n\t\t\t\t\t\t<\/div>\n\t\t\t\t\t\t\t\t<div class=\"elementor-field-type-text elementor-field-group elementor-column elementor-field-group-field_f03be25 elementor-col-70\">\n\t\t\t\t\t\t\t\t\t\t\t\t<label for=\"form-field-field_f03be25\" class=\"elementor-field-label elementor-screen-only\">\n\t\t\t\t\t\t\t\tG6\t\t\t\t\t\t\t<\/label>\n\t\t\t\t\t\t\t\t\t\t\t\t\t\t<input size=\"1\" type=\"text\" name=\"form_fields[field_f03be25]\" id=\"form-field-field_f03be25\" class=\"elementor-field elementor-size-md  elementor-field-textual\" placeholder=\"Gr\u0101mata 1\">\n\t\t\t\t\t\t\t\t\t\t\t<\/div>\n\t\t\t\t\t\t\t\t<div class=\"elementor-field-type-number elementor-field-group elementor-column elementor-field-group-field_7f53d0e elementor-col-30\">\n\t\t\t\t\t\t\t\t\t\t\t\t<label for=\"form-field-field_7f53d0e\" class=\"elementor-field-label elementor-screen-only\">\n\t\t\t\t\t\t\t\tDaudzums G6\t\t\t\t\t\t\t<\/label>\n\t\t\t\t\t\t\t\t\t<input type=\"number\" name=\"form_fields[field_7f53d0e]\" id=\"form-field-field_7f53d0e\" class=\"elementor-field elementor-size-md  elementor-field-textual\" placeholder=\"0\" min=\"0\" max=\"\" >\n\t\t\t\t\t\t<\/div>\n\t\t\t\t\t\t\t\t<div class=\"elementor-field-type-step elementor-field-group elementor-column elementor-field-group-field_44ff2e8 elementor-col-100\">\n\t\t\t\t\t\t\t<div class=\"e-field-step elementor-hidden\" data-label=\"Pas\u016bt\u012b\u0161ana\" data-previousbutton=\"\" data-nextbutton=\"\" data-iconurl=\"\" data-iconlibrary=\"fas fa-star\" data-icon=\"\" ><\/div>\n\n\t\t\t\t\t\t<\/div>\n\t\t\t\t\t\t\t\t<div class=\"elementor-field-type-email elementor-field-group elementor-column elementor-field-group-field_dfd647d elementor-col-100 elementor-field-required\">\n\t\t\t\t\t\t\t\t\t\t\t\t<label for=\"form-field-field_dfd647d\" class=\"elementor-field-label elementor-screen-only\">\n\t\t\t\t\t\t\t\tE-pasts\t\t\t\t\t\t\t<\/label>\n\t\t\t\t\t\t\t\t\t\t\t\t\t\t<input size=\"1\" type=\"email\" name=\"form_fields[field_dfd647d]\" id=\"form-field-field_dfd647d\" class=\"elementor-field elementor-size-md  elementor-field-textual\" placeholder=\"Tavs e-pasts\" required=\"required\">\n\t\t\t\t\t\t\t\t\t\t\t<\/div>\n\t\t\t\t\t\t\t\t<div class=\"elementor-field-type-tel elementor-field-group elementor-column elementor-field-group-field_b553068 elementor-col-100 elementor-field-required\">\n\t\t\t\t\t\t\t\t\t\t\t\t<label for=\"form-field-field_b553068\" class=\"elementor-field-label elementor-screen-only\">\n\t\t\t\t\t\t\t\tTelefona numurs\t\t\t\t\t\t\t<\/label>\n\t\t\t\t\t\t\t\t<input size=\"1\" type=\"tel\" name=\"form_fields[field_b553068]\" id=\"form-field-field_b553068\" class=\"elementor-field elementor-size-md  elementor-field-textual\" placeholder=\"Tavs telefona numurs\" required=\"required\" pattern=\"[0-9()#&amp;+*-=.]+\" title=\"Only numbers and phone characters (#, -, *, etc) are accepted.\">\n\n\t\t\t\t\t\t<\/div>\n\t\t\t\t\t\t\t\t<div class=\"elementor-field-type-select elementor-field-group elementor-column elementor-field-group-field_29c1e87 elementor-col-100\">\n\t\t\t\t\t\t\t\t\t\t\t\t<label for=\"form-field-field_29c1e87\" class=\"elementor-field-label elementor-screen-only\">\n\t\t\t\t\t\t\t\tSa\u0146em\u0161anas veids:\t\t\t\t\t\t\t<\/label>\n\t\t\t\t\t\t\t\t<div class=\"elementor-field elementor-select-wrapper remove-before\">\n\t\t\t<div class=\"select-caret-down-wrapper\">\n\t\t\t\t<i aria-hidden=\"true\" class=\"eicon-caret-down\"><\/i>\t\t\t<\/div>\n\t\t\t<select name=\"form_fields[field_29c1e87]\" id=\"form-field-field_29c1e87\" class=\"elementor-field-textual elementor-size-md\">\n\t\t\t\t\t\t\t\t\t<option value=\"Omniva pakom\u0101ts\">Omniva pakom\u0101ts<\/option>\n\t\t\t\t\t\t\t\t\t<option value=\"Aizbrauk\u0161u paka\u013c uz biroju\">Aizbrauk\u0161u paka\u013c uz biroju<\/option>\n\t\t\t\t\t\t\t<\/select>\n\t\t<\/div>\n\t\t\t\t\t\t<\/div>\n\t\t\t\t\t\t\t\t<div class=\"elementor-field-group elementor-column elementor-field-type-submit elementor-col-100 e-form__buttons\">\n\t\t\t\t\t<button class=\"elementor-button elementor-size-md\" type=\"submit\">\n\t\t\t\t\t\t<span class=\"elementor-button-content-wrapper\">\n\t\t\t\t\t\t\t\t\t\t\t\t\t\t\t\t\t\t\t\t\t\t<span class=\"elementor-button-text\">Nos\u016bt\u012bt<\/span>\n\t\t\t\t\t\t\t\t\t\t\t\t\t<\/span>\n\t\t\t\t\t<\/button>\n\t\t\t\t<\/div>\n\t\t\t<\/div>\n\t\t<input type=\"hidden\" name=\"trp-form-language\" value=\"lv\"\/><\/form>\n\t\t\t\t\t\t<\/div>\n\t\t\t\t<\/div>\n\t\t\t\t\t<\/div>\n\t\t<\/div>\n\t\t\t\t\t<\/div>\n\t\t<\/section>\n\t\t\t\t<\/div>","protected":false},"excerpt":{"rendered":"<p>Literat\u016bru iesp\u0113jams ieg\u0101d\u0101ties vair\u0101kos veidos. 1) Varat aizbraukt uz biroju t\u0101 pie\u0146em\u0161anas laikos un ieg\u0101d\u0101ties literat\u016bru kl\u0101tien\u0113.2) Var aizpild\u012bt pas\u016bt\u012bjuma formu zem\u0101k. J\u016bsu aizpild\u012bt\u0101 forma tiks nos\u016bt\u012bts administratoram. Administrators ar jums sazin\u0101sies, lai preciz\u0113tu inform\u0101ciju un sa\u0146em\u0161anas iesp\u0113jas.<\/p>","protected":false},"author":1,"featured_media":0,"parent":0,"menu_order":0,"comment_status":"closed","ping_status":"closed","template":"","meta":{"footnotes":""},"class_list":["post-7125","page","type-page","status-publish","hentry"],"_links":{"self":[{"href":"https:\/\/aa.org.lv\/lv\/wp-json\/wp\/v2\/pages\/7125","targetHints":{"allow":["GET"]}}],"collection":[{"href":"https:\/\/aa.org.lv\/lv\/wp-json\/wp\/v2\/pages"}],"about":[{"href":"https:\/\/aa.org.lv\/lv\/wp-json\/wp\/v2\/types\/page"}],"author":[{"embeddable":true,"href":"https:\/\/aa.org.lv\/lv\/wp-json\/wp\/v2\/users\/1"}],"replies":[{"embeddable":true,"href":"https:\/\/aa.org.lv\/lv\/wp-json\/wp\/v2\/comments?post=7125"}],"version-history":[{"count":55,"href":"https:\/\/aa.org.lv\/lv\/wp-json\/wp\/v2\/pages\/7125\/revisions"}],"predecessor-version":[{"id":8659,"href":"https:\/\/aa.org.lv\/lv\/wp-json\/wp\/v2\/pages\/7125\/revisions\/8659"}],"wp:attachment":[{"href":"https:\/\/aa.org.lv\/lv\/wp-json\/wp\/v2\/media?parent=7125"}],"curies":[{"name":"wp","href":"https:\/\/api.w.org\/{rel}","templated":true}]}}