{"id":7146,"date":"2022-03-30T02:53:56","date_gmt":"2022-03-29T23:53:56","guid":{"rendered":"http:\/\/2022.aa.org.lv\/?page_id=7146"},"modified":"2023-09-15T21:36:58","modified_gmt":"2023-09-15T18:36:58","slug":"tuviniekiem","status":"publish","type":"page","link":"https:\/\/aa.org.lv\/lv\/tuviniekiem\/","title":{"rendered":"Tuviniekiem"},"content":{"rendered":"<div data-elementor-type=\"wp-page\" data-elementor-id=\"7146\" class=\"elementor elementor-7146\" data-elementor-post-type=\"page\">\n\t\t\t\t\t\t<section class=\"elementor-section elementor-top-section elementor-element elementor-element-1e043f2 elementor-section-boxed elementor-section-height-default elementor-section-height-default\" data-id=\"1e043f2\" data-element_type=\"section\">\n\t\t\t\t\t\t<div class=\"elementor-container elementor-column-gap-default\">\n\t\t\t\t\t<div class=\"elementor-column elementor-col-100 elementor-top-column elementor-element elementor-element-8befb84\" data-id=\"8befb84\" data-element_type=\"column\">\n\t\t\t<div class=\"elementor-widget-wrap elementor-element-populated\">\n\t\t\t\t\t\t<div class=\"elementor-element elementor-element-2db8288 elementor-widget__width-initial elementor-widget elementor-widget-heading\" data-id=\"2db8288\" data-element_type=\"widget\" data-widget_type=\"heading.default\">\n\t\t\t\t<div class=\"elementor-widget-container\">\n\t\t\t\t\t<h2 class=\"elementor-heading-title elementor-size-default\">Tuviniekiem<\/h2>\t\t\t\t<\/div>\n\t\t\t\t<\/div>\n\t\t\t\t\t<\/div>\n\t\t<\/div>\n\t\t\t\t\t<\/div>\n\t\t<\/section>\n\t\t\t\t<section class=\"elementor-section elementor-top-section elementor-element elementor-element-67b39eca elementor-section-boxed elementor-section-height-default elementor-section-height-default\" data-id=\"67b39eca\" data-element_type=\"section\">\n\t\t\t\t\t\t<div class=\"elementor-container elementor-column-gap-default\">\n\t\t\t\t\t<div class=\"elementor-column elementor-col-100 elementor-top-column elementor-element elementor-element-6be8899e\" data-id=\"6be8899e\" data-element_type=\"column\">\n\t\t\t<div class=\"elementor-widget-wrap elementor-element-populated\">\n\t\t\t\t\t\t<div class=\"elementor-element elementor-element-609d8d9 elementor-widget__width-initial elementor-widget elementor-widget-text-editor\" data-id=\"609d8d9\" data-element_type=\"widget\" data-widget_type=\"text-editor.default\">\n\t\t\t\t<div class=\"elementor-widget-container\">\n\t\t\t\t\t\t\t\t\t<p style=\"text-align: left;\">Alkoholisms skar ne tikai alkoholi\u0137us, bet ar\u012b vi\u0146u tuviniekus. Bezgal\u012bgie sol\u012bjumi, nezi\u0146a par n\u0101kotni, aizvien pieaugo\u0161ais izmisums alkoholi\u0137a tuviniekiem liek ciest ne maz\u0101k ar pa\u0161u slimnieku.<\/p><p style=\"text-align: left;\">Ja probl\u0113mas ar alkoholu ir k\u0101dam no j\u016bsu \u0123imenes locek\u013ciem, tuviniekiem vai draugiem, j\u016bs varat mekl\u0113t atbalstu Al-Anon \u0123imenes grup\u0101s.<\/p><p style=\"text-align: left;\">Al-Anon informat\u012bvais t\u0101lrunis: 25 854 230<\/p><p>E-pasts: latvijas_alanon@inbox.lv<\/p>\t\t\t\t\t\t\t\t<\/div>\n\t\t\t\t<\/div>\n\t\t\t\t<div class=\"elementor-element elementor-element-69a7e36 elementor-align-left elementor-widget elementor-widget-button\" data-id=\"69a7e36\" data-element_type=\"widget\" data-widget_type=\"button.default\">\n\t\t\t\t<div class=\"elementor-widget-container\">\n\t\t\t\t\t\t\t\t\t<div class=\"elementor-button-wrapper\">\n\t\t\t\t\t<a class=\"elementor-button elementor-button-link elementor-size-sm elementor-animation-grow\" href=\"https:\/\/alanon.org.lv\/biezi-uzdotie-jautajumi\/\">\n\t\t\t\t\t\t<span class=\"elementor-button-content-wrapper\">\n\t\t\t\t\t\t\t\t\t<span class=\"elementor-button-text\">Bie\u017e\u0101k uzdotie jaut\u0101jumi<\/span>\n\t\t\t\t\t<\/span>\n\t\t\t\t\t<\/a>\n\t\t\t\t<\/div>\n\t\t\t\t\t\t\t\t<\/div>\n\t\t\t\t<\/div>\n\t\t\t\t\t<\/div>\n\t\t<\/div>\n\t\t\t\t\t<\/div>\n\t\t<\/section>\n\t\t\t\t<\/div>","protected":false},"excerpt":{"rendered":"<p>Tuviniekiem Alkoholisms skar ne tikai alkoholi\u0137us, bet ar\u012b vi\u0146u tuviniekus. Bezgal\u012bgie sol\u012bjumi, nezi\u0146a par n\u0101kotni, aizvien pieaugo\u0161ais izmisums alkoholi\u0137a tuviniekiem liek ciest ne maz\u0101k ar pa\u0161u slimnieku. Ja probl\u0113mas ar alkoholu ir k\u0101dam no j\u016bsu \u0123imenes locek\u013ciem, tuviniekiem vai draugiem, j\u016bs varat mekl\u0113t atbalstu Al-Anon \u0123imenes grup\u0101s. Al-Anon informat\u012bvais t\u0101lrunis: 25 854 230 E-pasts: latvijas_alanon@inbox.lv [&hellip;]<\/p>","protected":false},"author":1,"featured_media":0,"parent":0,"menu_order":0,"comment_status":"closed","ping_status":"closed","template":"","meta":{"footnotes":""},"class_list":["post-7146","page","type-page","status-publish","hentry"],"_links":{"self":[{"href":"https:\/\/aa.org.lv\/lv\/wp-json\/wp\/v2\/pages\/7146","targetHints":{"allow":["GET"]}}],"collection":[{"href":"https:\/\/aa.org.lv\/lv\/wp-json\/wp\/v2\/pages"}],"about":[{"href":"https:\/\/aa.org.lv\/lv\/wp-json\/wp\/v2\/types\/page"}],"author":[{"embeddable":true,"href":"https:\/\/aa.org.lv\/lv\/wp-json\/wp\/v2\/users\/1"}],"replies":[{"embeddable":true,"href":"https:\/\/aa.org.lv\/lv\/wp-json\/wp\/v2\/comments?post=7146"}],"version-history":[{"count":43,"href":"https:\/\/aa.org.lv\/lv\/wp-json\/wp\/v2\/pages\/7146\/revisions"}],"predecessor-version":[{"id":9746,"href":"https:\/\/aa.org.lv\/lv\/wp-json\/wp\/v2\/pages\/7146\/revisions\/9746"}],"wp:attachment":[{"href":"https:\/\/aa.org.lv\/lv\/wp-json\/wp\/v2\/media?parent=7146"}],"curies":[{"name":"wp","href":"https:\/\/api.w.org\/{rel}","templated":true}]}}