{"id":7323,"date":"2022-04-08T02:33:53","date_gmt":"2022-04-07T23:33:53","guid":{"rendered":"http:\/\/2022.aa.org.lv\/?page_id=7323"},"modified":"2026-03-11T18:52:38","modified_gmt":"2026-03-11T16:52:38","slug":"ru","status":"publish","type":"page","link":"https:\/\/aa.org.lv\/lv\/ru\/","title":{"rendered":"RU lapa"},"content":{"rendered":"<div data-elementor-type=\"wp-page\" data-elementor-id=\"7323\" class=\"elementor elementor-7323\" data-elementor-post-type=\"page\">\n\t\t\t\t\t\t<section class=\"elementor-section elementor-top-section elementor-element elementor-element-410cb7e elementor-section-height-min-height elementor-section-items-bottom elementor-section-boxed elementor-section-height-default\" data-id=\"410cb7e\" data-element_type=\"section\" data-settings=\"{&quot;background_background&quot;:&quot;classic&quot;}\">\n\t\t\t\t\t\t\t<div class=\"elementor-background-overlay\"><\/div>\n\t\t\t\t\t\t\t<div class=\"elementor-container elementor-column-gap-default\">\n\t\t\t\t\t<div class=\"elementor-column elementor-col-100 elementor-top-column elementor-element elementor-element-a43c20d\" data-id=\"a43c20d\" data-element_type=\"column\">\n\t\t\t<div class=\"elementor-widget-wrap elementor-element-populated\">\n\t\t\t\t\t\t<div class=\"elementor-element elementor-element-360fa4d elementor-widget elementor-widget-text-editor\" data-id=\"360fa4d\" data-element_type=\"widget\" data-widget_type=\"text-editor.default\">\n\t\t\t\t<div class=\"elementor-widget-container\">\n\t\t\t\t\t\t\t\t\t<h4>\u041f\u0420\u041e\u0411\u041b\u0415\u041c\u042b \u0421 \u0410\u041b\u041a\u041e\u0413\u041e\u041b\u0415\u041c? \u0423 \u041d\u0410\u0421 \u0415\u0421\u0422\u042c \u0420\u0415\u0428\u0415\u041d\u0418\u0415.<\/h4><h5>\u0410\u0410 \u2014 \u044d\u0442\u043e \u043f\u0440\u043e\u0441\u0442\u0430\u044f \u043f\u0440\u043e\u0433\u0440\u0430\u043c\u043c\u0430, \u043a\u043e\u0442\u043e\u0440\u0430\u044f \u0440\u0430\u0431\u043e\u0442\u0430\u0435\u0442. \u041c\u044b \u043d\u0435 \u043b\u0435\u0447\u0438\u043c. \u041c\u044b \u043f\u043e\u043c\u043e\u0433\u0430\u0435\u043c \u0434\u0440\u0443\u0433 \u0434\u0440\u0443\u0433\u0443.<\/h5>\t\t\t\t\t\t\t\t<\/div>\n\t\t\t\t<\/div>\n\t\t\t\t<section class=\"elementor-section elementor-inner-section elementor-element elementor-element-2abef02 elementor-section-full_width elementor-section-height-min-height elementor-section-height-default\" data-id=\"2abef02\" data-element_type=\"section\" data-settings=\"{&quot;background_background&quot;:&quot;classic&quot;}\">\n\t\t\t\t\t\t<div class=\"elementor-container elementor-column-gap-default\">\n\t\t\t\t\t<div class=\"elementor-column elementor-col-50 elementor-inner-column elementor-element elementor-element-a1d151f\" data-id=\"a1d151f\" data-element_type=\"column\" data-settings=\"{&quot;background_background&quot;:&quot;classic&quot;}\">\n\t\t\t<div class=\"elementor-widget-wrap elementor-element-populated\">\n\t\t\t\t\t\t<div class=\"elementor-element elementor-element-68c5352 elementor-align-center elementor-mobile-align-center elementor-widget elementor-widget-button\" data-id=\"68c5352\" data-element_type=\"widget\" data-widget_type=\"button.default\">\n\t\t\t\t<div class=\"elementor-widget-container\">\n\t\t\t\t\t\t\t\t\t<div class=\"elementor-button-wrapper\">\n\t\t\t\t\t<a class=\"elementor-button elementor-button-link elementor-size-xl elementor-animation-grow\" href=\"https:\/\/aa.org.lv\/lv\/palidziba__trashed\/biezak-uzdotie-jautajumi\/\">\n\t\t\t\t\t\t<span class=\"elementor-button-content-wrapper\">\n\t\t\t\t\t\t\t\t\t<span class=\"elementor-button-text\">\u041e\u0442\u0432\u0435\u0442\u044b \u043d\u0430 \u0447\u0430\u0441\u0442\u043e \u0437\u0430\u0434\u0430\u0432\u0430\u0435\u043c\u044b\u0435 \u0432\u043e\u043f\u0440\u043e\u0441\u044b<\/span>\n\t\t\t\t\t<\/span>\n\t\t\t\t\t<\/a>\n\t\t\t\t<\/div>\n\t\t\t\t\t\t\t\t<\/div>\n\t\t\t\t<\/div>\n\t\t\t\t\t<\/div>\n\t\t<\/div>\n\t\t\t\t<div class=\"elementor-column elementor-col-50 elementor-inner-column elementor-element elementor-element-cb38706\" data-id=\"cb38706\" data-element_type=\"column\" data-settings=\"{&quot;background_background&quot;:&quot;classic&quot;}\">\n\t\t\t<div class=\"elementor-widget-wrap elementor-element-populated\">\n\t\t\t\t\t\t<div class=\"elementor-element elementor-element-5bf398a elementor-align-center elementor-mobile-align-center elementor-widget elementor-widget-button\" data-id=\"5bf398a\" data-element_type=\"widget\" data-widget_type=\"button.default\">\n\t\t\t\t<div class=\"elementor-widget-container\">\n\t\t\t\t\t\t\t\t\t<div class=\"elementor-button-wrapper\">\n\t\t\t\t\t<a class=\"elementor-button elementor-button-link elementor-size-xl elementor-animation-grow\" href=\"https:\/\/aa.org.lv\/lv\/sapulces\/\">\n\t\t\t\t\t\t<span class=\"elementor-button-content-wrapper\">\n\t\t\t\t\t\t\t\t\t<span class=\"elementor-button-text\">\u041d\u0430\u0439\u0442\u0438 \u0441\u043e\u0431\u0440\u0430\u043d\u0438\u0435<\/span>\n\t\t\t\t\t<\/span>\n\t\t\t\t\t<\/a>\n\t\t\t\t<\/div>\n\t\t\t\t\t\t\t\t<\/div>\n\t\t\t\t<\/div>\n\t\t\t\t\t<\/div>\n\t\t<\/div>\n\t\t\t\t\t<\/div>\n\t\t<\/section>\n\t\t\t\t\t<\/div>\n\t\t<\/div>\n\t\t\t\t\t<\/div>\n\t\t<\/section>\n\t\t\t\t<section class=\"elementor-section elementor-top-section elementor-element elementor-element-a34d9c0 elementor-section-boxed elementor-section-height-default elementor-section-height-default\" data-id=\"a34d9c0\" data-element_type=\"section\">\n\t\t\t\t\t\t<div class=\"elementor-container elementor-column-gap-default\">\n\t\t\t\t\t<div class=\"elementor-column elementor-col-100 elementor-top-column elementor-element elementor-element-85fa26e\" data-id=\"85fa26e\" data-element_type=\"column\">\n\t\t\t<div class=\"elementor-widget-wrap elementor-element-populated\">\n\t\t\t\t\t\t<div class=\"elementor-element elementor-element-eb6bd42 elementor-widget-divider--view-line_text elementor-widget-divider--element-align-left elementor-widget elementor-widget-divider\" data-id=\"eb6bd42\" data-element_type=\"widget\" data-widget_type=\"divider.default\">\n\t\t\t\t<div class=\"elementor-widget-container\">\n\t\t\t\t\t\t\t<div class=\"elementor-divider\">\n\t\t\t<span class=\"elementor-divider-separator\">\n\t\t\t\t\t\t\t<span class=\"elementor-divider__text elementor-divider__element\">\n\t\t\t\t\u0410\u043a\u0442\u0443\u0430\u043b\u044c\u043d\u044b\u0435 \u0441\u043e\u0431\u044b\u0442\u0438\u044f\t\t\t\t<\/span>\n\t\t\t\t\t\t<\/span>\n\t\t<\/div>\n\t\t\t\t\t\t<\/div>\n\t\t\t\t<\/div>\n\t\t\t\t<div class=\"elementor-element elementor-element-f3da3b4 elementor-posts--thumbnail-none elementor-posts--align-left elementor-grid-3 elementor-grid-tablet-2 elementor-grid-mobile-1 elementor-posts__hover-gradient elementor-widget elementor-widget-posts\" data-id=\"f3da3b4\" data-element_type=\"widget\" data-settings=\"{&quot;cards_columns&quot;:&quot;3&quot;,&quot;cards_columns_tablet&quot;:&quot;2&quot;,&quot;cards_columns_mobile&quot;:&quot;1&quot;,&quot;cards_row_gap&quot;:{&quot;unit&quot;:&quot;px&quot;,&quot;size&quot;:35,&quot;sizes&quot;:[]},&quot;cards_row_gap_tablet&quot;:{&quot;unit&quot;:&quot;px&quot;,&quot;size&quot;:&quot;&quot;,&quot;sizes&quot;:[]},&quot;cards_row_gap_mobile&quot;:{&quot;unit&quot;:&quot;px&quot;,&quot;size&quot;:&quot;&quot;,&quot;sizes&quot;:[]}}\" data-widget_type=\"posts.cards\">\n\t\t\t\t<div class=\"elementor-widget-container\">\n\t\t\t\t\t\t\t<div class=\"elementor-posts-container elementor-posts elementor-posts--skin-cards elementor-grid\" role=\"list\">\n\t\t\t\t<article class=\"elementor-post elementor-grid-item post-12304 post type-post status-publish format-standard hentry category-550\" role=\"listitem\">\n\t\t\t<div class=\"elementor-post__card\">\n\t\t\t\t<div class=\"elementor-post__text\">\n\t\t\t\t<h3 class=\"elementor-post__title\">\n\t\t\t<a href=\"https:\/\/aa.org.lv\/lv\/2026\/03\/30\/novaja-grupa-v-rige\/\" >\n\t\t\t\t\u041d\u043e\u0432\u0430\u044f \u0433\u0440\u0443\u043f\u043f\u0430 \u0410\u0410 \u0432 \u0420\u0438\u0433\u0435\t\t\t<\/a>\n\t\t<\/h3>\n\t\t\t\t<div class=\"elementor-post__excerpt\">\n\t\t\t<p>\u0421 15 \u043c\u0430\u0440\u0442\u0430 2026 \u0433\u043e\u0434\u0430 \u0441\u043e\u0437\u0434\u0430\u043d\u0430 \u043d\u043e\u0432\u0430\u044f \u0433\u0440\u0443\u043f\u043f\u0430 \u0410\u0410 &#8220;\u0416\u0435\u043d\u0441\u043a\u0430\u044f \u0433\u0440\u0443\u043f\u043f\u0430&#8221; (Zhenskaja grupa).\u0421\u043e\u0431\u0440\u0430\u043d\u0438\u044f \u043f\u0440\u043e\u0445\u043e\u0434\u044f\u0442 \u043e\u0434\u0438\u043d<\/p>\n\t\t<\/div>\n\t\t\n\t\t<a class=\"elementor-post__read-more\" href=\"https:\/\/aa.org.lv\/lv\/2026\/03\/30\/novaja-grupa-v-rige\/\" aria-label=\"Read more about \u041d\u043e\u0432\u0430\u044f \u0433\u0440\u0443\u043f\u043f\u0430 \u0410\u0410 \u0432 \u0420\u0438\u0433\u0435\" tabindex=\"-1\" >\n\t\t\t\u0427\u0438\u0442\u0430\u0442\u044c \u0434\u0430\u043b\u044c\u0448\u0435 \u00bb\t\t<\/a>\n\n\t\t\t\t<\/div>\n\t\t\t\t<div class=\"elementor-post__meta-data\">\n\t\t\t\t\t<span class=\"elementor-post-date\">\n\t\t\t30\/03\/2026\t\t<\/span>\n\t\t\t\t<\/div>\n\t\t\t\t\t<\/div>\n\t\t<\/article>\n\t\t\t\t<article class=\"elementor-post elementor-grid-item post-12201 post type-post status-publish format-standard hentry category-550\" role=\"listitem\">\n\t\t\t<div class=\"elementor-post__card\">\n\t\t\t\t<div class=\"elementor-post__text\">\n\t\t\t\t<h3 class=\"elementor-post__title\">\n\t\t\t<a href=\"https:\/\/aa.org.lv\/lv\/2026\/03\/11\/galvena-merka-grupa-pirma-sola-sestd-ru\/\" >\n\t\t\t\t28.03.2026. &#8220;\u0421\u0443\u0431\u0431\u043e\u0442\u0430 \u041f\u0435\u0440\u0432\u043e\u0433\u043e \u0448\u0430\u0433\u0430&#8221;\t\t\t<\/a>\n\t\t<\/h3>\n\t\t\t\t<div class=\"elementor-post__excerpt\">\n\t\t\t<p>Galven\u0101 m\u0113r\u0137a grupa \u043f\u0440\u0438\u0433\u043b\u0430\u0448\u0430\u0435\u0442 \u043d\u0430 &#8220;\u0421\u0443\u0431\u0431\u043e\u0442\u0443 \u041f\u0435\u0440\u0432\u043e\u0433\u043e \u0448\u0430\u0433\u0430&#8221; 28 \u043c\u0430\u0440\u0442\u0430 18:00 &#8211; 20:00\u0420\u0438\u0433\u0430, \u0443\u043b. Skolas<\/p>\n\t\t<\/div>\n\t\t\n\t\t<a class=\"elementor-post__read-more\" href=\"https:\/\/aa.org.lv\/lv\/2026\/03\/11\/galvena-merka-grupa-pirma-sola-sestd-ru\/\" aria-label=\"Read more about 28.03.2026. &#8220;\u0421\u0443\u0431\u0431\u043e\u0442\u0430 \u041f\u0435\u0440\u0432\u043e\u0433\u043e \u0448\u0430\u0433\u0430&#8221;\" tabindex=\"-1\" >\n\t\t\t\u0427\u0438\u0442\u0430\u0442\u044c \u0434\u0430\u043b\u044c\u0448\u0435 \u00bb\t\t<\/a>\n\n\t\t\t\t<\/div>\n\t\t\t\t<div class=\"elementor-post__meta-data\">\n\t\t\t\t\t<span class=\"elementor-post-date\">\n\t\t\t11\/03\/2026\t\t<\/span>\n\t\t\t\t<\/div>\n\t\t\t\t\t<\/div>\n\t\t<\/article>\n\t\t\t\t<article class=\"elementor-post elementor-grid-item post-12189 post type-post status-publish format-standard hentry category-550\" role=\"listitem\">\n\t\t\t<div class=\"elementor-post__card\">\n\t\t\t\t<div class=\"elementor-post__text\">\n\t\t\t\t<h3 class=\"elementor-post__title\">\n\t\t\t<a href=\"https:\/\/aa.org.lv\/lv\/2026\/03\/09\/restarts-2026-ru\/\" >\n\t\t\t\t11.-14.06.2026. &#8220;\u0420\u0435\u0441\u0442\u0430\u0440\u0442 2026 &#8211; \u041f\u043e\u0432\u043e\u0440\u043e\u0442\u043d\u044b\u0439 \u043c\u043e\u043c\u0435\u043d\u0442&#8221;\t\t\t<\/a>\n\t\t<\/h3>\n\t\t\t\t<div class=\"elementor-post__excerpt\">\n\t\t\t<p>\u041f\u0440\u0438\u0433\u043b\u0430\u0448\u0430\u0435\u043c \u043d\u0430 \u043b\u0430\u0433\u0435\u0440\u044c &#8220;\u0420\u0435\u0441\u0442\u0430\u0440\u0442 2026 &#8211; \u041f\u043e\u0432\u043e\u0440\u043e\u0442\u043d\u044b\u0439 \u043c\u043e\u043c\u0435\u043d\u0442&#8221; 11 &#8211; 14 \u0438\u044e\u043d\u044f, \u0443\u0441\u0430\u0434\u044c\u0431\u0430 \u042d\u043b\u0435\u0440\u043d\u0435 \u0427\u0435\u0442\u044b\u0440\u0435<\/p>\n\t\t<\/div>\n\t\t\n\t\t<a class=\"elementor-post__read-more\" href=\"https:\/\/aa.org.lv\/lv\/2026\/03\/09\/restarts-2026-ru\/\" aria-label=\"Read more about 11.-14.06.2026. &#8220;\u0420\u0435\u0441\u0442\u0430\u0440\u0442 2026 &#8211; \u041f\u043e\u0432\u043e\u0440\u043e\u0442\u043d\u044b\u0439 \u043c\u043e\u043c\u0435\u043d\u0442&#8221;\" tabindex=\"-1\" >\n\t\t\t\u0427\u0438\u0442\u0430\u0442\u044c \u0434\u0430\u043b\u044c\u0448\u0435 \u00bb\t\t<\/a>\n\n\t\t\t\t<\/div>\n\t\t\t\t<div class=\"elementor-post__meta-data\">\n\t\t\t\t\t<span class=\"elementor-post-date\">\n\t\t\t09\/03\/2026\t\t<\/span>\n\t\t\t\t<\/div>\n\t\t\t\t\t<\/div>\n\t\t<\/article>\n\t\t\t\t<article class=\"elementor-post elementor-grid-item post-12150 post type-post status-publish format-standard hentry category-550\" role=\"listitem\">\n\t\t\t<div class=\"elementor-post__card\">\n\t\t\t\t<div class=\"elementor-post__text\">\n\t\t\t\t<h3 class=\"elementor-post__title\">\n\t\t\t<a href=\"https:\/\/aa.org.lv\/lv\/2026\/02\/10\/%d0%b3%d1%80%d1%83%d0%bf%d0%bf%d0%b0-krustceles-kekava-%d0%bf%d1%80%d0%b8%d0%b3%d0%bb%d0%b0%d1%88%d0%b0%d0%b5%d1%82-%d0%be%d1%82%d0%bf%d1%80%d0%b0%d0%b7%d0%b4%d0%bd%d0%be%d0%b2%d0%b0%d1%82%d1%8c\/\" >\n\t\t\t\t21.02.2026. \u042e\u0431\u0438\u043b\u0435\u0439 \u0433\u0440\u0443\u043f\u043f\u044b &#8220;Krustceles&#8221; (\u0136ekava).\t\t\t<\/a>\n\t\t<\/h3>\n\t\t\t\t<div class=\"elementor-post__excerpt\">\n\t\t\t<p>\u0413\u0440\u0443\u043f\u043f\u0430 &#8220;Krustceles&#8221; (\u0136ekava) \u043f\u0440\u0438\u0433\u043b\u0430\u0448\u0430\u0435\u0442 \u043e\u0442\u043f\u0440\u0430\u0437\u0434\u043d\u043e\u0432\u0430\u0442\u044c \u0441\u0432\u043e\u0451 12-\u043b\u0435\u0442\u0438\u0435 21 \u0444\u0435\u0432\u0440\u0430\u043b\u044f. \u041f\u0440\u043e\u0433\u0440\u0430\u043c\u043c\u0430 \u043c\u0435\u0440\u043e\u043f\u0440\u0438\u044f\u0442\u0438\u044f<\/p>\n\t\t<\/div>\n\t\t\n\t\t<a class=\"elementor-post__read-more\" href=\"https:\/\/aa.org.lv\/lv\/2026\/02\/10\/%d0%b3%d1%80%d1%83%d0%bf%d0%bf%d0%b0-krustceles-kekava-%d0%bf%d1%80%d0%b8%d0%b3%d0%bb%d0%b0%d1%88%d0%b0%d0%b5%d1%82-%d0%be%d1%82%d0%bf%d1%80%d0%b0%d0%b7%d0%b4%d0%bd%d0%be%d0%b2%d0%b0%d1%82%d1%8c\/\" aria-label=\"Read more about 21.02.2026. \u042e\u0431\u0438\u043b\u0435\u0439 \u0433\u0440\u0443\u043f\u043f\u044b &#8220;Krustceles&#8221; (\u0136ekava).\" tabindex=\"-1\" >\n\t\t\t\u0427\u0438\u0442\u0430\u0442\u044c \u0434\u0430\u043b\u044c\u0448\u0435 \u00bb\t\t<\/a>\n\n\t\t\t\t<\/div>\n\t\t\t\t<div class=\"elementor-post__meta-data\">\n\t\t\t\t\t<span class=\"elementor-post-date\">\n\t\t\t10\/02\/2026\t\t<\/span>\n\t\t\t\t<\/div>\n\t\t\t\t\t<\/div>\n\t\t<\/article>\n\t\t\t\t<article class=\"elementor-post elementor-grid-item post-12085 post type-post status-publish format-standard hentry category-550\" role=\"listitem\">\n\t\t\t<div class=\"elementor-post__card\">\n\t\t\t\t<div class=\"elementor-post__text\">\n\t\t\t\t<h3 class=\"elementor-post__title\">\n\t\t\t<a href=\"https:\/\/aa.org.lv\/lv\/2026\/01\/29\/%d0%b3%d1%80%d1%83%d0%bf%d0%bf%d0%b5-%d1%83%d0%bb%d1%8b%d0%b1%d0%ba%d0%b0-8-%d0%bb%d0%b5%d1%82\/\" >\n\t\t\t\t07.02.2026 \u042e\u0431\u0438\u043b\u0435\u0439 \u0433\u0440\u0443\u043f\u043f\u044b &#8220;\u0423\u043b\u044b\u0431\u043a\u0430&#8221;.\t\t\t<\/a>\n\t\t<\/h3>\n\t\t\t\t<div class=\"elementor-post__excerpt\">\n\t\t\t<p>\u0413\u0440\u0443\u043f\u043f\u0435 &#8220;\u0423\u043b\u044b\u0431\u043a\u0430&#8221; &#8211; 8 \u043b\u0435\u0442! &#8220;\u041e\u0442 \u0443\u043b\u044b\u0431\u043a\u0438 \u0441\u0442\u0430\u043d\u0435\u0442 \u0432\u0441\u0435\u043c \u0442\u0440\u0435\u0437\u0432\u0435\u0439&#8221; \u0441 \u044d\u0442\u0438\u043c \u0434\u0435\u0432\u0438\u0437\u043e\u043c \u0433\u0440\u0443\u043f\u043f\u0430 \u0410\u0410&#8221;\u0423\u041b\u042b\u0411\u041a\u0410&#8221;<\/p>\n\t\t<\/div>\n\t\t\n\t\t<a class=\"elementor-post__read-more\" href=\"https:\/\/aa.org.lv\/lv\/2026\/01\/29\/%d0%b3%d1%80%d1%83%d0%bf%d0%bf%d0%b5-%d1%83%d0%bb%d1%8b%d0%b1%d0%ba%d0%b0-8-%d0%bb%d0%b5%d1%82\/\" aria-label=\"Read more about 07.02.2026 \u042e\u0431\u0438\u043b\u0435\u0439 \u0433\u0440\u0443\u043f\u043f\u044b &#8220;\u0423\u043b\u044b\u0431\u043a\u0430&#8221;.\" tabindex=\"-1\" >\n\t\t\t\u0427\u0438\u0442\u0430\u0442\u044c \u0434\u0430\u043b\u044c\u0448\u0435 \u00bb\t\t<\/a>\n\n\t\t\t\t<\/div>\n\t\t\t\t<div class=\"elementor-post__meta-data\">\n\t\t\t\t\t<span class=\"elementor-post-date\">\n\t\t\t29\/01\/2026\t\t<\/span>\n\t\t\t\t<\/div>\n\t\t\t\t\t<\/div>\n\t\t<\/article>\n\t\t\t\t<article class=\"elementor-post elementor-grid-item post-12083 post type-post status-publish format-standard hentry category-550\" role=\"listitem\">\n\t\t\t<div class=\"elementor-post__card\">\n\t\t\t\t<div class=\"elementor-post__text\">\n\t\t\t\t<h3 class=\"elementor-post__title\">\n\t\t\t<a href=\"https:\/\/aa.org.lv\/lv\/2026\/01\/29\/%d0%bc%d0%b5%d1%80%d0%be%d0%bf%d1%80%d0%b8%d1%8f%d1%82%d0%b8%d0%b5-%d0%bf%d0%be%d1%81%d0%b2%d1%8f%d1%89%d0%b5%d0%bd%d0%bd%d0%be%d0%b5-35-%d0%bb%d0%b5%d1%82%d0%b8%d1%8e-%d0%b3%d1%80%d1%83%d0%bf%d0%bf\/\" >\n\t\t\t\t14.03.2026. \u042e\u0431\u0438\u043b\u0435\u0439 \u0433\u0440\u0443\u043f\u043f\u044b &#8220;Ausma&#8221; (Tukums).\t\t\t<\/a>\n\t\t<\/h3>\n\t\t\t\t<div class=\"elementor-post__excerpt\">\n\t\t\t<p>\u041c\u0435\u0440\u043e\u043f\u0440\u0438\u044f\u0442\u0438\u0435, \u043f\u043e\u0441\u0432\u044f\u0449\u0435\u043d\u043d\u043e\u0435 35-\u043b\u0435\u0442\u0438\u044e \u0433\u0440\u0443\u043f\u043f\u044b &#8220;Ausma&#8221; (Tukums) &#8220;\u041f\u043e\u043b\u0443\u043c\u0435\u0440\u044b \u043d\u0438\u0447\u0435\u043c \u043d\u0435 \u043f\u043e\u043c\u043e\u0433\u043b\u0438 \u043d\u0430\u043c &#8230;&#8221; \u0421\u0443\u0431\u0431\u043e\u0442\u0430, 14.03.2026. 14:00<\/p>\n\t\t<\/div>\n\t\t\n\t\t<a class=\"elementor-post__read-more\" href=\"https:\/\/aa.org.lv\/lv\/2026\/01\/29\/%d0%bc%d0%b5%d1%80%d0%be%d0%bf%d1%80%d0%b8%d1%8f%d1%82%d0%b8%d0%b5-%d0%bf%d0%be%d1%81%d0%b2%d1%8f%d1%89%d0%b5%d0%bd%d0%bd%d0%be%d0%b5-35-%d0%bb%d0%b5%d1%82%d0%b8%d1%8e-%d0%b3%d1%80%d1%83%d0%bf%d0%bf\/\" aria-label=\"Read more about 14.03.2026. \u042e\u0431\u0438\u043b\u0435\u0439 \u0433\u0440\u0443\u043f\u043f\u044b &#8220;Ausma&#8221; (Tukums).\" tabindex=\"-1\" >\n\t\t\t\u0427\u0438\u0442\u0430\u0442\u044c \u0434\u0430\u043b\u044c\u0448\u0435 \u00bb\t\t<\/a>\n\n\t\t\t\t<\/div>\n\t\t\t\t<div class=\"elementor-post__meta-data\">\n\t\t\t\t\t<span class=\"elementor-post-date\">\n\t\t\t29\/01\/2026\t\t<\/span>\n\t\t\t\t<\/div>\n\t\t\t\t\t<\/div>\n\t\t<\/article>\n\t\t\t\t<\/div>\n\t\t\n\t\t\t\t\t\t<\/div>\n\t\t\t\t<\/div>\n\t\t\t\t\t<\/div>\n\t\t<\/div>\n\t\t\t\t\t<\/div>\n\t\t<\/section>\n\t\t\t\t<section class=\"elementor-section elementor-top-section elementor-element elementor-element-15319fa elementor-section-boxed elementor-section-height-default elementor-section-height-default\" data-id=\"15319fa\" data-element_type=\"section\" data-settings=\"{&quot;background_background&quot;:&quot;classic&quot;}\">\n\t\t\t\t\t\t<div class=\"elementor-container elementor-column-gap-default\">\n\t\t\t\t\t<div class=\"elementor-column elementor-col-50 elementor-top-column elementor-element elementor-element-16888a1\" data-id=\"16888a1\" data-element_type=\"column\">\n\t\t\t<div class=\"elementor-widget-wrap elementor-element-populated\">\n\t\t\t\t\t\t<div class=\"elementor-element elementor-element-506d7b0 elementor-widget elementor-widget-image\" data-id=\"506d7b0\" data-element_type=\"widget\" data-widget_type=\"image.default\">\n\t\t\t\t<div class=\"elementor-widget-container\">\n\t\t\t\t\t\t\t\t\t\t\t\t\t\t\t\t<a href=\"https:\/\/www.aavinoga.org\/\" target=\"_blank\">\n\t\t\t\t\t\t\t<img decoding=\"async\" src=\"https:\/\/aa.org.lv\/wp-content\/uploads\/elementor\/thumbs\/Vi\u0304nog-banneris-balts-scaled-pmvenu4plcf2gdg8birpl2tga30ccm5wv1uuli5zp2.jpg\" title=\"Vi\u0304nog banneris balts\" alt=\"Vi\u0304nog banneris balts\" class=\"elementor-animation-grow\" loading=\"lazy\" \/>\t\t\t\t\t\t\t\t<\/a>\n\t\t\t\t\t\t\t\t\t\t\t\t\t\t\t<\/div>\n\t\t\t\t<\/div>\n\t\t\t\t\t<\/div>\n\t\t<\/div>\n\t\t\t\t<div class=\"elementor-column elementor-col-50 elementor-top-column elementor-element elementor-element-4f68978\" data-id=\"4f68978\" data-element_type=\"column\">\n\t\t\t<div class=\"elementor-widget-wrap elementor-element-populated\">\n\t\t\t\t\t\t<div class=\"elementor-element elementor-element-9913d29 elementor-widget elementor-widget-text-editor\" data-id=\"9913d29\" data-element_type=\"widget\" data-widget_type=\"text-editor.default\">\n\t\t\t\t<div class=\"elementor-widget-container\">\n\t\t\t\t\t\t\t\t\t<h5>\u0418\u043d\u0442\u0435\u0440\u043d\u0435\u0442-\u0436\u0443\u0440\u043d\u0430\u043b \u041b\u0430\u0442\u0432\u0438\u0439\u0441\u043a\u043e\u0433\u043e \u043e\u0431\u0449\u0435\u0441\u0442\u0432\u0430 \u0430\u043d\u043e\u043d\u0438\u043c\u043d\u044b\u0445 \u0430\u043b\u043a\u043e\u0433\u043e\u043b\u0438\u043a\u043e\u0432. \u0415\u0433\u043e \u0433\u043e\u0442\u043e\u0432\u044f\u0442, \u0440\u0435\u0434\u0430\u043a\u0442\u0438\u0440\u0443\u044e\u0442 \u0438 \u0447\u0438\u0442\u0430\u044e\u0442 \u043a\u0430\u043a \u0447\u043b\u0435\u043d\u044b \u0410\u0410, \u0442\u0430\u043a \u0438 \u0434\u0440\u0443\u0433\u0438\u0435 \u043b\u044e\u0434\u0438, \u0438\u043d\u0442\u0435\u0440\u0435\u0441\u0443\u044e\u0449\u0438\u0435\u0441\u044f \u043f\u0440\u043e\u0433\u0440\u0430\u043c\u043c\u043e\u0439 \u0432\u044b\u0437\u0434\u043e\u0440\u043e\u0432\u043b\u0435\u043d\u0438\u044f \u0410\u0410.<\/h5>\t\t\t\t\t\t\t\t<\/div>\n\t\t\t\t<\/div>\n\t\t\t\t<div class=\"elementor-element elementor-element-9440806 elementor-widget elementor-widget-button\" data-id=\"9440806\" data-element_type=\"widget\" data-widget_type=\"button.default\">\n\t\t\t\t<div class=\"elementor-widget-container\">\n\t\t\t\t\t\t\t\t\t<div class=\"elementor-button-wrapper\">\n\t\t\t\t\t<a class=\"elementor-button elementor-button-link elementor-size-xs elementor-animation-grow\" href=\"https:\/\/www.aavinoga.org\/\">\n\t\t\t\t\t\t<span class=\"elementor-button-content-wrapper\">\n\t\t\t\t\t\t\t\t\t<span class=\"elementor-button-text\">\u0427\u0438\u0442\u0430\u0442\u044c \u0436\u0443\u0440\u043d\u0430\u043b<\/span>\n\t\t\t\t\t<\/span>\n\t\t\t\t\t<\/a>\n\t\t\t\t<\/div>\n\t\t\t\t\t\t\t\t<\/div>\n\t\t\t\t<\/div>\n\t\t\t\t\t<\/div>\n\t\t<\/div>\n\t\t\t\t\t<\/div>\n\t\t<\/section>\n\t\t\t\t<\/div>","protected":false},"excerpt":{"rendered":"<p>\u041f\u0420\u041e\u0411\u041b\u0415\u041c\u042b \u0421 \u0410\u041b\u041a\u041e\u0413\u041e\u041b\u0415\u041c? \u0423 \u041d\u0410\u0421 \u0415\u0421\u0422\u042c \u0420\u0415\u0428\u0415\u041d\u0418\u0415. \u0410\u0410 \u2014 \u044d\u0442\u043e \u043f\u0440\u043e\u0441\u0442\u0430\u044f \u043f\u0440\u043e\u0433\u0440\u0430\u043c\u043c\u0430, \u043a\u043e\u0442\u043e\u0440\u0430\u044f \u0440\u0430\u0431\u043e\u0442\u0430\u0435\u0442. \u041c\u044b \u043d\u0435 \u043b\u0435\u0447\u0438\u043c. \u041c\u044b \u043f\u043e\u043c\u043e\u0433\u0430\u0435\u043c \u0434\u0440\u0443\u0433 \u0434\u0440\u0443\u0433\u0443. \u041e\u0442\u0432\u0435\u0442\u044b \u043d\u0430 \u0447\u0430\u0441\u0442\u043e \u0437\u0430\u0434\u0430\u0432\u0430\u0435\u043c\u044b\u0435 \u0432\u043e\u043f\u0440\u043e\u0441\u044b \u041d\u0430\u0439\u0442\u0438 \u0441\u043e\u0431\u0440\u0430\u043d\u0438\u0435 \u0410\u043a\u0442\u0443\u0430\u043b\u044c\u043d\u044b\u0435 \u0441\u043e\u0431\u044b\u0442\u0438\u044f \u0418\u043d\u0442\u0435\u0440\u043d\u0435\u0442-\u0436\u0443\u0440\u043d\u0430\u043b \u041b\u0430\u0442\u0432\u0438\u0439\u0441\u043a\u043e\u0433\u043e \u043e\u0431\u0449\u0435\u0441\u0442\u0432\u0430 \u0430\u043d\u043e\u043d\u0438\u043c\u043d\u044b\u0445 \u0430\u043b\u043a\u043e\u0433\u043e\u043b\u0438\u043a\u043e\u0432. \u0415\u0433\u043e \u0433\u043e\u0442\u043e\u0432\u044f\u0442, \u0440\u0435\u0434\u0430\u043a\u0442\u0438\u0440\u0443\u044e\u0442 \u0438 \u0447\u0438\u0442\u0430\u044e\u0442 \u043a\u0430\u043a \u0447\u043b\u0435\u043d\u044b \u0410\u0410, \u0442\u0430\u043a \u0438 \u0434\u0440\u0443\u0433\u0438\u0435 \u043b\u044e\u0434\u0438, \u0438\u043d\u0442\u0435\u0440\u0435\u0441\u0443\u044e\u0449\u0438\u0435\u0441\u044f \u043f\u0440\u043e\u0433\u0440\u0430\u043c\u043c\u043e\u0439 \u0432\u044b\u0437\u0434\u043e\u0440\u043e\u0432\u043b\u0435\u043d\u0438\u044f \u0410\u0410. \u0427\u0438\u0442\u0430\u0442\u044c \u0436\u0443\u0440\u043d\u0430\u043b<\/p>","protected":false},"author":2,"featured_media":0,"parent":0,"menu_order":0,"comment_status":"closed","ping_status":"closed","template":"","meta":{"footnotes":""},"class_list":["post-7323","page","type-page","status-publish","hentry"],"_links":{"self":[{"href":"https:\/\/aa.org.lv\/lv\/wp-json\/wp\/v2\/pages\/7323","targetHints":{"allow":["GET"]}}],"collection":[{"href":"https:\/\/aa.org.lv\/lv\/wp-json\/wp\/v2\/pages"}],"about":[{"href":"https:\/\/aa.org.lv\/lv\/wp-json\/wp\/v2\/types\/page"}],"author":[{"embeddable":true,"href":"https:\/\/aa.org.lv\/lv\/wp-json\/wp\/v2\/users\/2"}],"replies":[{"embeddable":true,"href":"https:\/\/aa.org.lv\/lv\/wp-json\/wp\/v2\/comments?post=7323"}],"version-history":[{"count":18,"href":"https:\/\/aa.org.lv\/lv\/wp-json\/wp\/v2\/pages\/7323\/revisions"}],"predecessor-version":[{"id":12218,"href":"https:\/\/aa.org.lv\/lv\/wp-json\/wp\/v2\/pages\/7323\/revisions\/12218"}],"wp:attachment":[{"href":"https:\/\/aa.org.lv\/lv\/wp-json\/wp\/v2\/media?parent=7323"}],"curies":[{"name":"wp","href":"https:\/\/api.w.org\/{rel}","templated":true}]}}