{"id":8822,"date":"2023-05-20T13:37:45","date_gmt":"2023-05-20T10:37:45","guid":{"rendered":"http:\/\/2022.aa.org.lv\/cart\/"},"modified":"2023-05-26T16:24:35","modified_gmt":"2023-05-26T13:24:35","slug":"cart","status":"publish","type":"page","link":"https:\/\/aa.org.lv\/lv\/cart\/","title":{"rendered":"Grozs"},"content":{"rendered":"<div data-elementor-type=\"wp-page\" data-elementor-id=\"8822\" class=\"elementor elementor-8822\" data-elementor-post-type=\"page\">\n\t\t\t\t\t\t<section class=\"elementor-section elementor-top-section elementor-element elementor-element-47338c42 elementor-section-boxed elementor-section-height-default elementor-section-height-default\" data-id=\"47338c42\" data-element_type=\"section\">\n\t\t\t\t\t\t<div class=\"elementor-container elementor-column-gap-default\">\n\t\t\t\t\t<div class=\"elementor-column elementor-col-100 elementor-top-column elementor-element elementor-element-2b2b3909\" data-id=\"2b2b3909\" data-element_type=\"column\">\n\t\t\t<div class=\"elementor-widget-wrap elementor-element-populated\">\n\t\t\t\t\t\t\t<\/div>\n\t\t<\/div>\n\t\t\t\t\t<\/div>\n\t\t<\/section>\n\t\t\t\t<\/div>","protected":false},"excerpt":{"rendered":"<p>Remove item Thumbnail image Product Price Quantity Subtotal \u00d7 Ikdienas P\u0101rdomas 6,00&nbsp;\u20ac Ikdienas P\u0101rdomas quantity 6,00&nbsp;\u20ac \u00d7 Divpadsmit Trad\u012bcijas Att\u0113los 0,50&nbsp;\u20ac Divpadsmit Trad\u012bcijas Att\u0113los quantity 0,50&nbsp;\u20ac Kop\u0101 Subtotal 6,50&nbsp;\u20ac Shipping Free shipping Shipping options will be updated during checkout. Calculate shipping Country \/ region: Select a country \/ region\u2026Latvia State \/ County: City: Postcode \/ [&hellip;]<\/p>","protected":false},"author":3,"featured_media":0,"parent":0,"menu_order":0,"comment_status":"closed","ping_status":"closed","template":"","meta":{"footnotes":""},"class_list":["post-8822","page","type-page","status-publish","hentry"],"_links":{"self":[{"href":"https:\/\/aa.org.lv\/lv\/wp-json\/wp\/v2\/pages\/8822","targetHints":{"allow":["GET"]}}],"collection":[{"href":"https:\/\/aa.org.lv\/lv\/wp-json\/wp\/v2\/pages"}],"about":[{"href":"https:\/\/aa.org.lv\/lv\/wp-json\/wp\/v2\/types\/page"}],"author":[{"embeddable":true,"href":"https:\/\/aa.org.lv\/lv\/wp-json\/wp\/v2\/users\/3"}],"replies":[{"embeddable":true,"href":"https:\/\/aa.org.lv\/lv\/wp-json\/wp\/v2\/comments?post=8822"}],"version-history":[{"count":8,"href":"https:\/\/aa.org.lv\/lv\/wp-json\/wp\/v2\/pages\/8822\/revisions"}],"predecessor-version":[{"id":8901,"href":"https:\/\/aa.org.lv\/lv\/wp-json\/wp\/v2\/pages\/8822\/revisions\/8901"}],"wp:attachment":[{"href":"https:\/\/aa.org.lv\/lv\/wp-json\/wp\/v2\/media?parent=8822"}],"curies":[{"name":"wp","href":"https:\/\/api.w.org\/{rel}","templated":true}]}}