{"id":8902,"date":"2023-05-26T16:25:05","date_gmt":"2023-05-26T13:25:05","guid":{"rendered":"http:\/\/2022.aa.org.lv\/?page_id=8902"},"modified":"2025-11-18T21:19:49","modified_gmt":"2025-11-18T19:19:49","slug":"grozs","status":"publish","type":"page","link":"https:\/\/aa.org.lv\/lv\/grozs\/","title":{"rendered":"Grozs"},"content":{"rendered":"<div data-elementor-type=\"wp-page\" data-elementor-id=\"8902\" class=\"elementor elementor-8902\" data-elementor-post-type=\"page\">\n\t\t\t\t\t\t<section class=\"elementor-section elementor-top-section elementor-element elementor-element-47338c42 elementor-section-boxed elementor-section-height-default elementor-section-height-default\" data-id=\"47338c42\" data-element_type=\"section\">\n\t\t\t\t\t\t<div class=\"elementor-container elementor-column-gap-default\">\n\t\t\t\t\t<div class=\"elementor-column elementor-col-100 elementor-top-column elementor-element elementor-element-2b2b3909\" data-id=\"2b2b3909\" data-element_type=\"column\">\n\t\t\t<div class=\"elementor-widget-wrap elementor-element-populated\">\n\t\t\t\t\t\t\t<\/div>\n\t\t<\/div>\n\t\t\t\t\t<\/div>\n\t\t<\/section>\n\t\t\t\t<\/div>","protected":false},"excerpt":{"rendered":"<p>Remove item Thumbnail image Product Price Quantity Subtotal &times; 12 so\u013ci att\u0113los 0,50&nbsp;&euro; 12 so\u013ci att\u0113los quantity 1,00&nbsp;&euro; &times; Anon\u012bmie Alkoholi\u0137i 7,00&nbsp;&euro; Anon\u012bmie Alkoholi\u0137i quantity 7,00&nbsp;&euro; &times; Inform\u0101cija par Anon\u012bmajiem alkoholi\u0137iem 0,25&nbsp;&euro; Inform\u0101cija par Anon\u012bmajiem alkoholi\u0137iem quantity 0,25&nbsp;&euro; Pievienot ziedojumu &euro; Ziedot Kop\u0101 Subtotal 8,25&nbsp;&euro; Shipping Pieg\u0101de pa pastu (\u0101rzem\u0113s, vid\u0113ji 2-3 gr\u0101matas): 12,00&nbsp;&euro; Omniva [&hellip;]<\/p>","protected":false},"author":3,"featured_media":0,"parent":0,"menu_order":0,"comment_status":"closed","ping_status":"closed","template":"","meta":{"footnotes":""},"class_list":["post-8902","page","type-page","status-publish","hentry"],"_links":{"self":[{"href":"https:\/\/aa.org.lv\/lv\/wp-json\/wp\/v2\/pages\/8902","targetHints":{"allow":["GET"]}}],"collection":[{"href":"https:\/\/aa.org.lv\/lv\/wp-json\/wp\/v2\/pages"}],"about":[{"href":"https:\/\/aa.org.lv\/lv\/wp-json\/wp\/v2\/types\/page"}],"author":[{"embeddable":true,"href":"https:\/\/aa.org.lv\/lv\/wp-json\/wp\/v2\/users\/3"}],"replies":[{"embeddable":true,"href":"https:\/\/aa.org.lv\/lv\/wp-json\/wp\/v2\/comments?post=8902"}],"version-history":[{"count":66,"href":"https:\/\/aa.org.lv\/lv\/wp-json\/wp\/v2\/pages\/8902\/revisions"}],"predecessor-version":[{"id":11758,"href":"https:\/\/aa.org.lv\/lv\/wp-json\/wp\/v2\/pages\/8902\/revisions\/11758"}],"wp:attachment":[{"href":"https:\/\/aa.org.lv\/lv\/wp-json\/wp\/v2\/media?parent=8902"}],"curies":[{"name":"wp","href":"https:\/\/api.w.org\/{rel}","templated":true}]}}