{"id":9146,"date":"2023-08-29T20:54:36","date_gmt":"2023-08-29T17:54:36","guid":{"rendered":"http:\/\/2022.aa.org.lv\/donation-failed\/"},"modified":"2023-08-31T20:15:56","modified_gmt":"2023-08-31T17:15:56","slug":"donation-failed","status":"publish","type":"page","link":"https:\/\/aa.org.lv\/lv\/donation-failed\/","title":{"rendered":"Ziedojums nav izdevies"},"content":{"rendered":"<div data-elementor-type=\"wp-page\" data-elementor-id=\"9146\" class=\"elementor elementor-9146\" data-elementor-post-type=\"page\">\n\t\t\t\t\t\t<section class=\"elementor-section elementor-top-section elementor-element elementor-element-40d5fa40 elementor-section-height-full elementor-section-boxed elementor-section-height-default elementor-section-items-middle\" data-id=\"40d5fa40\" data-element_type=\"section\">\n\t\t\t\t\t\t<div class=\"elementor-container elementor-column-gap-default\">\n\t\t\t\t\t<div class=\"elementor-column elementor-col-100 elementor-top-column elementor-element elementor-element-3cfc34c6\" data-id=\"3cfc34c6\" data-element_type=\"column\">\n\t\t\t<div class=\"elementor-widget-wrap elementor-element-populated\">\n\t\t\t\t\t\t<div class=\"elementor-element elementor-element-130a257 elementor-widget elementor-widget-text-editor\" data-id=\"130a257\" data-element_type=\"widget\" data-widget_type=\"text-editor.default\">\n\t\t\t\t<div class=\"elementor-widget-container\">\n\t\t\t\t\t\t\t\t\tAtvainojamies, bet j\u016bsu ziedojumu neizdev\u0101s izpild\u012bt.\t\t\t\t\t\t\t\t<\/div>\n\t\t\t\t<\/div>\n\t\t\t\t\t<\/div>\n\t\t<\/div>\n\t\t\t\t\t<\/div>\n\t\t<\/section>\n\t\t\t\t<\/div>","protected":false},"excerpt":{"rendered":"<p>Atvainojamies, bet j\u016bsu ziedojumu neizdev\u0101s izpild\u012bt.<\/p>","protected":false},"author":1,"featured_media":0,"parent":0,"menu_order":0,"comment_status":"closed","ping_status":"closed","template":"","meta":{"footnotes":""},"class_list":["post-9146","page","type-page","status-publish","hentry"],"_links":{"self":[{"href":"https:\/\/aa.org.lv\/lv\/wp-json\/wp\/v2\/pages\/9146","targetHints":{"allow":["GET"]}}],"collection":[{"href":"https:\/\/aa.org.lv\/lv\/wp-json\/wp\/v2\/pages"}],"about":[{"href":"https:\/\/aa.org.lv\/lv\/wp-json\/wp\/v2\/types\/page"}],"author":[{"embeddable":true,"href":"https:\/\/aa.org.lv\/lv\/wp-json\/wp\/v2\/users\/1"}],"replies":[{"embeddable":true,"href":"https:\/\/aa.org.lv\/lv\/wp-json\/wp\/v2\/comments?post=9146"}],"version-history":[{"count":4,"href":"https:\/\/aa.org.lv\/lv\/wp-json\/wp\/v2\/pages\/9146\/revisions"}],"predecessor-version":[{"id":9195,"href":"https:\/\/aa.org.lv\/lv\/wp-json\/wp\/v2\/pages\/9146\/revisions\/9195"}],"wp:attachment":[{"href":"https:\/\/aa.org.lv\/lv\/wp-json\/wp\/v2\/media?parent=9146"}],"curies":[{"name":"wp","href":"https:\/\/api.w.org\/{rel}","templated":true}]}}