{"id":9325,"date":"2023-09-06T18:41:53","date_gmt":"2023-09-06T15:41:53","guid":{"rendered":"http:\/\/2022.aa.org.lv\/?page_id=9325"},"modified":"2023-11-04T11:07:25","modified_gmt":"2023-11-04T09:07:25","slug":"35-2","status":"publish","type":"page","link":"https:\/\/aa.org.lv\/lv\/aa-biedriem\/35-2\/","title":{"rendered":"Latvijas AA 35"},"content":{"rendered":"<div data-elementor-type=\"wp-page\" data-elementor-id=\"9325\" class=\"elementor elementor-9325\" data-elementor-post-type=\"page\">\n\t\t\t\t\t\t<section class=\"elementor-section elementor-top-section elementor-element elementor-element-e4cc2d3 elementor-section-boxed elementor-section-height-default elementor-section-height-default\" data-id=\"e4cc2d3\" data-element_type=\"section\">\n\t\t\t\t\t\t<div class=\"elementor-container elementor-column-gap-default\">\n\t\t\t\t\t<div class=\"elementor-column elementor-col-100 elementor-top-column elementor-element elementor-element-dd7d018\" data-id=\"dd7d018\" data-element_type=\"column\">\n\t\t\t<div class=\"elementor-widget-wrap elementor-element-populated\">\n\t\t\t\t\t\t<section class=\"elementor-section elementor-inner-section elementor-element elementor-element-fdb7b66 elementor-section-boxed elementor-section-height-default elementor-section-height-default\" data-id=\"fdb7b66\" data-element_type=\"section\">\n\t\t\t\t\t\t<div class=\"elementor-container elementor-column-gap-default\">\n\t\t\t\t\t<div class=\"elementor-column elementor-col-50 elementor-inner-column elementor-element elementor-element-81c77d4\" data-id=\"81c77d4\" data-element_type=\"column\">\n\t\t\t<div class=\"elementor-widget-wrap elementor-element-populated\">\n\t\t\t\t\t\t<div class=\"elementor-element elementor-element-d1e06f1 elementor-widget__width-initial elementor-widget elementor-widget-image\" data-id=\"d1e06f1\" data-element_type=\"widget\" data-settings=\"{&quot;motion_fx_motion_fx_mouse&quot;:&quot;yes&quot;,&quot;motion_fx_tilt_effect&quot;:&quot;yes&quot;,&quot;motion_fx_tilt_speed&quot;:{&quot;unit&quot;:&quot;px&quot;,&quot;size&quot;:3.5,&quot;sizes&quot;:[]},&quot;_animation&quot;:&quot;none&quot;,&quot;motion_fx_mouseTrack_effect&quot;:&quot;yes&quot;,&quot;motion_fx_mouseTrack_speed&quot;:{&quot;unit&quot;:&quot;px&quot;,&quot;size&quot;:1,&quot;sizes&quot;:[]}}\" data-widget_type=\"image.default\">\n\t\t\t\t<div class=\"elementor-widget-container\">\n\t\t\t\t\t\t\t\t\t\t\t\t\t\t\t<img decoding=\"async\" src=\"https:\/\/aa.org.lv\/wp-content\/uploads\/elementor\/thumbs\/aa-35-3-qc0qf033j88msmfsv3jb3hsltfe2ur21tec45dsm4g.jpg\" title=\"aa-35-3\" alt=\"aa-35-3\" loading=\"lazy\" \/>\t\t\t\t\t\t\t\t\t\t\t\t\t\t\t<\/div>\n\t\t\t\t<\/div>\n\t\t\t\t\t<\/div>\n\t\t<\/div>\n\t\t\t\t<div class=\"elementor-column elementor-col-50 elementor-inner-column elementor-element elementor-element-85a6844\" data-id=\"85a6844\" data-element_type=\"column\">\n\t\t\t<div class=\"elementor-widget-wrap elementor-element-populated\">\n\t\t\t\t\t\t<div class=\"elementor-element elementor-element-1a97db8 elementor-widget__width-initial elementor-widget elementor-widget-text-editor\" data-id=\"1a97db8\" data-element_type=\"widget\" data-widget_type=\"text-editor.default\">\n\t\t\t\t<div class=\"elementor-widget-container\">\n\t\t\t\t\t\t\t\t\t<p style=\"text-align: center;\"><strong>Latvijas Anon\u012bmo alkoholi\u0137u 35 gadu jubilejas programma<\/strong><\/p><p>Laiks: 2023. gada 11. novembr\u012b<\/p><p>Vieta: Kult\u016bras pils &#8220;Zieme\u013cbl\u0101zma&#8221;, Zieme\u013cbl\u0101zmas iela 36, R\u012bga<\/p><p><strong>No 10.00<\/strong> un visas dienas garum\u0101: re\u0123istr\u0101cija <br \/>11.00-12.00 Sv\u0113tku atkl\u0101\u0161ana pils Lielaj\u0101 z\u0101l\u0113 *<br \/>12.30-13.30 Sv\u0113tku atkl\u0101\u0161anas II da\u013ca *<br \/>13.30-15.00 P\u0101rtraukums pusdien\u0101m <br \/>15.00-16.00 AA biedrs no Apvienot\u0101s Karalistes Tims M. **<br \/>16.30-17.30 AA draugs, A klases pilnvarotais Kaspars Simanovi\u010ds ***<\/p><p>Visu vakaru 18.00\u201322.00 da\u017e\u0101das sapulces, sarunas un diskusijas:<br \/>\u00a0\u00a0Sponsor\u0113\u0161ana <br \/>\u00a0\u00a0Al Anon <br \/>\u00a0\u00a0Nauda, attiec\u012bbas un sekss<br \/>\u00a0\u00a0Sapulces krievu un ang\u013cu valod\u0101<br \/>\u00a0\u00a0Kalpo\u0161ana cietumos, rehabilit\u0101cijas un vesel\u012bbas iest\u0101d\u0113s<br \/>\u00a0\u00a0Literat\u016bras komiteja<br \/>No plkst. 18.30\u201322.00 Lielaj\u0101 Pils z\u0101l\u0113 uz parketa gr\u012bdas \u2013 balle ar dz\u012bvo m\u016bziku.<\/p><p><strong>12. novembr\u012b plkst. 13.00<\/strong> darbn\u012bca par kalpo\u0161anu ar Tima M. piedal\u012b\u0161anos, L\u0101\u010dpl\u0113\u0161a iel\u0101 37, R\u012bg\u0101.<\/p><p>* Tiks tulkots angliski<br \/>\u00a0** Tiks tulkots latviski <br \/>*** Tiks tulkots angliski un krieviski<br \/><strong>Tulkojums b\u016bs dzirdams personiskaj\u0101s austi\u0146\u0101s (j\u0101pa\u0146em l\u012bdzi)<\/strong> no tavas viedier\u012bces ar interneta piesl\u0113gumu.<\/p><p><strong>TULKOJUMS<\/strong> latvie\u0161u valod\u0101\u00a0 35 gadu jubilejas pas\u0101kum\u0101<br \/><a href=\"http:\/\/meet.google.com\/wvy-fkxd-jrw\">meet.google.com\/wvy-fkxd-jrw<\/a><br \/>Tulkojumu var klaus\u012bties ar\u012b piezvanot uz t\u0101lru\u0146a numuru:<br \/>+371 65 093 187 <br \/>Un ievadot \u0161\u0101du PIN: <br \/>941 258 841#<\/p><p style=\"text-align: center;\"><strong>RE\u0122ISTR\u0100CIJA<\/strong><\/p><p>IEPRIEK\u0160\u0112JO RE\u0122ISTR\u0100CIJU VAR VEIKT, P\u0100RSKAITOT 20 EURO UZ SADRAUDZ\u012aBAS KONTU, AR NOR\u0100DI:<br \/>AA 35<\/p><p>Konta Nr. LV97HABA0551000281899<br \/>Banka: Swedbank<br \/>Latvijas Anon\u012bmo alkoholi\u0137u sadraudz\u012bbas pilnvaroto padome<br \/>Re\u0123.Nr. 40008004960<\/p><p style=\"text-align: center;\"><strong>Latvijas AA \u0161ogad 11.novembr\u012b svin\u0113s savu 35. dzim\u0161anas dienu.<\/strong><br \/>Dzelzs priek\u0161kars v\u0113l gatavoj\u0101s krist, kad zi\u0146a par AA sasniedza mazo zieme\u013cvalsti pie Baltijas j\u016bras caur vienk\u0101r\u0161o sazi\u0146as veidu \u2013 radio.<br \/>Raidstacij\u0101 \u201cAmerikas balss no Va\u0161ingtonas\u201d run\u0101ja M\u0101ris \u0136irsons \u2013 AA draugs. Latvij\u0101, izbraucis j\u016bras krast\u0101, to klaus\u012bj\u0101s AA interesents narkologs J\u0101nis Strazdi\u0146\u0161. <br \/>Pirmaj\u0101 AA sapulc\u0113 piedal\u012bj\u0101s 2 biedri un t\u0101 notika alkoholisma rehabilit\u0101cijas telp\u0101s. Tagad mums ir vair\u0101k nek\u0101 50 AA grupas un m\u0113s piedal\u0101mies ar\u012b pasaules kalpo\u0161an\u0101 Jork\u0101<br \/>un \u0145ujork\u0101. M\u016bsu svin\u012bbas notiks R\u012bg\u0101 kult\u016bras pil\u012b \u201cZieme\u013cbl\u0101zma\u201d savies\u012bg\u0101 atmosf\u0113r\u0101. Laipni gaid\u0101m ciemos!<\/p><p style=\"text-align: center;\">Latvijas AA Pilnvaroto padome.<\/p><p style=\"text-align: center;\">\u00a0<\/p>\t\t\t\t\t\t\t\t<\/div>\n\t\t\t\t<\/div>\n\t\t\t\t\t<\/div>\n\t\t<\/div>\n\t\t\t\t\t<\/div>\n\t\t<\/section>\n\t\t\t\t\t<\/div>\n\t\t<\/div>\n\t\t\t\t\t<\/div>\n\t\t<\/section>\n\t\t\t\t<\/div>","protected":false},"excerpt":{"rendered":"<p>Latvijas Anon\u012bmo alkoholi\u0137u 35 gadu jubilejas programma Laiks: 2023. gada 11. novembr\u012b Vieta: Kult\u016bras pils &#8220;Zieme\u013cbl\u0101zma&#8221;, Zieme\u013cbl\u0101zmas iela 36, R\u012bga No 10.00 un visas dienas garum\u0101: re\u0123istr\u0101cija 11.00-12.00 Sv\u0113tku atkl\u0101\u0161ana pils Lielaj\u0101 z\u0101l\u0113 *12.30-13.30 Sv\u0113tku atkl\u0101\u0161anas II da\u013ca *13.30-15.00 P\u0101rtraukums pusdien\u0101m 15.00-16.00 AA biedrs no Apvienot\u0101s Karalistes Tims M. **16.30-17.30 AA draugs, A klases pilnvarotais [&hellip;]<\/p>","protected":false},"author":2,"featured_media":0,"parent":58,"menu_order":0,"comment_status":"closed","ping_status":"closed","template":"","meta":{"footnotes":""},"class_list":["post-9325","page","type-page","status-publish","hentry"],"_links":{"self":[{"href":"https:\/\/aa.org.lv\/lv\/wp-json\/wp\/v2\/pages\/9325","targetHints":{"allow":["GET"]}}],"collection":[{"href":"https:\/\/aa.org.lv\/lv\/wp-json\/wp\/v2\/pages"}],"about":[{"href":"https:\/\/aa.org.lv\/lv\/wp-json\/wp\/v2\/types\/page"}],"author":[{"embeddable":true,"href":"https:\/\/aa.org.lv\/lv\/wp-json\/wp\/v2\/users\/2"}],"replies":[{"embeddable":true,"href":"https:\/\/aa.org.lv\/lv\/wp-json\/wp\/v2\/comments?post=9325"}],"version-history":[{"count":47,"href":"https:\/\/aa.org.lv\/lv\/wp-json\/wp\/v2\/pages\/9325\/revisions"}],"predecessor-version":[{"id":10069,"href":"https:\/\/aa.org.lv\/lv\/wp-json\/wp\/v2\/pages\/9325\/revisions\/10069"}],"up":[{"embeddable":true,"href":"https:\/\/aa.org.lv\/lv\/wp-json\/wp\/v2\/pages\/58"}],"wp:attachment":[{"href":"https:\/\/aa.org.lv\/lv\/wp-json\/wp\/v2\/media?parent=9325"}],"curies":[{"name":"wp","href":"https:\/\/api.w.org\/{rel}","templated":true}]}}