{"id":9403,"date":"2023-09-08T21:17:09","date_gmt":"2023-09-08T18:17:09","guid":{"rendered":"https:\/\/2022.aa.org.lv\/?page_id=9403"},"modified":"2023-11-03T20:12:00","modified_gmt":"2023-11-03T18:12:00","slug":"35-eng","status":"publish","type":"page","link":"https:\/\/aa.org.lv\/lv\/35-eng\/","title":{"rendered":"35 eng"},"content":{"rendered":"<div data-elementor-type=\"wp-page\" data-elementor-id=\"9403\" class=\"elementor elementor-9403\" data-elementor-post-type=\"page\">\n\t\t\t\t\t\t<section class=\"elementor-section elementor-top-section elementor-element elementor-element-ffc4fcf elementor-section-boxed elementor-section-height-default elementor-section-height-default\" data-id=\"ffc4fcf\" data-element_type=\"section\">\n\t\t\t\t\t\t<div class=\"elementor-container elementor-column-gap-default\">\n\t\t\t\t\t<div class=\"elementor-column elementor-col-100 elementor-top-column elementor-element elementor-element-5aa3f8f\" data-id=\"5aa3f8f\" data-element_type=\"column\">\n\t\t\t<div class=\"elementor-widget-wrap elementor-element-populated\">\n\t\t\t\t\t\t\t<\/div>\n\t\t<\/div>\n\t\t\t\t\t<\/div>\n\t\t<\/section>\n\t\t\t\t<section class=\"elementor-section elementor-top-section elementor-element elementor-element-2c3cf78 elementor-section-boxed elementor-section-height-default elementor-section-height-default\" data-id=\"2c3cf78\" data-element_type=\"section\">\n\t\t\t\t\t\t<div class=\"elementor-container elementor-column-gap-default\">\n\t\t\t\t\t<div class=\"elementor-column elementor-col-50 elementor-top-column elementor-element elementor-element-766c28d\" data-id=\"766c28d\" data-element_type=\"column\">\n\t\t\t<div class=\"elementor-widget-wrap elementor-element-populated\">\n\t\t\t\t\t\t<div class=\"elementor-element elementor-element-917162e elementor-widget__width-initial elementor-widget elementor-widget-image\" data-id=\"917162e\" data-element_type=\"widget\" data-settings=\"{&quot;motion_fx_motion_fx_mouse&quot;:&quot;yes&quot;,&quot;motion_fx_mouseTrack_effect&quot;:&quot;yes&quot;,&quot;motion_fx_tilt_effect&quot;:&quot;yes&quot;,&quot;motion_fx_tilt_speed&quot;:{&quot;unit&quot;:&quot;px&quot;,&quot;size&quot;:3.5,&quot;sizes&quot;:[]},&quot;_animation&quot;:&quot;none&quot;,&quot;motion_fx_mouseTrack_speed&quot;:{&quot;unit&quot;:&quot;px&quot;,&quot;size&quot;:1,&quot;sizes&quot;:[]}}\" data-widget_type=\"image.default\">\n\t\t\t\t<div class=\"elementor-widget-container\">\n\t\t\t\t\t\t\t\t\t\t\t\t\t\t\t<img decoding=\"async\" src=\"https:\/\/aa.org.lv\/wp-content\/uploads\/2023\/09\/Eng.jpg\" title=\"Eng\" alt=\"Eng\" loading=\"lazy\" \/>\t\t\t\t\t\t\t\t\t\t\t\t\t\t\t<\/div>\n\t\t\t\t<\/div>\n\t\t\t\t\t<\/div>\n\t\t<\/div>\n\t\t\t\t<div class=\"elementor-column elementor-col-50 elementor-top-column elementor-element elementor-element-a2b32ee\" data-id=\"a2b32ee\" data-element_type=\"column\">\n\t\t\t<div class=\"elementor-widget-wrap elementor-element-populated\">\n\t\t\t\t\t\t<div class=\"elementor-element elementor-element-dd478e3 elementor-widget__width-initial elementor-widget elementor-widget-text-editor\" data-id=\"dd478e3\" data-element_type=\"widget\" data-widget_type=\"text-editor.default\">\n\t\t\t\t<div class=\"elementor-widget-container\">\n\t\t\t\t\t\t\t\t\t<p style=\"text-align: center;\"><strong>Alcoholics Anonymous in Latvia 35th Anniversary Convention\u00a0 Programme<\/strong><\/p><p>Time: November 11, 2023<br \/>Place: \u2018Zieme\u013cbl\u0101zma\u2019 Culture Palace<br \/>Address: 36 Zieme\u013cbl\u0101zmas iela, Riga<\/p><p><strong>From 10.00 am<\/strong> and throughtout the day: registration <br \/>11.00-12.00 Opening Meeting (Main Hall)*<br \/>12.30-13.30 Opening Meeting continues (Main Hall)*<br \/>13.30-15.00 Lunch Break <br \/>15.00-16.00 AA Guest Speaker Tim M. from Great Britain **<br \/>16.30-17.30 Class A Trustee Kaspars Simanovi\u010ds ***<\/p><p>All evening 18.00\u201322.00: meetings, talks and discussions on various topics:<br \/>\u00a0\u00a0Sponsorship <br \/>\u00a0\u00a0Al-Anon <br \/>\u00a0\u00a0Money, Relationships, and Sex<br \/>\u00a0\u00a0Meetings in Russian and English<br \/>\u00a0\u00a0Doing Service in Corrections, Prisons, and Treatment Facilities<br \/>\u00a0\u00a0AA Literature<\/p><p>18.30\u201322.00 Live Music in the Main Hall<\/p><p><strong>November 12, 13.00<\/strong>: Service Workshop with Tim M. Topic: \u2018Group Service Within and Without\u2019<\/p><p>Address: 37 L\u0101\u010dpl\u0113\u0161a iela, Riga.<\/p><p>* English interpretation<br \/>\u00a0** Latvian interpretation <br \/>*** English and Russian interpretation<\/p><p>Note: The interpretation will be available via Google Meet online link using your personal smartphones and earphones.<\/p><p><strong>INTERPRETATION<\/strong> in english of Latvia&#8217;s 35th Anniversary Convention<br \/><a href=\"http:\/\/meet.google.com\/uer-qase-ect\">meet.google.com\/uer-qase-ect<\/a><br \/>You can also listen by calling the phone number: <br \/>+371 65 093 136 <br \/>And then entering the following PIN: 180 722 135#<\/p><p>Programme subject to change<\/p><p style=\"text-align: center;\"><strong>DEAR FRIENDS!<\/strong><br \/><strong>PRE-REGISTRATION FOR THE LATVIAN AA 35TH ANNIVERSARY EVENT IS NOW OPEN!<\/strong><\/p><p style=\"text-align: left;\">PRE-REGISTRATION CAN BE MADE BY TRANSFERRING 20 EURO TO THE COMMONWEALTH ACCOUNT\u00a0 WITH THE FOLLOWING REFERENCE: <br \/>AA 35<\/p><p style=\"text-align: left;\">Account No LV97HABA0551000281899<br \/>Bank.<br \/>Board of Trustees of the Latvian Fellowship of Alcoholics Anonymous<br \/>Reg.No 40008004960<\/p><p style=\"text-align: center;\"><strong>This year marks the 35th anniversary of AA Latvia!<\/strong><\/p><p style=\"text-align: center;\">On 8 November 1988, two people attended the first AA meeting, which was held in a drug rehabilitation facility. We now have more than 50 AA groups.<\/p><p style=\"text-align: center;\">On 11 November 2023, a celebration with the slogan \u201cThere is a solution!\u201d will take place in Latvia\u2019s capital, Riga, at the culture palace \u201cZieme\u013cbl\u0101zma\u201d. We are delighted to welcome you!<\/p><p style=\"text-align: center;\">The event programme will be available later.<\/p><p style=\"text-align: center;\">If you have any questions, please contact us on +371 22017831 (Ilze \u2013 LV, ENG, RUS)<\/p><p style=\"text-align: center;\">AA Latvia Board of Trustees<\/p><p style=\"text-align: center;\">\u00a0<\/p>\t\t\t\t\t\t\t\t<\/div>\n\t\t\t\t<\/div>\n\t\t\t\t\t<\/div>\n\t\t<\/div>\n\t\t\t\t\t<\/div>\n\t\t<\/section>\n\t\t\t\t<\/div>","protected":false},"excerpt":{"rendered":"<p>Alcoholics Anonymous in Latvia 35th Anniversary Convention\u00a0 Programme Time: November 11, 2023Place: \u2018Zieme\u013cbl\u0101zma\u2019 Culture PalaceAddress: 36 Zieme\u013cbl\u0101zmas iela, Riga From 10.00 am and throughtout the day: registration 11.00-12.00 Opening Meeting (Main Hall)*12.30-13.30 Opening Meeting continues (Main Hall)*13.30-15.00 Lunch Break 15.00-16.00 AA Guest Speaker Tim M. from Great Britain **16.30-17.30 Class A Trustee Kaspars Simanovi\u010ds *** [&hellip;]<\/p>","protected":false},"author":2,"featured_media":0,"parent":0,"menu_order":0,"comment_status":"closed","ping_status":"closed","template":"","meta":{"footnotes":""},"class_list":["post-9403","page","type-page","status-publish","hentry"],"_links":{"self":[{"href":"https:\/\/aa.org.lv\/lv\/wp-json\/wp\/v2\/pages\/9403","targetHints":{"allow":["GET"]}}],"collection":[{"href":"https:\/\/aa.org.lv\/lv\/wp-json\/wp\/v2\/pages"}],"about":[{"href":"https:\/\/aa.org.lv\/lv\/wp-json\/wp\/v2\/types\/page"}],"author":[{"embeddable":true,"href":"https:\/\/aa.org.lv\/lv\/wp-json\/wp\/v2\/users\/2"}],"replies":[{"embeddable":true,"href":"https:\/\/aa.org.lv\/lv\/wp-json\/wp\/v2\/comments?post=9403"}],"version-history":[{"count":31,"href":"https:\/\/aa.org.lv\/lv\/wp-json\/wp\/v2\/pages\/9403\/revisions"}],"predecessor-version":[{"id":10056,"href":"https:\/\/aa.org.lv\/lv\/wp-json\/wp\/v2\/pages\/9403\/revisions\/10056"}],"wp:attachment":[{"href":"https:\/\/aa.org.lv\/lv\/wp-json\/wp\/v2\/media?parent=9403"}],"curies":[{"name":"wp","href":"https:\/\/api.w.org\/{rel}","templated":true}]}}