{"id":9667,"date":"2023-09-15T19:04:21","date_gmt":"2023-09-15T16:04:21","guid":{"rendered":"https:\/\/2022.aa.org.lv\/?page_id=9667"},"modified":"2023-09-15T19:08:21","modified_gmt":"2023-09-15T16:08:21","slug":"jautajumi-par-registru","status":"publish","type":"page","link":"https:\/\/aa.org.lv\/lv\/jautajumi-par-registru\/","title":{"rendered":"Jaut\u0101jumi par re\u0123istru"},"content":{"rendered":"<div data-elementor-type=\"wp-page\" data-elementor-id=\"9667\" class=\"elementor elementor-9667\" data-elementor-post-type=\"page\">\n\t\t\t\t\t\t<section class=\"elementor-section elementor-top-section elementor-element elementor-element-cf171de elementor-section-boxed elementor-section-height-default elementor-section-height-default\" data-id=\"cf171de\" data-element_type=\"section\">\n\t\t\t\t\t\t<div class=\"elementor-container elementor-column-gap-default\">\n\t\t\t\t\t<div class=\"elementor-column elementor-col-100 elementor-top-column elementor-element elementor-element-bf9c422\" data-id=\"bf9c422\" data-element_type=\"column\">\n\t\t\t<div class=\"elementor-widget-wrap elementor-element-populated\">\n\t\t\t\t\t\t<div class=\"elementor-element elementor-element-5777d76 elementor-widget elementor-widget-heading\" data-id=\"5777d76\" data-element_type=\"widget\" data-widget_type=\"heading.default\">\n\t\t\t\t<div class=\"elementor-widget-container\">\n\t\t\t\t\t<h2 class=\"elementor-heading-title elementor-size-default\">Jaut\u0101jumi par re\u0123istru<\/h2>\t\t\t\t<\/div>\n\t\t\t\t<\/div>\n\t\t\t\t<div class=\"elementor-element elementor-element-d462cca elementor-widget elementor-widget-text-editor\" data-id=\"d462cca\" data-element_type=\"widget\" data-widget_type=\"text-editor.default\">\n\t\t\t\t<div class=\"elementor-widget-container\">\n\t\t\t\t\t\t\t\t\t<p><b>Neskaidr\u012bbu gad\u012bjum\u0101, l\u016bdzu, sazinieties ar AA biroju.<\/b><\/p><p><b>Kas ir grupu re\u0123istrs?<\/b><\/p><p>Grupu re\u0123istrs ir sadraudz\u012bbas iek\u0161\u0113ja datub\u0101ze, kas satur inform\u0101ciju tostarp par grupas sapul\u010du norises vietu, laiku un kontaktperson\u0101m, ar kur\u0101m var sazin\u0101ties, lai uzzin\u0101tu par aktu\u0101l\u0101ko grupas darb\u012bb\u0101.<\/p><p><b>K\u0101p\u0113c vajadz\u012bgs grupu re\u0123istrs?<\/b><\/p><p>Grupu re\u0123istrs ir viens no kalpo\u0161anas instrumentiem. Tas tie\u0161\u0101 veid\u0101 veicina v\u0113sts ne\u0161anu. Uzturot p\u0113c iesp\u0113jas aktu\u0101l\u0101ku inform\u0101ciju par AA grup\u0101m, ir iesp\u0113jama efekt\u012bv\u0101ka saikne starp pa\u0161\u0101m grup\u0101m un jaunatn\u0101c\u0113jiem.<\/p><p><b>Ar ko at\u0161\u0137iras grupu re\u0123istrs no sapul\u010du saraksta, kas atrodams m\u0101jaslap\u0101?<\/b><\/p><p>Grupu re\u0123istra inform\u0101cija iedal\u0101ma div\u0101s da\u013c\u0101s \u2013 publiskaj\u0101 un konfidenci\u0101laj\u0101. Publisk\u0101 da\u013ca ir sapul\u010du saraksts, kas pieejams AA m\u0101jaslap\u0101. Tas satur inform\u0101ciju par grupas sapul\u010du norises vietu, laiku vai form\u0101tu. Grupu re\u0123istra konfidenci\u0101l\u0101 da\u013ca satur inform\u0101ciju par grupu, kas nav publiski pieejama, piem\u0113ram, grupu p\u0101rst\u0101vju v\u0101rdus, uzv\u0101rdus un citu kontaktinform\u0101ciju.<\/p><p><b>Vai kontaktinform\u0101cijas snieg\u0161ana nav anonimit\u0101tes p\u0101rk\u0101pums?<\/b><\/p><p>N\u0113, grupu re\u0123istrs ir sadraudz\u012bbas iek\u0161\u0113ja datub\u0101ze, kuras konfidenci\u0101lais saturs netiek publiskots.<br \/>T\u0101p\u0113c ir svar\u012bgi r\u016bp\u012bgi izv\u0113l\u0113ties grupu p\u0101rst\u0101vjus, kuri kalpos par kontaktperson\u0101m \u2013 vai \u0161ie cilv\u0113ki ir gatavi sniegt AA birojam kontaktinform\u0101ciju (v\u0101rdu, uzv\u0101rdu, t\u0101lr. numuru, epastu). Ja k\u0101ds nej\u016btas \u0113rti sniegt \u0161\u0101du inform\u0101ciju, lab\u0101k pilnvarot grupas biedrus, kuriem \u0161\u0101das inform\u0101cijas atkl\u0101\u0161anas nerad\u012btu personiskas sekas.<\/p><p><b>Vai manu konfidenci\u0101lo inform\u0101ciju neizmantos citiem m\u0113r\u0137iem?<\/b><\/p><p>N\u0113, sniegt\u0101 inform\u0101cija b\u016bs pieejama tikai AA birojam un AA informat\u012bv\u0101 t\u0101lru\u0146a kalpot\u0101jiem. T\u0101d\u0113j\u0101di tie, kas atbild uz kop\u0113jo AA numuru, var\u0113s sazin\u0101ties ar grupu, lai nos\u016bt\u012btu k\u0101du jaunpien\u0101c\u0113ju no viet\u0113j\u0101 apvidus.<\/p><p><b>Cik bie\u017ei j\u0101atjaunina inform\u0101cija grupu re\u0123istr\u0101?<\/b><\/p><p>Birojs aicin\u0101s grupas atjaunin\u0101t inform\u0101ciju vismaz divas reizes gad\u0101. AA birojs iepriek\u0161 pazi\u0146os, kad tuvosies atjaunin\u0101\u0161anas termi\u0146\u0161, lai grupa var laic\u012bgi sniegt visu inform\u0101ciju. Ja grupa par sevi neinform\u0113s vai neb\u016bs sasniedzama vienu m\u0113nesi p\u0113c atjaunin\u0101\u0161anas termi\u0146a beig\u0101m, t\u0101 tiks uzskat\u012bta par neakt\u012bvu un grupas inform\u0101cija tiks iz\u0146emta no re\u0123istra, tai skait\u0101 sapul\u010du saraksta. Tas ir \u013coti svar\u012bgi, lai jaunatn\u0101c\u0113ji netiktu s\u016bt\u012bti uz grup\u0101m, kas faktiski vairs nepast\u0101v.<\/p><p><b>Vai j\u0101re\u0123istr\u0113jas vis\u0101m grup\u0101m?<\/b><\/p><p>N\u0113, re\u0123istr\u0101cija ir br\u012bvpr\u0101t\u012bga. T\u0101 nepiecie\u0161ama, ja grupa v\u0113las iesaist\u012bties sadraudz\u012bbas kalpo\u0161anas strukt\u016br\u0101.<\/p><p><b>Ja grupa nere\u0123istr\u0113jas, vai tas noz\u012bm\u0113s, ka t\u0101 vairs nedr\u012bkst\u0113s sevi saukt par AA grupu?<\/b><\/p><p>N\u0113. AA trad\u012bcijas skaidri run\u0101 par grupas neatkar\u012bbu. Tre\u0161\u0101 trad\u012bcija: <i>Jebkuri divi vai tr\u012bs alkoholi\u0137i, kuri ir san\u0101ku\u0161i kop\u0101, lai uztur\u0113tu skaidr\u012bbu, var sevi saukt par AA grupu, ja vien vi\u0146i k\u0101 grupa nav saist\u012bti ar k\u0101du citu organiz\u0101ciju<\/i>. Ceturt\u0101 trad\u012bcija: <i>Par savu darb\u012bbu AA grupa nav atbild\u012bga nevienai citai autorit\u0101tei, vien\u012bgi savai sirdsapzi\u0146ai. Ta\u010du, kad t\u0101s pl\u0101ni skar citu grupu labkl\u0101j\u012bbu, tad grup\u0101m vajadz\u0113tu savstarp\u0113ji apspriesties<\/i>.<\/p><p><b>K\u0101 grupai izv\u0113l\u0113ties p\u0101rst\u0101vjus?<\/b><\/p><p>Lai re\u0123istr\u0113tos, grupai j\u0101pilnvaro vismaz <b>divi <\/b>p\u0101rst\u0101vji, kuru inform\u0101cija non\u0101ks grupu re\u0123istr\u0101. M\u0113s aicin\u0101m pilnvarot divus p\u0101rst\u0101vju, lai mazin\u0101tu risku, ka grupa p\u0101rst\u0101j regul\u0101ri atjaunin\u0101t inform\u0101ciju par sevi, ja k\u0101ds no p\u0101rst\u0101vjiem k\u013c\u016bst nesasniedzams. <br \/>T\u0101pat m\u0113s aicin\u0101m grupas r\u016bp\u012bgi apsv\u0113rt l\u0113mumu re\u0123istr\u0113ties, ja grupa nav nostabiliz\u0113jusies un taj\u0101 v\u0113l nav vismaz divu vai tr\u012bs pieredz\u0113ju\u0161u biedru, kas pilnv\u0113rt\u012bgi iesaist\u012bju\u0161ies grupas kalpo\u0161an\u0101 un uzskata \u0161o grupu par savu m\u0101jas grupu.<br \/>M\u0113s aicin\u0101m jaundibin\u0101tas grupas dot sev laiku, pirms re\u0123istr\u0113ties, lai p\u0101rliecin\u0101tos, ka jaun\u0101 grupa ir stabila un taj\u0101 jau par\u0101d\u012bjusies grupas sirdsapzi\u0146a.<br \/>Par grupas p\u0101rst\u0101vjiem var k\u013c\u016bt grupas VKP (visp\u0101r\u0113j\u0101s kalpo\u0161anas p\u0101rst\u0101vis), VKP vietnieks, grupas sekret\u0101rs vai k\u0101ds cits uzticams grupas kalpot\u0101js.<\/p><p><b>K\u0101ds ir grupu p\u0101rst\u0101vju kalpo\u0161anas termi\u0146\u0161?<\/b><\/p><p>To nosaka pati grupa. Ta\u010du m\u0113s iesak\u0101m izv\u0113l\u0113ties cilv\u0113kus, kuri b\u016btu gatavi \u0161aj\u0101 poz\u012bcij\u0101 kalpot ne maz\u0101k par vienu gadu.<\/p>\t\t\t\t\t\t\t\t<\/div>\n\t\t\t\t<\/div>\n\t\t\t\t\t<\/div>\n\t\t<\/div>\n\t\t\t\t\t<\/div>\n\t\t<\/section>\n\t\t\t\t<\/div>","protected":false},"excerpt":{"rendered":"<p>Jaut\u0101jumi par re\u0123istru Neskaidr\u012bbu gad\u012bjum\u0101, l\u016bdzu, sazinieties ar AA biroju. Kas ir grupu re\u0123istrs? Grupu re\u0123istrs ir sadraudz\u012bbas iek\u0161\u0113ja datub\u0101ze, kas satur inform\u0101ciju tostarp par grupas sapul\u010du norises vietu, laiku un kontaktperson\u0101m, ar kur\u0101m var sazin\u0101ties, lai uzzin\u0101tu par aktu\u0101l\u0101ko grupas darb\u012bb\u0101. K\u0101p\u0113c vajadz\u012bgs grupu re\u0123istrs? Grupu re\u0123istrs ir viens no kalpo\u0161anas instrumentiem. Tas tie\u0161\u0101 [&hellip;]<\/p>","protected":false},"author":2,"featured_media":0,"parent":0,"menu_order":0,"comment_status":"closed","ping_status":"closed","template":"","meta":{"footnotes":""},"class_list":["post-9667","page","type-page","status-publish","hentry"],"_links":{"self":[{"href":"https:\/\/aa.org.lv\/lv\/wp-json\/wp\/v2\/pages\/9667","targetHints":{"allow":["GET"]}}],"collection":[{"href":"https:\/\/aa.org.lv\/lv\/wp-json\/wp\/v2\/pages"}],"about":[{"href":"https:\/\/aa.org.lv\/lv\/wp-json\/wp\/v2\/types\/page"}],"author":[{"embeddable":true,"href":"https:\/\/aa.org.lv\/lv\/wp-json\/wp\/v2\/users\/2"}],"replies":[{"embeddable":true,"href":"https:\/\/aa.org.lv\/lv\/wp-json\/wp\/v2\/comments?post=9667"}],"version-history":[{"count":4,"href":"https:\/\/aa.org.lv\/lv\/wp-json\/wp\/v2\/pages\/9667\/revisions"}],"predecessor-version":[{"id":9671,"href":"https:\/\/aa.org.lv\/lv\/wp-json\/wp\/v2\/pages\/9667\/revisions\/9671"}],"wp:attachment":[{"href":"https:\/\/aa.org.lv\/lv\/wp-json\/wp\/v2\/media?parent=9667"}],"curies":[{"name":"wp","href":"https:\/\/api.w.org\/{rel}","templated":true}]}}