{"id":9673,"date":"2023-09-15T19:27:44","date_gmt":"2023-09-15T16:27:44","guid":{"rendered":"https:\/\/2022.aa.org.lv\/?page_id=9673"},"modified":"2024-01-09T19:53:00","modified_gmt":"2024-01-09T17:53:00","slug":"registret-atjauninat-informaciju","status":"publish","type":"page","link":"https:\/\/aa.org.lv\/lv\/registret-atjauninat-informaciju\/","title":{"rendered":"Re\u0123istr\u0113t \/ atjaunin\u0101t inform\u0101ciju"},"content":{"rendered":"<div data-elementor-type=\"wp-page\" data-elementor-id=\"9673\" class=\"elementor elementor-9673\" data-elementor-post-type=\"page\">\n\t\t\t\t\t\t<section class=\"elementor-section elementor-top-section elementor-element elementor-element-06cfe76 elementor-section-boxed elementor-section-height-default elementor-section-height-default\" data-id=\"06cfe76\" data-element_type=\"section\">\n\t\t\t\t\t\t<div class=\"elementor-container elementor-column-gap-default\">\n\t\t\t\t\t<div class=\"elementor-column elementor-col-100 elementor-top-column elementor-element elementor-element-92b882d\" data-id=\"92b882d\" data-element_type=\"column\">\n\t\t\t<div class=\"elementor-widget-wrap elementor-element-populated\">\n\t\t\t\t\t\t<div class=\"elementor-element elementor-element-b2c9985 elementor-widget elementor-widget-heading\" data-id=\"b2c9985\" data-element_type=\"widget\" data-widget_type=\"heading.default\">\n\t\t\t\t<div class=\"elementor-widget-container\">\n\t\t\t\t\t<h2 class=\"elementor-heading-title elementor-size-default\">Re\u0123istr\u0113t \/ atjaunin\u0101t inform\u0101ciju<\/h2>\t\t\t\t<\/div>\n\t\t\t\t<\/div>\n\t\t\t\t<div class=\"elementor-element elementor-element-6494ba1 elementor-widget elementor-widget-text-editor\" data-id=\"6494ba1\" data-element_type=\"widget\" data-widget_type=\"text-editor.default\">\n\t\t\t\t<div class=\"elementor-widget-container\">\n\t\t\t\t\t\t\t\t\t<p>Pirms re\u0123istr\u0101cijas l\u016bdzam iepaz\u012bties ar <a href=\"https:\/\/aa.org.lv\/lv\/jautajumi-par-registru\/\">jaut\u0101jumiem par grupu re\u0123istru.\u00a0<\/a><\/p><p>Lai re\u0123istr\u0113tu jaunu grupu vai atjaunotu kontaktinform\u0101ciju, l\u016bgums aizpild\u012bt re\u0123istr\u0101cijas veidlapu, neskaidr\u012bbu gad\u012bjum\u0101 sazin\u0101ties ar biroju &#8211; t\u0101lr.<strong>27092786<\/strong><\/p>\t\t\t\t\t\t\t\t<\/div>\n\t\t\t\t<\/div>\n\t\t\t\t<div class=\"elementor-element elementor-element-470b6a2 elementor-widget__width-initial elementor-view-default elementor-widget elementor-widget-icon\" data-id=\"470b6a2\" data-element_type=\"widget\" data-settings=\"{&quot;_animation&quot;:&quot;none&quot;}\" data-widget_type=\"icon.default\">\n\t\t\t\t<div class=\"elementor-widget-container\">\n\t\t\t\t\t\t\t<div class=\"elementor-icon-wrapper\">\n\t\t\t<a class=\"elementor-icon elementor-animation-wobble-horizontal\" href=\"https:\/\/aa.org.lv\/wp-content\/uploads\/2024\/01\/AA-grupu-registracijas-veidlapa-instrukcija_final.docx\">\n\t\t\t<i aria-hidden=\"true\" class=\"far fa-file-word\"><\/i>\t\t\t<\/a>\n\t\t<\/div>\n\t\t\t\t\t\t<\/div>\n\t\t\t\t<\/div>\n\t\t\t\t<div class=\"elementor-element elementor-element-7f863e2 elementor-widget__width-initial elementor-widget elementor-widget-text-editor\" data-id=\"7f863e2\" data-element_type=\"widget\" data-widget_type=\"text-editor.default\">\n\t\t\t\t<div class=\"elementor-widget-container\">\n\t\t\t\t\t\t\t\t\t<p><a href=\"https:\/\/aa.org.lv\/wp-content\/uploads\/2024\/01\/AA-grupu-registracijas-veidlapa-instrukcija_final.docx\" target=\"_blank\" rel=\"noopener\">AA grupu registracijas veidlapa, instrukcija<\/a><\/p><p>\u00a0<\/p>\t\t\t\t\t\t\t\t<\/div>\n\t\t\t\t<\/div>\n\t\t\t\t\t<\/div>\n\t\t<\/div>\n\t\t\t\t\t<\/div>\n\t\t<\/section>\n\t\t\t\t<\/div>","protected":false},"excerpt":{"rendered":"<p>Re\u0123istr\u0113t \/ atjaunin\u0101t inform\u0101ciju Pirms re\u0123istr\u0101cijas l\u016bdzam iepaz\u012bties ar jaut\u0101jumiem par grupu re\u0123istru.\u00a0 Lai re\u0123istr\u0113tu jaunu grupu vai atjaunotu kontaktinform\u0101ciju, l\u016bgums aizpild\u012bt re\u0123istr\u0101cijas veidlapu, neskaidr\u012bbu gad\u012bjum\u0101 sazin\u0101ties ar biroju &#8211; t\u0101lr.27092786 AA grupu registracijas veidlapa, instrukcija \u00a0<\/p>","protected":false},"author":2,"featured_media":0,"parent":0,"menu_order":0,"comment_status":"closed","ping_status":"closed","template":"","meta":{"footnotes":""},"class_list":["post-9673","page","type-page","status-publish","hentry"],"_links":{"self":[{"href":"https:\/\/aa.org.lv\/lv\/wp-json\/wp\/v2\/pages\/9673","targetHints":{"allow":["GET"]}}],"collection":[{"href":"https:\/\/aa.org.lv\/lv\/wp-json\/wp\/v2\/pages"}],"about":[{"href":"https:\/\/aa.org.lv\/lv\/wp-json\/wp\/v2\/types\/page"}],"author":[{"embeddable":true,"href":"https:\/\/aa.org.lv\/lv\/wp-json\/wp\/v2\/users\/2"}],"replies":[{"embeddable":true,"href":"https:\/\/aa.org.lv\/lv\/wp-json\/wp\/v2\/comments?post=9673"}],"version-history":[{"count":25,"href":"https:\/\/aa.org.lv\/lv\/wp-json\/wp\/v2\/pages\/9673\/revisions"}],"predecessor-version":[{"id":10249,"href":"https:\/\/aa.org.lv\/lv\/wp-json\/wp\/v2\/pages\/9673\/revisions\/10249"}],"wp:attachment":[{"href":"https:\/\/aa.org.lv\/lv\/wp-json\/wp\/v2\/media?parent=9673"}],"curies":[{"name":"wp","href":"https:\/\/api.w.org\/{rel}","templated":true}]}}