{"id":10746,"date":"2024-06-09T10:24:32","date_gmt":"2024-06-09T07:24:32","guid":{"rendered":"https:\/\/aa.org.lv\/?post_type=product&#038;p=10746"},"modified":"2025-01-03T22:14:46","modified_gmt":"2025-01-03T20:14:46","slug":"10746","status":"publish","type":"product","link":"https:\/\/aa.org.lv\/lv\/products\/10746\/","title":{"rendered":"Inform\u0101cija par Anon\u012bmajiem alkoholi\u0137iem"},"content":{"rendered":"<p>Pamatinform\u0101cija par to, kas ir AA, ko dara un ko nedara un k\u0101ds ir AA pamatm\u0113r\u0137is.<\/p>","protected":false},"excerpt":{"rendered":"<p>Pamatinform\u0101cija par to, kas ir AA, ko dara un ko nedara un k\u0101ds ir AA pamatm\u0113r\u0137is.<\/p>","protected":false},"featured_media":10744,"template":"","meta":[],"product_brand":[],"product_cat":[437],"product_tag":[],"class_list":{"0":"post-10746","1":"product","2":"type-product","3":"status-publish","4":"has-post-thumbnail","6":"product_cat-bukleti-un-brosuras","8":"first","9":"instock","10":"shipping-taxable","11":"purchasable","12":"product-type-simple"},"_links":{"self":[{"href":"https:\/\/aa.org.lv\/lv\/wp-json\/wp\/v2\/product\/10746","targetHints":{"allow":["GET"]}}],"collection":[{"href":"https:\/\/aa.org.lv\/lv\/wp-json\/wp\/v2\/product"}],"about":[{"href":"https:\/\/aa.org.lv\/lv\/wp-json\/wp\/v2\/types\/product"}],"wp:featuredmedia":[{"embeddable":true,"href":"https:\/\/aa.org.lv\/lv\/wp-json\/wp\/v2\/media\/10744"}],"wp:attachment":[{"href":"https:\/\/aa.org.lv\/lv\/wp-json\/wp\/v2\/media?parent=10746"}],"wp:term":[{"taxonomy":"product_brand","embeddable":true,"href":"https:\/\/aa.org.lv\/lv\/wp-json\/wp\/v2\/product_brand?post=10746"},{"taxonomy":"product_cat","embeddable":true,"href":"https:\/\/aa.org.lv\/lv\/wp-json\/wp\/v2\/product_cat?post=10746"},{"taxonomy":"product_tag","embeddable":true,"href":"https:\/\/aa.org.lv\/lv\/wp-json\/wp\/v2\/product_tag?post=10746"}],"curies":[{"name":"wp","href":"https:\/\/api.w.org\/{rel}","templated":true}]}}