{"id":11457,"date":"2025-06-20T08:37:25","date_gmt":"2025-06-20T05:37:25","guid":{"rendered":"https:\/\/aa.org.lv\/?post_type=product&#038;p=11457"},"modified":"2025-06-20T08:37:25","modified_gmt":"2025-06-20T05:37:25","slug":"aa-biedram-par-medikamentiem-un-citam-vielam","status":"publish","type":"product","link":"https:\/\/aa.org.lv\/lv\/products\/aa-biedram-par-medikamentiem-un-citam-vielam\/","title":{"rendered":"AA biedram &#8211; par medikamentiem un cit\u0101m viel\u0101m"},"content":{"rendered":"","protected":false},"excerpt":{"rendered":"<p>AA biedram &#8211; par medikamentiem un cit\u0101m viel\u0101m<\/p>","protected":false},"featured_media":11458,"template":"","meta":[],"product_brand":[],"product_cat":[437],"product_tag":[],"class_list":{"0":"post-11457","1":"product","2":"type-product","3":"status-publish","4":"has-post-thumbnail","6":"product_cat-bukleti-un-brosuras","8":"first","9":"instock","10":"shipping-taxable","11":"purchasable","12":"product-type-simple"},"_links":{"self":[{"href":"https:\/\/aa.org.lv\/lv\/wp-json\/wp\/v2\/product\/11457","targetHints":{"allow":["GET"]}}],"collection":[{"href":"https:\/\/aa.org.lv\/lv\/wp-json\/wp\/v2\/product"}],"about":[{"href":"https:\/\/aa.org.lv\/lv\/wp-json\/wp\/v2\/types\/product"}],"wp:featuredmedia":[{"embeddable":true,"href":"https:\/\/aa.org.lv\/lv\/wp-json\/wp\/v2\/media\/11458"}],"wp:attachment":[{"href":"https:\/\/aa.org.lv\/lv\/wp-json\/wp\/v2\/media?parent=11457"}],"wp:term":[{"taxonomy":"product_brand","embeddable":true,"href":"https:\/\/aa.org.lv\/lv\/wp-json\/wp\/v2\/product_brand?post=11457"},{"taxonomy":"product_cat","embeddable":true,"href":"https:\/\/aa.org.lv\/lv\/wp-json\/wp\/v2\/product_cat?post=11457"},{"taxonomy":"product_tag","embeddable":true,"href":"https:\/\/aa.org.lv\/lv\/wp-json\/wp\/v2\/product_tag?post=11457"}],"curies":[{"name":"wp","href":"https:\/\/api.w.org\/{rel}","templated":true}]}}