{"id":12099,"date":"2026-01-30T21:15:33","date_gmt":"2026-01-30T19:15:33","guid":{"rendered":"https:\/\/aa.org.lv\/?post_type=product&#038;p=12099"},"modified":"2026-01-30T21:27:23","modified_gmt":"2026-01-30T19:27:23","slug":"aa-informativi-plakati-a4","status":"publish","type":"product","link":"https:\/\/aa.org.lv\/lv\/products\/aa-informativi-plakati-a4\/","title":{"rendered":"AA informat\u012bvi plak\u0101ti  A4"},"content":{"rendered":"<p>Pas\u016btot l\u016bgums nor\u0101d\u012bt konkr\u0113tu plak\u0101tu\u00a0 &#8211; piem\u0113ram, v\u012brietis\/sieviete paceltas rokas vai v\u012brietis\/sieviete 2 sejas un teksta valodu<\/p>","protected":false},"excerpt":{"rendered":"<p>Pas\u016btot l\u016bgums nor\u0101d\u012bt konkr\u0113tu plak\u0101tu\u00a0 &#8211; piem\u0113ram, v\u012brietis\/sieviete paceltas rokas vai v\u012brietis\/sieviete 2 sejas un teksta valodu<\/p>","protected":false},"featured_media":12094,"template":"","meta":[],"product_brand":[],"product_cat":[435,437],"product_tag":[],"class_list":{"0":"post-12099","1":"product","2":"type-product","3":"status-publish","4":"has-post-thumbnail","6":"product_cat-nekategorizets","7":"product_cat-bukleti-un-brosuras","9":"first","10":"instock","11":"shipping-taxable","12":"purchasable","13":"product-type-simple"},"_links":{"self":[{"href":"https:\/\/aa.org.lv\/lv\/wp-json\/wp\/v2\/product\/12099","targetHints":{"allow":["GET"]}}],"collection":[{"href":"https:\/\/aa.org.lv\/lv\/wp-json\/wp\/v2\/product"}],"about":[{"href":"https:\/\/aa.org.lv\/lv\/wp-json\/wp\/v2\/types\/product"}],"wp:featuredmedia":[{"embeddable":true,"href":"https:\/\/aa.org.lv\/lv\/wp-json\/wp\/v2\/media\/12094"}],"wp:attachment":[{"href":"https:\/\/aa.org.lv\/lv\/wp-json\/wp\/v2\/media?parent=12099"}],"wp:term":[{"taxonomy":"product_brand","embeddable":true,"href":"https:\/\/aa.org.lv\/lv\/wp-json\/wp\/v2\/product_brand?post=12099"},{"taxonomy":"product_cat","embeddable":true,"href":"https:\/\/aa.org.lv\/lv\/wp-json\/wp\/v2\/product_cat?post=12099"},{"taxonomy":"product_tag","embeddable":true,"href":"https:\/\/aa.org.lv\/lv\/wp-json\/wp\/v2\/product_tag?post=12099"}],"curies":[{"name":"wp","href":"https:\/\/api.w.org\/{rel}","templated":true}]}}