{"id":12102,"date":"2026-01-30T21:20:47","date_gmt":"2026-01-30T19:20:47","guid":{"rendered":"https:\/\/aa.org.lv\/?post_type=product&#038;p=12102"},"modified":"2026-01-30T21:20:47","modified_gmt":"2026-01-30T19:20:47","slug":"gramatzime-lasi-skaidra-abpuseja-druka","status":"publish","type":"product","link":"https:\/\/aa.org.lv\/lv\/products\/gramatzime-lasi-skaidra-abpuseja-druka\/","title":{"rendered":"Gr\u0101matz\u012bme &#8211; lasi skaidr\u0101, abpus\u0113ja druka"},"content":{"rendered":"","protected":false},"excerpt":{"rendered":"","protected":false},"featured_media":12103,"template":"","meta":[],"product_brand":[],"product_cat":[435,437],"product_tag":[],"class_list":{"0":"post-12102","1":"product","2":"type-product","3":"status-publish","4":"has-post-thumbnail","6":"product_cat-nekategorizets","7":"product_cat-bukleti-un-brosuras","9":"first","10":"instock","11":"shipping-taxable","12":"purchasable","13":"product-type-simple"},"_links":{"self":[{"href":"https:\/\/aa.org.lv\/lv\/wp-json\/wp\/v2\/product\/12102","targetHints":{"allow":["GET"]}}],"collection":[{"href":"https:\/\/aa.org.lv\/lv\/wp-json\/wp\/v2\/product"}],"about":[{"href":"https:\/\/aa.org.lv\/lv\/wp-json\/wp\/v2\/types\/product"}],"wp:featuredmedia":[{"embeddable":true,"href":"https:\/\/aa.org.lv\/lv\/wp-json\/wp\/v2\/media\/12103"}],"wp:attachment":[{"href":"https:\/\/aa.org.lv\/lv\/wp-json\/wp\/v2\/media?parent=12102"}],"wp:term":[{"taxonomy":"product_brand","embeddable":true,"href":"https:\/\/aa.org.lv\/lv\/wp-json\/wp\/v2\/product_brand?post=12102"},{"taxonomy":"product_cat","embeddable":true,"href":"https:\/\/aa.org.lv\/lv\/wp-json\/wp\/v2\/product_cat?post=12102"},{"taxonomy":"product_tag","embeddable":true,"href":"https:\/\/aa.org.lv\/lv\/wp-json\/wp\/v2\/product_tag?post=12102"}],"curies":[{"name":"wp","href":"https:\/\/api.w.org\/{rel}","templated":true}]}}