{"id":8831,"date":"2023-05-20T14:33:14","date_gmt":"2023-05-20T11:33:14","guid":{"rendered":"http:\/\/2022.aa.org.lv\/?post_type=product&#038;p=8831"},"modified":"2026-01-06T09:01:04","modified_gmt":"2026-01-06T07:01:04","slug":"ikdienas-pardomas","status":"publish","type":"product","link":"https:\/\/aa.org.lv\/lv\/products\/ikdienas-pardomas\/","title":{"rendered":"Ikdienas P\u0101rdomas"},"content":{"rendered":"<p>AA biedru p\u0101rdomas AA biedriem. Gr\u0101mata satur p\u0101rdomas katrai gada dienai.<\/p>","protected":false},"excerpt":{"rendered":"<p>AA biedru p\u0101rdomas AA biedriem. Gr\u0101mata satur p\u0101rdomas katrai gada dienai.<\/p>","protected":false},"featured_media":8733,"template":"","meta":[],"product_brand":[],"product_cat":[436],"product_tag":[],"class_list":{"0":"post-8831","1":"product","2":"type-product","3":"status-publish","4":"has-post-thumbnail","6":"product_cat-gramatas","8":"first","9":"instock","10":"shipping-taxable","11":"purchasable","12":"product-type-simple"},"_links":{"self":[{"href":"https:\/\/aa.org.lv\/lv\/wp-json\/wp\/v2\/product\/8831","targetHints":{"allow":["GET"]}}],"collection":[{"href":"https:\/\/aa.org.lv\/lv\/wp-json\/wp\/v2\/product"}],"about":[{"href":"https:\/\/aa.org.lv\/lv\/wp-json\/wp\/v2\/types\/product"}],"wp:featuredmedia":[{"embeddable":true,"href":"https:\/\/aa.org.lv\/lv\/wp-json\/wp\/v2\/media\/8733"}],"wp:attachment":[{"href":"https:\/\/aa.org.lv\/lv\/wp-json\/wp\/v2\/media?parent=8831"}],"wp:term":[{"taxonomy":"product_brand","embeddable":true,"href":"https:\/\/aa.org.lv\/lv\/wp-json\/wp\/v2\/product_brand?post=8831"},{"taxonomy":"product_cat","embeddable":true,"href":"https:\/\/aa.org.lv\/lv\/wp-json\/wp\/v2\/product_cat?post=8831"},{"taxonomy":"product_tag","embeddable":true,"href":"https:\/\/aa.org.lv\/lv\/wp-json\/wp\/v2\/product_tag?post=8831"}],"curies":[{"name":"wp","href":"https:\/\/api.w.org\/{rel}","templated":true}]}}