{"id":8832,"date":"2023-05-20T14:34:46","date_gmt":"2023-05-20T11:34:46","guid":{"rendered":"http:\/\/2022.aa.org.lv\/?post_type=product&#038;p=8832"},"modified":"2025-01-03T22:16:42","modified_gmt":"2025-01-03T20:16:42","slug":"anonimie-alkoholiki","status":"publish","type":"product","link":"https:\/\/aa.org.lv\/lv\/products\/anonimie-alkoholiki\/","title":{"rendered":"Anon\u012bmie Alkoholi\u0137i"},"content":{"rendered":"<p>Anon\u012bmo Alkoholi\u0137u atvese\u013co\u0161an\u0101s programmas pamatgr\u0101mata (rokasgr\u0101mata), saukta ar\u012b par Lielo gr\u0101matu.<\/p>","protected":false},"excerpt":{"rendered":"<p>Anon\u012bmo Alkoholi\u0137u atvese\u013co\u0161an\u0101s programmas pamatgr\u0101mata (rokasgr\u0101mata), saukta ar\u012b par Lielo gr\u0101matu.<\/p>","protected":false},"featured_media":8715,"template":"","meta":[],"product_brand":[],"product_cat":[436],"product_tag":[],"class_list":{"0":"post-8832","1":"product","2":"type-product","3":"status-publish","4":"has-post-thumbnail","6":"product_cat-gramatas","8":"first","9":"instock","10":"shipping-taxable","11":"purchasable","12":"product-type-simple"},"_links":{"self":[{"href":"https:\/\/aa.org.lv\/lv\/wp-json\/wp\/v2\/product\/8832","targetHints":{"allow":["GET"]}}],"collection":[{"href":"https:\/\/aa.org.lv\/lv\/wp-json\/wp\/v2\/product"}],"about":[{"href":"https:\/\/aa.org.lv\/lv\/wp-json\/wp\/v2\/types\/product"}],"wp:featuredmedia":[{"embeddable":true,"href":"https:\/\/aa.org.lv\/lv\/wp-json\/wp\/v2\/media\/8715"}],"wp:attachment":[{"href":"https:\/\/aa.org.lv\/lv\/wp-json\/wp\/v2\/media?parent=8832"}],"wp:term":[{"taxonomy":"product_brand","embeddable":true,"href":"https:\/\/aa.org.lv\/lv\/wp-json\/wp\/v2\/product_brand?post=8832"},{"taxonomy":"product_cat","embeddable":true,"href":"https:\/\/aa.org.lv\/lv\/wp-json\/wp\/v2\/product_cat?post=8832"},{"taxonomy":"product_tag","embeddable":true,"href":"https:\/\/aa.org.lv\/lv\/wp-json\/wp\/v2\/product_tag?post=8832"}],"curies":[{"name":"wp","href":"https:\/\/api.w.org\/{rel}","templated":true}]}}