{"id":8875,"date":"2023-05-26T15:26:18","date_gmt":"2023-05-26T12:26:18","guid":{"rendered":"http:\/\/2022.aa.org.lv\/?post_type=product&#038;p=8875"},"modified":"2026-01-06T09:00:57","modified_gmt":"2026-01-06T07:00:57","slug":"12-soli-un-12-tradicijas","status":"publish","type":"product","link":"https:\/\/aa.org.lv\/lv\/products\/12-soli-un-12-tradicijas\/","title":{"rendered":"12 So\u013ci un 12 Trad\u012bcijas"},"content":{"rendered":"<div class=\"av-inner-masonry-content-pos\">\n<div class=\"av-inner-masonry-content-pos-content\">\n<div class=\"av-masonry-entry-content entry-content\">Gr\u0101mata sniedz detaliz\u0113tu izkl\u0101stu par katru no Divpadsmit So\u013ciem un Divpadsmit Trad\u012bcij\u0101m.<\/div>\n<\/div>\n<\/div>","protected":false},"excerpt":{"rendered":"<p>Gr\u0101mata sniedz detaliz\u0113tu izkl\u0101stu par katru no Divpadsmit So\u013ciem un Divpadsmit Trad\u012bcij\u0101m.<\/p>","protected":false},"featured_media":8761,"template":"","meta":[],"product_brand":[],"product_cat":[436],"product_tag":[],"class_list":{"0":"post-8875","1":"product","2":"type-product","3":"status-publish","4":"has-post-thumbnail","6":"product_cat-gramatas","8":"first","9":"instock","10":"shipping-taxable","11":"purchasable","12":"product-type-simple"},"_links":{"self":[{"href":"https:\/\/aa.org.lv\/lv\/wp-json\/wp\/v2\/product\/8875","targetHints":{"allow":["GET"]}}],"collection":[{"href":"https:\/\/aa.org.lv\/lv\/wp-json\/wp\/v2\/product"}],"about":[{"href":"https:\/\/aa.org.lv\/lv\/wp-json\/wp\/v2\/types\/product"}],"wp:featuredmedia":[{"embeddable":true,"href":"https:\/\/aa.org.lv\/lv\/wp-json\/wp\/v2\/media\/8761"}],"wp:attachment":[{"href":"https:\/\/aa.org.lv\/lv\/wp-json\/wp\/v2\/media?parent=8875"}],"wp:term":[{"taxonomy":"product_brand","embeddable":true,"href":"https:\/\/aa.org.lv\/lv\/wp-json\/wp\/v2\/product_brand?post=8875"},{"taxonomy":"product_cat","embeddable":true,"href":"https:\/\/aa.org.lv\/lv\/wp-json\/wp\/v2\/product_cat?post=8875"},{"taxonomy":"product_tag","embeddable":true,"href":"https:\/\/aa.org.lv\/lv\/wp-json\/wp\/v2\/product_tag?post=8875"}],"curies":[{"name":"wp","href":"https:\/\/api.w.org\/{rel}","templated":true}]}}