{"id":8876,"date":"2023-05-26T15:28:50","date_gmt":"2023-05-26T12:28:50","guid":{"rendered":"http:\/\/2022.aa.org.lv\/?post_type=product&#038;p=8876"},"modified":"2025-01-03T22:16:16","modified_gmt":"2025-01-03T20:16:16","slug":"dzivot-skaidra","status":"publish","type":"product","link":"https:\/\/aa.org.lv\/lv\/products\/dzivot-skaidra\/","title":{"rendered":"Dz\u012bvot Skaidr\u0101"},"content":{"rendered":"<p>Gr\u0101mat\u0101 ar vienk\u0101r\u0161iem piem\u0113riem aprakst\u012bts, k\u0101 AA biedri vis\u0101 pasaul\u0113 dz\u012bvo skaidr\u0101.<\/p>","protected":false},"excerpt":{"rendered":"<p>Gr\u0101mat\u0101 ar vienk\u0101r\u0161iem piem\u0113riem aprakst\u012bts, k\u0101 AA biedri vis\u0101 pasaul\u0113 dz\u012bvo skaidr\u0101.<\/p>","protected":false},"featured_media":8727,"template":"","meta":[],"product_brand":[],"product_cat":[436],"product_tag":[],"class_list":{"0":"post-8876","1":"product","2":"type-product","3":"status-publish","4":"has-post-thumbnail","6":"product_cat-gramatas","8":"first","9":"instock","10":"shipping-taxable","11":"purchasable","12":"product-type-simple"},"_links":{"self":[{"href":"https:\/\/aa.org.lv\/lv\/wp-json\/wp\/v2\/product\/8876","targetHints":{"allow":["GET"]}}],"collection":[{"href":"https:\/\/aa.org.lv\/lv\/wp-json\/wp\/v2\/product"}],"about":[{"href":"https:\/\/aa.org.lv\/lv\/wp-json\/wp\/v2\/types\/product"}],"wp:featuredmedia":[{"embeddable":true,"href":"https:\/\/aa.org.lv\/lv\/wp-json\/wp\/v2\/media\/8727"}],"wp:attachment":[{"href":"https:\/\/aa.org.lv\/lv\/wp-json\/wp\/v2\/media?parent=8876"}],"wp:term":[{"taxonomy":"product_brand","embeddable":true,"href":"https:\/\/aa.org.lv\/lv\/wp-json\/wp\/v2\/product_brand?post=8876"},{"taxonomy":"product_cat","embeddable":true,"href":"https:\/\/aa.org.lv\/lv\/wp-json\/wp\/v2\/product_cat?post=8876"},{"taxonomy":"product_tag","embeddable":true,"href":"https:\/\/aa.org.lv\/lv\/wp-json\/wp\/v2\/product_tag?post=8876"}],"curies":[{"name":"wp","href":"https:\/\/api.w.org\/{rel}","templated":true}]}}