{"id":8878,"date":"2023-05-26T15:37:41","date_gmt":"2023-05-26T12:37:41","guid":{"rendered":"http:\/\/2022.aa.org.lv\/?post_type=product&#038;p=8878"},"modified":"2026-01-27T19:06:23","modified_gmt":"2026-01-27T17:06:23","slug":"saprast-anonimitati","status":"publish","type":"product","link":"https:\/\/aa.org.lv\/lv\/products\/saprast-anonimitati\/","title":{"rendered":"Saprast Anonimit\u0101ti"},"content":{"rendered":"<p>Izskaidro, ko noz\u012bm\u0113 anonimit\u0101tes j\u0113dziens gan AA iek\u0161pus\u0113, gan \u0101rpus\u0113.<\/p>","protected":false},"excerpt":{"rendered":"<p>Izskaidro, ko noz\u012bm\u0113 anonimit\u0101tes j\u0113dziens gan AA iek\u0161pus\u0113, gan \u0101rpus\u0113.<\/p>","protected":false},"featured_media":8718,"template":"","meta":[],"product_brand":[],"product_cat":[437],"product_tag":[],"class_list":{"0":"post-8878","1":"product","2":"type-product","3":"status-publish","4":"has-post-thumbnail","6":"product_cat-bukleti-un-brosuras","8":"first","9":"instock","10":"shipping-taxable","11":"purchasable","12":"product-type-simple"},"_links":{"self":[{"href":"https:\/\/aa.org.lv\/lv\/wp-json\/wp\/v2\/product\/8878","targetHints":{"allow":["GET"]}}],"collection":[{"href":"https:\/\/aa.org.lv\/lv\/wp-json\/wp\/v2\/product"}],"about":[{"href":"https:\/\/aa.org.lv\/lv\/wp-json\/wp\/v2\/types\/product"}],"wp:featuredmedia":[{"embeddable":true,"href":"https:\/\/aa.org.lv\/lv\/wp-json\/wp\/v2\/media\/8718"}],"wp:attachment":[{"href":"https:\/\/aa.org.lv\/lv\/wp-json\/wp\/v2\/media?parent=8878"}],"wp:term":[{"taxonomy":"product_brand","embeddable":true,"href":"https:\/\/aa.org.lv\/lv\/wp-json\/wp\/v2\/product_brand?post=8878"},{"taxonomy":"product_cat","embeddable":true,"href":"https:\/\/aa.org.lv\/lv\/wp-json\/wp\/v2\/product_cat?post=8878"},{"taxonomy":"product_tag","embeddable":true,"href":"https:\/\/aa.org.lv\/lv\/wp-json\/wp\/v2\/product_tag?post=8878"}],"curies":[{"name":"wp","href":"https:\/\/api.w.org\/{rel}","templated":true}]}}