{"id":8879,"date":"2023-05-26T15:39:06","date_gmt":"2023-05-26T12:39:06","guid":{"rendered":"http:\/\/2022.aa.org.lv\/?post_type=product&#038;p=8879"},"modified":"2026-01-27T19:06:45","modified_gmt":"2026-01-27T17:06:45","slug":"aa-grupa-un-kur-tas-sakas","status":"publish","type":"product","link":"https:\/\/aa.org.lv\/lv\/products\/aa-grupa-un-kur-tas-sakas\/","title":{"rendered":"AA Grupa un Kur Tas S\u0101kas"},"content":{"rendered":"<p>K\u0101 grupa var str\u0101d\u0101t efekt\u012bv\u0101k, k\u0101 uzs\u0101kt jaunu grupu un k\u0101 katra grupa saist\u012bta ar AA kopum\u0101.<\/p>\n<p>&nbsp;<\/p>","protected":false},"excerpt":{"rendered":"<h4><a href=\"https:\/\/aa.org.lv\/wp-content\/uploads\/2024\/09\/AA_grupa.pdf\" target=\"_blank\" rel=\"noopener\">Las\u012bt bukletu<\/a><\/h4>","protected":false},"featured_media":8709,"template":"","meta":[],"product_brand":[],"product_cat":[437],"product_tag":[],"class_list":{"0":"post-8879","1":"product","2":"type-product","3":"status-publish","4":"has-post-thumbnail","6":"product_cat-bukleti-un-brosuras","8":"first","9":"instock","10":"shipping-taxable","11":"purchasable","12":"product-type-simple"},"_links":{"self":[{"href":"https:\/\/aa.org.lv\/lv\/wp-json\/wp\/v2\/product\/8879","targetHints":{"allow":["GET"]}}],"collection":[{"href":"https:\/\/aa.org.lv\/lv\/wp-json\/wp\/v2\/product"}],"about":[{"href":"https:\/\/aa.org.lv\/lv\/wp-json\/wp\/v2\/types\/product"}],"wp:featuredmedia":[{"embeddable":true,"href":"https:\/\/aa.org.lv\/lv\/wp-json\/wp\/v2\/media\/8709"}],"wp:attachment":[{"href":"https:\/\/aa.org.lv\/lv\/wp-json\/wp\/v2\/media?parent=8879"}],"wp:term":[{"taxonomy":"product_brand","embeddable":true,"href":"https:\/\/aa.org.lv\/lv\/wp-json\/wp\/v2\/product_brand?post=8879"},{"taxonomy":"product_cat","embeddable":true,"href":"https:\/\/aa.org.lv\/lv\/wp-json\/wp\/v2\/product_cat?post=8879"},{"taxonomy":"product_tag","embeddable":true,"href":"https:\/\/aa.org.lv\/lv\/wp-json\/wp\/v2\/product_tag?post=8879"}],"curies":[{"name":"wp","href":"https:\/\/api.w.org\/{rel}","templated":true}]}}