{"id":8880,"date":"2023-05-26T15:40:06","date_gmt":"2023-05-26T12:40:06","guid":{"rendered":"http:\/\/2022.aa.org.lv\/?post_type=product&#038;p=8880"},"modified":"2026-01-27T19:07:04","modified_gmt":"2026-01-27T17:07:04","slug":"jautajumi-un-atbildes-par-sponsoresanu","status":"publish","type":"product","link":"https:\/\/aa.org.lv\/lv\/products\/jautajumi-un-atbildes-par-sponsoresanu\/","title":{"rendered":"Jaut\u0101jumi un Atbildes par Sponsor\u0113\u0161anu"},"content":{"rendered":"<p>Tiem, kas mekl\u0113 sponsoru vai v\u0113las k\u013c\u016bt par sponsoru un grup\u0101m, kuras pl\u0101no sponsor\u0113\u0161anas aktivit\u0101tes.<\/p>","protected":false},"excerpt":{"rendered":"<h3><a href=\"https:\/\/aa.org.lv\/wp-content\/uploads\/2024\/09\/Jautajumi_un_atbildes_par_sponsoresanu.pdf\" target=\"_blank\" rel=\"noopener\">Las\u012bt bukletu<\/a><\/h3>","protected":false},"featured_media":8748,"template":"","meta":[],"product_brand":[],"product_cat":[437],"product_tag":[],"class_list":{"0":"post-8880","1":"product","2":"type-product","3":"status-publish","4":"has-post-thumbnail","6":"product_cat-bukleti-un-brosuras","8":"first","9":"instock","10":"shipping-taxable","11":"purchasable","12":"product-type-simple"},"_links":{"self":[{"href":"https:\/\/aa.org.lv\/lv\/wp-json\/wp\/v2\/product\/8880","targetHints":{"allow":["GET"]}}],"collection":[{"href":"https:\/\/aa.org.lv\/lv\/wp-json\/wp\/v2\/product"}],"about":[{"href":"https:\/\/aa.org.lv\/lv\/wp-json\/wp\/v2\/types\/product"}],"wp:featuredmedia":[{"embeddable":true,"href":"https:\/\/aa.org.lv\/lv\/wp-json\/wp\/v2\/media\/8748"}],"wp:attachment":[{"href":"https:\/\/aa.org.lv\/lv\/wp-json\/wp\/v2\/media?parent=8880"}],"wp:term":[{"taxonomy":"product_brand","embeddable":true,"href":"https:\/\/aa.org.lv\/lv\/wp-json\/wp\/v2\/product_brand?post=8880"},{"taxonomy":"product_cat","embeddable":true,"href":"https:\/\/aa.org.lv\/lv\/wp-json\/wp\/v2\/product_cat?post=8880"},{"taxonomy":"product_tag","embeddable":true,"href":"https:\/\/aa.org.lv\/lv\/wp-json\/wp\/v2\/product_tag?post=8880"}],"curies":[{"name":"wp","href":"https:\/\/api.w.org\/{rel}","templated":true}]}}