{"id":8881,"date":"2023-05-26T15:41:04","date_gmt":"2023-05-26T12:41:04","guid":{"rendered":"http:\/\/2022.aa.org.lv\/?post_type=product&#038;p=8881"},"modified":"2025-11-24T09:31:42","modified_gmt":"2025-11-24T07:31:42","slug":"vai-tava-dzive-ir-alkoholikis","status":"publish","type":"product","link":"https:\/\/aa.org.lv\/lv\/products\/vai-tava-dzive-ir-alkoholikis\/","title":{"rendered":"Vai Tav\u0101 Dz\u012bv\u0113 ir Alkoholi\u0137is?"},"content":{"rendered":"<p>Par AA programmu tiem, kas cie\u0161i saist\u012bti ar alkoholi\u0137i \u2013 laul\u0101tajam, radiniekam, draugam.<\/p>","protected":false},"excerpt":{"rendered":"<p>Par AA programmu tiem, kas cie\u0161i saist\u012bti ar alkoholi\u0137i \u2013 laul\u0101tajam, radiniekam, draugam.<\/p>","protected":false},"featured_media":8755,"template":"","meta":[],"product_brand":[],"product_cat":[437],"product_tag":[],"class_list":{"0":"post-8881","1":"product","2":"type-product","3":"status-publish","4":"has-post-thumbnail","6":"product_cat-bukleti-un-brosuras","8":"first","9":"outofstock","10":"shipping-taxable","11":"purchasable","12":"product-type-simple"},"_links":{"self":[{"href":"https:\/\/aa.org.lv\/lv\/wp-json\/wp\/v2\/product\/8881","targetHints":{"allow":["GET"]}}],"collection":[{"href":"https:\/\/aa.org.lv\/lv\/wp-json\/wp\/v2\/product"}],"about":[{"href":"https:\/\/aa.org.lv\/lv\/wp-json\/wp\/v2\/types\/product"}],"wp:featuredmedia":[{"embeddable":true,"href":"https:\/\/aa.org.lv\/lv\/wp-json\/wp\/v2\/media\/8755"}],"wp:attachment":[{"href":"https:\/\/aa.org.lv\/lv\/wp-json\/wp\/v2\/media?parent=8881"}],"wp:term":[{"taxonomy":"product_brand","embeddable":true,"href":"https:\/\/aa.org.lv\/lv\/wp-json\/wp\/v2\/product_brand?post=8881"},{"taxonomy":"product_cat","embeddable":true,"href":"https:\/\/aa.org.lv\/lv\/wp-json\/wp\/v2\/product_cat?post=8881"},{"taxonomy":"product_tag","embeddable":true,"href":"https:\/\/aa.org.lv\/lv\/wp-json\/wp\/v2\/product_tag?post=8881"}],"curies":[{"name":"wp","href":"https:\/\/api.w.org\/{rel}","templated":true}]}}