{"id":8883,"date":"2023-05-26T15:53:05","date_gmt":"2023-05-26T12:53:05","guid":{"rendered":"http:\/\/2022.aa.org.lv\/?post_type=product&#038;p=8883"},"modified":"2026-01-27T19:07:18","modified_gmt":"2026-01-27T17:07:18","slug":"ja-tu-esi-profesionalis","status":"publish","type":"product","link":"https:\/\/aa.org.lv\/lv\/products\/ja-tu-esi-profesionalis\/","title":{"rendered":"Ja Tu Esi Profesion\u0101lis"},"content":{"rendered":"<p>Visu nozaru profesion\u0101\u013ciem, kuru saist\u012bti ar alkoholi\u0137iem un v\u0113las sadarboties ar AA.<\/p>","protected":false},"excerpt":{"rendered":"<p>Visu nozaru profesion\u0101\u013ciem, kuru saist\u012bti ar alkoholi\u0137iem un v\u0113las sadarboties ar AA.<\/p>","protected":false},"featured_media":8739,"template":"","meta":[],"product_brand":[],"product_cat":[437],"product_tag":[],"class_list":{"0":"post-8883","1":"product","2":"type-product","3":"status-publish","4":"has-post-thumbnail","6":"product_cat-bukleti-un-brosuras","8":"first","9":"instock","10":"shipping-taxable","11":"purchasable","12":"product-type-simple"},"_links":{"self":[{"href":"https:\/\/aa.org.lv\/lv\/wp-json\/wp\/v2\/product\/8883","targetHints":{"allow":["GET"]}}],"collection":[{"href":"https:\/\/aa.org.lv\/lv\/wp-json\/wp\/v2\/product"}],"about":[{"href":"https:\/\/aa.org.lv\/lv\/wp-json\/wp\/v2\/types\/product"}],"wp:featuredmedia":[{"embeddable":true,"href":"https:\/\/aa.org.lv\/lv\/wp-json\/wp\/v2\/media\/8739"}],"wp:attachment":[{"href":"https:\/\/aa.org.lv\/lv\/wp-json\/wp\/v2\/media?parent=8883"}],"wp:term":[{"taxonomy":"product_brand","embeddable":true,"href":"https:\/\/aa.org.lv\/lv\/wp-json\/wp\/v2\/product_brand?post=8883"},{"taxonomy":"product_cat","embeddable":true,"href":"https:\/\/aa.org.lv\/lv\/wp-json\/wp\/v2\/product_cat?post=8883"},{"taxonomy":"product_tag","embeddable":true,"href":"https:\/\/aa.org.lv\/lv\/wp-json\/wp\/v2\/product_tag?post=8883"}],"curies":[{"name":"wp","href":"https:\/\/api.w.org\/{rel}","templated":true}]}}