{"id":8884,"date":"2023-05-26T15:54:12","date_gmt":"2023-05-26T12:54:12","guid":{"rendered":"http:\/\/2022.aa.org.lv\/?post_type=product&#038;p=8884"},"modified":"2026-01-06T09:00:07","modified_gmt":"2026-01-06T07:00:07","slug":"jaunatnacejs-jauta","status":"publish","type":"product","link":"https:\/\/aa.org.lv\/lv\/products\/jaunatnacejs-jauta\/","title":{"rendered":"Jaunatn\u0101c\u0113js Jaut\u0101"},"content":{"rendered":"<p>Vienk\u0101r\u0161as, saprotamas atbildes uz jaut\u0101jumiem par AA, kuri k\u0101dreiz mulsin\u0101ju\u0161i daudzus no mums.<\/p>","protected":false},"excerpt":{"rendered":"<p>Vienk\u0101r\u0161as, saprotamas atbildes uz jaut\u0101jumiem par AA, kuri k\u0101dreiz mulsin\u0101ju\u0161i daudzus no mums.<\/p>","protected":false},"featured_media":9046,"template":"","meta":[],"product_brand":[],"product_cat":[437],"product_tag":[],"class_list":{"0":"post-8884","1":"product","2":"type-product","3":"status-publish","4":"has-post-thumbnail","6":"product_cat-bukleti-un-brosuras","8":"first","9":"instock","10":"shipping-taxable","11":"purchasable","12":"product-type-simple"},"_links":{"self":[{"href":"https:\/\/aa.org.lv\/lv\/wp-json\/wp\/v2\/product\/8884","targetHints":{"allow":["GET"]}}],"collection":[{"href":"https:\/\/aa.org.lv\/lv\/wp-json\/wp\/v2\/product"}],"about":[{"href":"https:\/\/aa.org.lv\/lv\/wp-json\/wp\/v2\/types\/product"}],"wp:featuredmedia":[{"embeddable":true,"href":"https:\/\/aa.org.lv\/lv\/wp-json\/wp\/v2\/media\/9046"}],"wp:attachment":[{"href":"https:\/\/aa.org.lv\/lv\/wp-json\/wp\/v2\/media?parent=8884"}],"wp:term":[{"taxonomy":"product_brand","embeddable":true,"href":"https:\/\/aa.org.lv\/lv\/wp-json\/wp\/v2\/product_brand?post=8884"},{"taxonomy":"product_cat","embeddable":true,"href":"https:\/\/aa.org.lv\/lv\/wp-json\/wp\/v2\/product_cat?post=8884"},{"taxonomy":"product_tag","embeddable":true,"href":"https:\/\/aa.org.lv\/lv\/wp-json\/wp\/v2\/product_tag?post=8884"}],"curies":[{"name":"wp","href":"https:\/\/api.w.org\/{rel}","templated":true}]}}