{"id":8886,"date":"2023-05-26T16:01:30","date_gmt":"2023-05-26T13:01:30","guid":{"rendered":"http:\/\/2022.aa.org.lv\/?post_type=product&#038;p=8886"},"modified":"2026-01-06T08:59:57","modified_gmt":"2026-01-06T06:59:57","slug":"divpadsmit-tradicijas-attelos","status":"publish","type":"product","link":"https:\/\/aa.org.lv\/lv\/products\/divpadsmit-tradicijas-attelos\/","title":{"rendered":"Divpadsmit Trad\u012bcijas Att\u0113los"},"content":{"rendered":"<p>Ar att\u0113liem un tekstu tiek pasniegts gan gar\u012bgais, gan praktiskais Trad\u012bciju pielietojums.<\/p>","protected":false},"excerpt":{"rendered":"<p>Ar att\u0113liem un tekstu tiek pasniegts gan gar\u012bgais, gan praktiskais Trad\u012bciju pielietojums.<\/p>","protected":false},"featured_media":8706,"template":"","meta":[],"product_brand":[],"product_cat":[437],"product_tag":[],"class_list":{"0":"post-8886","1":"product","2":"type-product","3":"status-publish","4":"has-post-thumbnail","6":"product_cat-bukleti-un-brosuras","8":"first","9":"instock","10":"shipping-taxable","11":"purchasable","12":"product-type-simple"},"_links":{"self":[{"href":"https:\/\/aa.org.lv\/lv\/wp-json\/wp\/v2\/product\/8886","targetHints":{"allow":["GET"]}}],"collection":[{"href":"https:\/\/aa.org.lv\/lv\/wp-json\/wp\/v2\/product"}],"about":[{"href":"https:\/\/aa.org.lv\/lv\/wp-json\/wp\/v2\/types\/product"}],"wp:featuredmedia":[{"embeddable":true,"href":"https:\/\/aa.org.lv\/lv\/wp-json\/wp\/v2\/media\/8706"}],"wp:attachment":[{"href":"https:\/\/aa.org.lv\/lv\/wp-json\/wp\/v2\/media?parent=8886"}],"wp:term":[{"taxonomy":"product_brand","embeddable":true,"href":"https:\/\/aa.org.lv\/lv\/wp-json\/wp\/v2\/product_brand?post=8886"},{"taxonomy":"product_cat","embeddable":true,"href":"https:\/\/aa.org.lv\/lv\/wp-json\/wp\/v2\/product_cat?post=8886"},{"taxonomy":"product_tag","embeddable":true,"href":"https:\/\/aa.org.lv\/lv\/wp-json\/wp\/v2\/product_tag?post=8886"}],"curies":[{"name":"wp","href":"https:\/\/api.w.org\/{rel}","templated":true}]}}