{"id":8887,"date":"2023-05-26T16:03:46","date_gmt":"2023-05-26T13:03:46","guid":{"rendered":"http:\/\/2022.aa.org.lv\/?post_type=product&#038;p=8887"},"modified":"2025-02-16T17:22:37","modified_gmt":"2025-02-16T15:22:37","slug":"biezak-uzdotie-jautajumi-par-aa","status":"publish","type":"product","link":"https:\/\/aa.org.lv\/lv\/products\/biezak-uzdotie-jautajumi-par-aa\/","title":{"rendered":"Bie\u017e\u0101k Uzdotie Jaut\u0101jumi par AA"},"content":{"rendered":"<p>Bro\u0161\u016bra visiem, kas da\u017e\u0101du iemeslu d\u0113\u013c interes\u0113jas par AA un grib vair\u0101k uzzin\u0101t par \u0161o neparasto Sadraudz\u012bbu. Atbildes uz daudziem laika gait\u0101 uzdotiem jaut\u0101jumiem par AA.<\/p>","protected":false},"excerpt":{"rendered":"<p>Bro\u0161\u016bra visiem, kas da\u017e\u0101du iemeslu d\u0113\u013c interes\u0113jas par AA un grib vair\u0101k uzzin\u0101t par \u0161o neparasto Sadraudz\u012bbu. Atbildes uz daudziem laika gait\u0101 uzdotiem jaut\u0101jumiem par AA.<\/p>","protected":false},"featured_media":8721,"template":"","meta":[],"product_brand":[],"product_cat":[437],"product_tag":[],"class_list":{"0":"post-8887","1":"product","2":"type-product","3":"status-publish","4":"has-post-thumbnail","6":"product_cat-bukleti-un-brosuras","8":"first","9":"instock","10":"shipping-taxable","11":"purchasable","12":"product-type-simple"},"_links":{"self":[{"href":"https:\/\/aa.org.lv\/lv\/wp-json\/wp\/v2\/product\/8887","targetHints":{"allow":["GET"]}}],"collection":[{"href":"https:\/\/aa.org.lv\/lv\/wp-json\/wp\/v2\/product"}],"about":[{"href":"https:\/\/aa.org.lv\/lv\/wp-json\/wp\/v2\/types\/product"}],"wp:featuredmedia":[{"embeddable":true,"href":"https:\/\/aa.org.lv\/lv\/wp-json\/wp\/v2\/media\/8721"}],"wp:attachment":[{"href":"https:\/\/aa.org.lv\/lv\/wp-json\/wp\/v2\/media?parent=8887"}],"wp:term":[{"taxonomy":"product_brand","embeddable":true,"href":"https:\/\/aa.org.lv\/lv\/wp-json\/wp\/v2\/product_brand?post=8887"},{"taxonomy":"product_cat","embeddable":true,"href":"https:\/\/aa.org.lv\/lv\/wp-json\/wp\/v2\/product_cat?post=8887"},{"taxonomy":"product_tag","embeddable":true,"href":"https:\/\/aa.org.lv\/lv\/wp-json\/wp\/v2\/product_tag?post=8887"}],"curies":[{"name":"wp","href":"https:\/\/api.w.org\/{rel}","templated":true}]}}