{"id":8888,"date":"2023-05-26T16:05:14","date_gmt":"2023-05-26T13:05:14","guid":{"rendered":"http:\/\/2022.aa.org.lv\/?post_type=product&#038;p=8888"},"modified":"2025-08-17T17:10:31","modified_gmt":"2025-08-17T14:10:31","slug":"jauniesi-un-aa","status":"publish","type":"product","link":"https:\/\/aa.org.lv\/lv\/products\/jauniesi-un-aa\/","title":{"rendered":"Jaunie\u0161i un AA"},"content":{"rendered":"<p>AA var pal\u012bdz\u0113t atvese\u013coties ar\u012b jauniem cilv\u0113kiem. \u0160aj\u0101 bro\u0161\u016br\u0101 apkopoti septi\u0146padsmit jaunie\u0161u dz\u012bvesst\u0101sti. P\u0113c dzer\u0161anas rad\u012btaj\u0101m cie\u0161an\u0101m AA programm\u0101 vi\u0146i atvese\u013coj\u0101s un uzs\u0101ka jaunu, laim\u012bg\u0101ku dz\u012bvi.<\/p>","protected":false},"excerpt":{"rendered":"<p>AA var pal\u012bdz\u0113t atvese\u013coties ar\u012b jauniem cilv\u0113kiem. \u0160aj\u0101 bro\u0161\u016br\u0101 apkopoti septi\u0146padsmit jaunie\u0161u dz\u012bvesst\u0101sti. P\u0113c dzer\u0161anas rad\u012btaj\u0101m cie\u0161an\u0101m AA programm\u0101 vi\u0146i atvese\u013coj\u0101s un uzs\u0101ka jaunu, laim\u012bg\u0101ku dz\u012bvi.<\/p>","protected":false},"featured_media":8745,"template":"","meta":[],"product_brand":[],"product_cat":[437],"product_tag":[],"class_list":{"0":"post-8888","1":"product","2":"type-product","3":"status-publish","4":"has-post-thumbnail","6":"product_cat-bukleti-un-brosuras","8":"first","9":"instock","10":"shipping-taxable","11":"purchasable","12":"product-type-simple"},"_links":{"self":[{"href":"https:\/\/aa.org.lv\/lv\/wp-json\/wp\/v2\/product\/8888","targetHints":{"allow":["GET"]}}],"collection":[{"href":"https:\/\/aa.org.lv\/lv\/wp-json\/wp\/v2\/product"}],"about":[{"href":"https:\/\/aa.org.lv\/lv\/wp-json\/wp\/v2\/types\/product"}],"wp:featuredmedia":[{"embeddable":true,"href":"https:\/\/aa.org.lv\/lv\/wp-json\/wp\/v2\/media\/8745"}],"wp:attachment":[{"href":"https:\/\/aa.org.lv\/lv\/wp-json\/wp\/v2\/media?parent=8888"}],"wp:term":[{"taxonomy":"product_brand","embeddable":true,"href":"https:\/\/aa.org.lv\/lv\/wp-json\/wp\/v2\/product_brand?post=8888"},{"taxonomy":"product_cat","embeddable":true,"href":"https:\/\/aa.org.lv\/lv\/wp-json\/wp\/v2\/product_cat?post=8888"},{"taxonomy":"product_tag","embeddable":true,"href":"https:\/\/aa.org.lv\/lv\/wp-json\/wp\/v2\/product_tag?post=8888"}],"curies":[{"name":"wp","href":"https:\/\/api.w.org\/{rel}","templated":true}]}}