{"id":8889,"date":"2023-06-19T13:08:51","date_gmt":"2023-06-19T10:08:51","guid":{"rendered":"http:\/\/2022.aa.org.lv\/?post_type=product&#038;p=8889"},"modified":"2025-01-03T22:18:15","modified_gmt":"2025-01-03T20:18:15","slug":"vai-aa-var-but-tev-noderigs","status":"publish","type":"product","link":"https:\/\/aa.org.lv\/lv\/products\/vai-aa-var-but-tev-noderigs\/","title":{"rendered":"Vai AA var b\u016bt Tev Noder\u012bgs?"},"content":{"rendered":"<p>12 jaut\u0101jumi par alkoholisma simptomiem, uz kuriem vairumam no AA biedriem bija j\u0101atbild, lai identific\u0113tu sevi k\u0101 alkoholi\u0137us.<\/p>","protected":false},"excerpt":{"rendered":"<p>12 jaut\u0101jumi par alkoholisma simptomiem, uz kuriem vairumam no AA biedriem bija j\u0101atbild, lai identific\u0113tu sevi k\u0101 alkoholi\u0137us.<\/p>","protected":false},"featured_media":9441,"template":"","meta":[],"product_brand":[],"product_cat":[437],"product_tag":[],"class_list":{"0":"post-8889","1":"product","2":"type-product","3":"status-publish","4":"has-post-thumbnail","6":"product_cat-bukleti-un-brosuras","8":"first","9":"instock","10":"shipping-taxable","11":"purchasable","12":"product-type-simple"},"_links":{"self":[{"href":"https:\/\/aa.org.lv\/lv\/wp-json\/wp\/v2\/product\/8889","targetHints":{"allow":["GET"]}}],"collection":[{"href":"https:\/\/aa.org.lv\/lv\/wp-json\/wp\/v2\/product"}],"about":[{"href":"https:\/\/aa.org.lv\/lv\/wp-json\/wp\/v2\/types\/product"}],"wp:featuredmedia":[{"embeddable":true,"href":"https:\/\/aa.org.lv\/lv\/wp-json\/wp\/v2\/media\/9441"}],"wp:attachment":[{"href":"https:\/\/aa.org.lv\/lv\/wp-json\/wp\/v2\/media?parent=8889"}],"wp:term":[{"taxonomy":"product_brand","embeddable":true,"href":"https:\/\/aa.org.lv\/lv\/wp-json\/wp\/v2\/product_brand?post=8889"},{"taxonomy":"product_cat","embeddable":true,"href":"https:\/\/aa.org.lv\/lv\/wp-json\/wp\/v2\/product_cat?post=8889"},{"taxonomy":"product_tag","embeddable":true,"href":"https:\/\/aa.org.lv\/lv\/wp-json\/wp\/v2\/product_tag?post=8889"}],"curies":[{"name":"wp","href":"https:\/\/api.w.org\/{rel}","templated":true}]}}