{"id":8890,"date":"2023-05-26T16:10:16","date_gmt":"2023-05-26T13:10:16","guid":{"rendered":"http:\/\/2022.aa.org.lv\/?post_type=product&#038;p=8890"},"modified":"2025-09-15T19:48:34","modified_gmt":"2025-09-15T16:48:34","slug":"iepazisties-ar-aa-atveselosanas-programmu","status":"publish","type":"product","link":"https:\/\/aa.org.lv\/lv\/products\/iepazisties-ar-aa-atveselosanas-programmu\/","title":{"rendered":"\u0160is ir AA"},"content":{"rendered":"<p>Ievada buklets par AA un AA biedriem \u2013 jebkuram, kas dom\u0101, ka vi\u0146ai vai vi\u0146am ir probl\u0113mas ar alkohol<\/p>","protected":false},"excerpt":{"rendered":"<p>Ievada buklets par AA un AA biedriem \u2013 jebkuram, kas dom\u0101, ka vi\u0146ai vai vi\u0146am ir probl\u0113mas ar alkohol<\/p>","protected":false},"featured_media":8752,"template":"","meta":[],"product_brand":[],"product_cat":[437],"product_tag":[],"class_list":{"0":"post-8890","1":"product","2":"type-product","3":"status-publish","4":"has-post-thumbnail","6":"product_cat-bukleti-un-brosuras","8":"first","9":"instock","10":"shipping-taxable","11":"purchasable","12":"product-type-simple"},"_links":{"self":[{"href":"https:\/\/aa.org.lv\/lv\/wp-json\/wp\/v2\/product\/8890","targetHints":{"allow":["GET"]}}],"collection":[{"href":"https:\/\/aa.org.lv\/lv\/wp-json\/wp\/v2\/product"}],"about":[{"href":"https:\/\/aa.org.lv\/lv\/wp-json\/wp\/v2\/types\/product"}],"wp:featuredmedia":[{"embeddable":true,"href":"https:\/\/aa.org.lv\/lv\/wp-json\/wp\/v2\/media\/8752"}],"wp:attachment":[{"href":"https:\/\/aa.org.lv\/lv\/wp-json\/wp\/v2\/media?parent=8890"}],"wp:term":[{"taxonomy":"product_brand","embeddable":true,"href":"https:\/\/aa.org.lv\/lv\/wp-json\/wp\/v2\/product_brand?post=8890"},{"taxonomy":"product_cat","embeddable":true,"href":"https:\/\/aa.org.lv\/lv\/wp-json\/wp\/v2\/product_cat?post=8890"},{"taxonomy":"product_tag","embeddable":true,"href":"https:\/\/aa.org.lv\/lv\/wp-json\/wp\/v2\/product_tag?post=8890"}],"curies":[{"name":"wp","href":"https:\/\/api.w.org\/{rel}","templated":true}]}}