{"id":8891,"date":"2023-05-26T16:11:18","date_gmt":"2023-05-26T13:11:18","guid":{"rendered":"http:\/\/2022.aa.org.lv\/?post_type=product&#038;p=8891"},"modified":"2025-02-16T17:21:25","modified_gmt":"2025-02-16T15:21:25","slug":"aa-sievietem","status":"publish","type":"product","link":"https:\/\/aa.org.lv\/lv\/products\/aa-sievietem\/","title":{"rendered":"AA Sieviet\u0113m"},"content":{"rendered":"<p>Da\u017e\u0101du dz\u012bves g\u0101jumu un visu vecumu sievie\u0161u pieredzes izkl\u0101sts.<\/p>","protected":false},"excerpt":{"rendered":"<p>Da\u017e\u0101du dz\u012bves g\u0101jumu un visu vecumu sievie\u0161u pieredzes izkl\u0101sts.<\/p>","protected":false},"featured_media":8712,"template":"","meta":[],"product_brand":[],"product_cat":[437],"product_tag":[],"class_list":{"0":"post-8891","1":"product","2":"type-product","3":"status-publish","4":"has-post-thumbnail","6":"product_cat-bukleti-un-brosuras","8":"first","9":"instock","10":"shipping-taxable","11":"purchasable","12":"product-type-simple"},"_links":{"self":[{"href":"https:\/\/aa.org.lv\/lv\/wp-json\/wp\/v2\/product\/8891","targetHints":{"allow":["GET"]}}],"collection":[{"href":"https:\/\/aa.org.lv\/lv\/wp-json\/wp\/v2\/product"}],"about":[{"href":"https:\/\/aa.org.lv\/lv\/wp-json\/wp\/v2\/types\/product"}],"wp:featuredmedia":[{"embeddable":true,"href":"https:\/\/aa.org.lv\/lv\/wp-json\/wp\/v2\/media\/8712"}],"wp:attachment":[{"href":"https:\/\/aa.org.lv\/lv\/wp-json\/wp\/v2\/media?parent=8891"}],"wp:term":[{"taxonomy":"product_brand","embeddable":true,"href":"https:\/\/aa.org.lv\/lv\/wp-json\/wp\/v2\/product_brand?post=8891"},{"taxonomy":"product_cat","embeddable":true,"href":"https:\/\/aa.org.lv\/lv\/wp-json\/wp\/v2\/product_cat?post=8891"},{"taxonomy":"product_tag","embeddable":true,"href":"https:\/\/aa.org.lv\/lv\/wp-json\/wp\/v2\/product_tag?post=8891"}],"curies":[{"name":"wp","href":"https:\/\/api.w.org\/{rel}","templated":true}]}}