{"id":8892,"date":"2023-10-02T21:56:56","date_gmt":"2023-10-02T18:56:56","guid":{"rendered":"http:\/\/2022.aa.org.lv\/?post_type=product&#038;p=8892"},"modified":"2026-01-27T19:07:53","modified_gmt":"2026-01-27T17:07:53","slug":"dz-aleksanders-raksts-par-aa","status":"publish","type":"product","link":"https:\/\/aa.org.lv\/lv\/products\/dz-aleksanders-raksts-par-aa\/","title":{"rendered":"D\u017e. Aleksanders. Raksts par AA"},"content":{"rendered":"","protected":false},"excerpt":{"rendered":"<p>Raksts, kas iez\u012bm\u0113ja pagrieziena punktu AA v\u0113stur\u0113<\/p>","protected":false},"featured_media":9862,"template":"","meta":[],"product_brand":[],"product_cat":[437],"product_tag":[],"class_list":{"0":"post-8892","1":"product","2":"type-product","3":"status-publish","4":"has-post-thumbnail","6":"product_cat-bukleti-un-brosuras","8":"first","9":"instock","10":"shipping-taxable","11":"purchasable","12":"product-type-simple"},"_links":{"self":[{"href":"https:\/\/aa.org.lv\/lv\/wp-json\/wp\/v2\/product\/8892","targetHints":{"allow":["GET"]}}],"collection":[{"href":"https:\/\/aa.org.lv\/lv\/wp-json\/wp\/v2\/product"}],"about":[{"href":"https:\/\/aa.org.lv\/lv\/wp-json\/wp\/v2\/types\/product"}],"wp:featuredmedia":[{"embeddable":true,"href":"https:\/\/aa.org.lv\/lv\/wp-json\/wp\/v2\/media\/9862"}],"wp:attachment":[{"href":"https:\/\/aa.org.lv\/lv\/wp-json\/wp\/v2\/media?parent=8892"}],"wp:term":[{"taxonomy":"product_brand","embeddable":true,"href":"https:\/\/aa.org.lv\/lv\/wp-json\/wp\/v2\/product_brand?post=8892"},{"taxonomy":"product_cat","embeddable":true,"href":"https:\/\/aa.org.lv\/lv\/wp-json\/wp\/v2\/product_cat?post=8892"},{"taxonomy":"product_tag","embeddable":true,"href":"https:\/\/aa.org.lv\/lv\/wp-json\/wp\/v2\/product_tag?post=8892"}],"curies":[{"name":"wp","href":"https:\/\/api.w.org\/{rel}","templated":true}]}}