{"id":8893,"date":"2023-09-13T20:11:35","date_gmt":"2023-09-13T17:11:35","guid":{"rendered":"http:\/\/2022.aa.org.lv\/?post_type=product&#038;p=8893"},"modified":"2026-01-06T08:59:47","modified_gmt":"2026-01-06T06:59:47","slug":"bils-v-rakstu-izlase","status":"publish","type":"product","link":"https:\/\/aa.org.lv\/lv\/products\/bils-v-rakstu-izlase\/","title":{"rendered":"Bils V. Rakstu izlase"},"content":{"rendered":"<p>Bila W Grapevine public\u0113tie raksti ar vi\u0146a dom\u0101m par tic\u012bbu, bail\u0113m, god\u012bgumu, pazem\u012bbu un m\u012blest\u012bbu.<\/p>","protected":false},"excerpt":{"rendered":"<p>Bila W Grapevine public\u0113tie raksti ar vi\u0146a dom\u0101m par tic\u012bbu, bail\u0113m, god\u012bgumu, pazem\u012bbu un m\u012blest\u012bbu.<\/p>","protected":false},"featured_media":9429,"template":"","meta":[],"product_brand":[],"product_cat":[437],"product_tag":[],"class_list":{"0":"post-8893","1":"product","2":"type-product","3":"status-publish","4":"has-post-thumbnail","6":"product_cat-bukleti-un-brosuras","8":"first","9":"instock","10":"shipping-taxable","11":"purchasable","12":"product-type-simple"},"_links":{"self":[{"href":"https:\/\/aa.org.lv\/lv\/wp-json\/wp\/v2\/product\/8893","targetHints":{"allow":["GET"]}}],"collection":[{"href":"https:\/\/aa.org.lv\/lv\/wp-json\/wp\/v2\/product"}],"about":[{"href":"https:\/\/aa.org.lv\/lv\/wp-json\/wp\/v2\/types\/product"}],"wp:featuredmedia":[{"embeddable":true,"href":"https:\/\/aa.org.lv\/lv\/wp-json\/wp\/v2\/media\/9429"}],"wp:attachment":[{"href":"https:\/\/aa.org.lv\/lv\/wp-json\/wp\/v2\/media?parent=8893"}],"wp:term":[{"taxonomy":"product_brand","embeddable":true,"href":"https:\/\/aa.org.lv\/lv\/wp-json\/wp\/v2\/product_brand?post=8893"},{"taxonomy":"product_cat","embeddable":true,"href":"https:\/\/aa.org.lv\/lv\/wp-json\/wp\/v2\/product_cat?post=8893"},{"taxonomy":"product_tag","embeddable":true,"href":"https:\/\/aa.org.lv\/lv\/wp-json\/wp\/v2\/product_tag?post=8893"}],"curies":[{"name":"wp","href":"https:\/\/api.w.org\/{rel}","templated":true}]}}