{"id":8894,"date":"2023-05-26T16:15:01","date_gmt":"2023-05-26T13:15:01","guid":{"rendered":"http:\/\/2022.aa.org.lv\/?post_type=product&#038;p=8894"},"modified":"2023-05-26T16:15:01","modified_gmt":"2023-05-26T13:15:01","slug":"ieslodzitajam-kurs-varetu-but-alkoholikis","status":"publish","type":"product","link":"https:\/\/aa.org.lv\/lv\/products\/ieslodzitajam-kurs-varetu-but-alkoholikis\/","title":{"rendered":"Ieslodz\u012btajam, kur\u0161 var\u0113tu b\u016bt Alkoholi\u0137is"},"content":{"rendered":"<p>Buklet\u0101 apkopota pamatinform\u0101cija par anon\u012bmo alkoholi\u0137u sadraudz\u012bbu, par programmu, par to, ko dara un ko nedara AA, k\u0101 ar\u012b vair\u0101ku AA biedru dz\u012bvesst\u0101sti ar atvese\u013co\u0161an\u0101s pieredzi.<\/p>","protected":false},"excerpt":{"rendered":"<p>Buklet\u0101 apkopota pamatinform\u0101cija par anon\u012bmo alkoholi\u0137u sadraudz\u012bbu, par programmu, par to, ko dara un ko nedara AA, k\u0101 ar\u012b vair\u0101ku AA biedru dz\u012bvesst\u0101sti ar atvese\u013co\u0161an\u0101s pieredzi.<\/p>","protected":false},"featured_media":8730,"template":"","meta":[],"product_brand":[],"product_cat":[437],"product_tag":[],"class_list":{"0":"post-8894","1":"product","2":"type-product","3":"status-publish","4":"has-post-thumbnail","6":"product_cat-bukleti-un-brosuras","8":"first","9":"instock","10":"shipping-taxable","11":"purchasable","12":"product-type-simple"},"_links":{"self":[{"href":"https:\/\/aa.org.lv\/lv\/wp-json\/wp\/v2\/product\/8894","targetHints":{"allow":["GET"]}}],"collection":[{"href":"https:\/\/aa.org.lv\/lv\/wp-json\/wp\/v2\/product"}],"about":[{"href":"https:\/\/aa.org.lv\/lv\/wp-json\/wp\/v2\/types\/product"}],"wp:featuredmedia":[{"embeddable":true,"href":"https:\/\/aa.org.lv\/lv\/wp-json\/wp\/v2\/media\/8730"}],"wp:attachment":[{"href":"https:\/\/aa.org.lv\/lv\/wp-json\/wp\/v2\/media?parent=8894"}],"wp:term":[{"taxonomy":"product_brand","embeddable":true,"href":"https:\/\/aa.org.lv\/lv\/wp-json\/wp\/v2\/product_brand?post=8894"},{"taxonomy":"product_cat","embeddable":true,"href":"https:\/\/aa.org.lv\/lv\/wp-json\/wp\/v2\/product_cat?post=8894"},{"taxonomy":"product_tag","embeddable":true,"href":"https:\/\/aa.org.lv\/lv\/wp-json\/wp\/v2\/product_tag?post=8894"}],"curies":[{"name":"wp","href":"https:\/\/api.w.org\/{rel}","templated":true}]}}